{"id":220,"date":"2024-11-15T09:18:38","date_gmt":"2024-11-15T09:18:38","guid":{"rendered":"https:\/\/tframesport.com\/aviso-legal-copy\/"},"modified":"2025-01-22T15:49:15","modified_gmt":"2025-01-22T14:49:15","slug":"politica-de-privacidad","status":"publish","type":"page","link":"https:\/\/tframesport.com\/en\/politica-de-privacidad\/","title":{"rendered":"Privacy Policy"},"content":{"rendered":"<div data-elementor-type=\"wp-page\" data-elementor-id=\"220\" class=\"elementor elementor-220\" data-elementor-post-type=\"page\">\n\t\t\t\t<div class=\"elementor-element elementor-element-8896771 e-flex e-con-boxed e-con e-parent\" data-id=\"8896771\" data-element_type=\"container\" data-settings=\"{&quot;background_background&quot;:&quot;classic&quot;,&quot;jet_parallax_layout_list&quot;:[]}\">\n\t\t\t\t\t<div class=\"e-con-inner\">\n\t\t\t\t<div class=\"elementor-element elementor-element-4656f10 elementor-widget elementor-widget-heading\" data-id=\"4656f10\" data-element_type=\"widget\" data-widget_type=\"heading.default\">\n\t\t\t\t<div class=\"elementor-widget-container\">\n\t\t\t\t\t<h2 class=\"elementor-heading-title elementor-size-default\">Privacy Policy<\/h2>\t\t\t\t<\/div>\n\t\t\t\t<\/div>\n\t\t\t\t\t<\/div>\n\t\t\t\t<\/div>\n\t\t<div class=\"elementor-element elementor-element-11ea52e e-flex e-con-boxed e-con e-parent\" data-id=\"11ea52e\" data-element_type=\"container\" data-settings=\"{&quot;jet_parallax_layout_list&quot;:[]}\">\n\t\t\t\t\t<div class=\"e-con-inner\">\n\t\t\t\t<div class=\"elementor-element elementor-element-09835dd elementor-widget elementor-widget-text-editor\" data-id=\"09835dd\" data-element_type=\"widget\" data-widget_type=\"text-editor.default\">\n\t\t\t\t<div class=\"elementor-widget-container\">\n\t\t\t\t\t\t\t\t\t<p><strong>Data Controller<\/strong><\/p>\n<ul>\n<li><strong>Company:<\/strong> RMB SPORTS, SL<\/li>\n<li><strong>NIF:<\/strong> B13678008<\/li>\n<li><strong>Responsible:<\/strong> Ramon Manzanera<\/li>\n<li><strong>Home:<\/strong> Carrer Corr\u00f3, 290 2-C, 08401 Granollers (Barcelona)<\/li>\n<li><strong>Phone:<\/strong> 625 218 198<\/li>\n<li><strong>Email:<\/strong> <a rel=\"noopener\">contact@sportsrmb.com<\/a><\/li>\n<\/ul>\n<p><strong>1. Identity of the Data Controller<\/strong><\/p>\n<p>In accordance with the provisions of Regulation (EU) 2016\/679 of the European Parliament and of the Council of 27 April 2016 (hereinafter, &quot;RGPD&quot;), and current regulations on data protection, we inform you that the personal data provided will be processed by <strong>RMB SPORTS, SL<\/strong>, with <strong>NIF B13678008<\/strong> and address in <strong>Calle Curro 290 2-C, 08401 Granollers (Barcelona)<\/strong>.<\/p>\n<p><strong>2. Purpose of the Treatment<\/strong><\/p>\n<p>The personal data provided by users will be processed for the purpose of managing queries made through the website, as well as to maintain the commercial relationship, where applicable, and manage the requested services.<\/p>\n<p><strong>3. Legitimation of the Treatment<\/strong><\/p>\n<p>The legal basis for the processing of your data is the consent of the interested party, which is requested at the time of providing their data, as well as the execution of a contract in the event of a business relationship.<\/p>\n<p><strong>4. Data Conservation<\/strong><\/p>\n<p>The personal data provided will be kept as long as the business relationship is maintained or for the years necessary to comply with legal obligations.<\/p>\n<p><strong>5. User Rights<\/strong><\/p>\n<p>The user has the right to access his\/her personal data, rectify it, delete it, oppose its processing, limit it, or request its portability, by writing to the email address <strong><a rel=\"noopener\">contact@sportsrmb.com<\/a><\/strong>, including a copy of your ID or equivalent document proving your identity.<\/p>\n<p><strong>6. Communication of Data to Third Parties<\/strong><\/p>\n<p>Personal data will not be transferred to third parties, unless there is a legal obligation or it is necessary for the provision of the requested service.<\/p>\n<p><strong>7. Security Measures<\/strong><\/p>\n<p><strong>RMB SPORTS, SL<\/strong> adopts the necessary security measures to guarantee the protection of the personal data processed and prevent its alteration, loss, processing or unauthorized access.<\/p>\t\t\t\t\t\t\t\t<\/div>\n\t\t\t\t<\/div>\n\t\t\t\t\t<\/div>\n\t\t\t\t<\/div>\n\t\t\t\t<\/div>","protected":false},"excerpt":{"rendered":"<p>Data Controller Company: RMB SPORTS, SL Tax ID: B13678008 Data Controller: Ram\u00f3n Manzanera Address: Carrer Corr\u00f3, 290 2-C, 08401 Granollers (Barcelona) Telephone: 625 218 198 Email: contacto@sportsrmb.com 1. Identity of the Data Controller In accordance with the provisions of Regulation (EU) 2016\/679 of the European Parliament and of the Council of 27 April 2016, [\u2026]<\/p>","protected":false},"author":1,"featured_media":0,"parent":0,"menu_order":0,"comment_status":"closed","ping_status":"closed","template":"","meta":{"footnotes":""},"class_list":["post-220","page","type-page","status-publish","hentry"],"yoast_head":"<!-- This site is optimized with the Yoast SEO plugin v26.3 - https:\/\/yoast.com\/wordpress\/plugins\/seo\/ -->\n<title>Pol\u00edtica de Privacidad - T-Frame<\/title>\n<meta name=\"robots\" content=\"index, follow, max-snippet:-1, max-image-preview:large, max-video-preview:-1\" \/>\n<link rel=\"canonical\" href=\"https:\/\/tframesport.com\/en\/politica-de-privacidad\/\" \/>\n<meta property=\"og:locale\" content=\"en_GB\" \/>\n<meta property=\"og:type\" content=\"article\" \/>\n<meta property=\"og:title\" content=\"Pol\u00edtica de Privacidad - T-Frame\" \/>\n<meta property=\"og:description\" content=\"Responsable del Tratamiento Empresa: RMB SPORTS, SL NIF: B13678008 Responsable: Ram\u00f3n Manzanera Domicilio: Carrer Corr\u00f3, 290 2-C, 08401 Granollers (Barcelona) Tel\u00e9fono: 625 218 198 Correo electr\u00f3nico: contacto@sportsrmb.com 1. Identidad del Responsable del Tratamiento De acuerdo con lo establecido en el Reglamento (UE) 2016\/679 del Parlamento Europeo y del Consejo, de 27 de abril de 2016 [&hellip;]\" \/>\n<meta property=\"og:url\" content=\"https:\/\/tframesport.com\/en\/politica-de-privacidad\/\" \/>\n<meta property=\"og:site_name\" content=\"T-Frame\" \/>\n<meta property=\"article:modified_time\" content=\"2025-01-22T14:49:15+00:00\" \/>\n<meta name=\"twitter:card\" content=\"summary_large_image\" \/>\n<meta name=\"twitter:label1\" content=\"Estimated reading time\" \/>\n\t<meta name=\"twitter:data1\" content=\"2 minutes\" \/>\n<script type=\"application\/ld+json\" class=\"yoast-schema-graph\">{\"@context\":\"https:\/\/schema.org\",\"@graph\":[{\"@type\":\"WebPage\",\"@id\":\"https:\/\/tframesport.com\/politica-de-privacidad\/\",\"url\":\"https:\/\/tframesport.com\/politica-de-privacidad\/\",\"name\":\"Pol\u00edtica de Privacidad - T-Frame\",\"isPartOf\":{\"@id\":\"https:\/\/tframesport.com\/#website\"},\"datePublished\":\"2024-11-15T09:18:38+00:00\",\"dateModified\":\"2025-01-22T14:49:15+00:00\",\"breadcrumb\":{\"@id\":\"https:\/\/tframesport.com\/politica-de-privacidad\/#breadcrumb\"},\"inLanguage\":\"en-GB\",\"potentialAction\":[{\"@type\":\"ReadAction\",\"target\":[\"https:\/\/tframesport.com\/politica-de-privacidad\/\"]}]},{\"@type\":\"BreadcrumbList\",\"@id\":\"https:\/\/tframesport.com\/politica-de-privacidad\/#breadcrumb\",\"itemListElement\":[{\"@type\":\"ListItem\",\"position\":1,\"name\":\"Portada\",\"item\":\"https:\/\/tframesport.com\/\"},{\"@type\":\"ListItem\",\"position\":2,\"name\":\"Pol\u00edtica de Privacidad\"}]},{\"@type\":\"WebSite\",\"@id\":\"https:\/\/tframesport.com\/#website\",\"url\":\"https:\/\/tframesport.com\/\",\"name\":\"T-Frame\",\"description\":\"Enmarca lo que amas, protege lo que importa\",\"publisher\":{\"@id\":\"https:\/\/tframesport.com\/#organization\"},\"potentialAction\":[{\"@type\":\"SearchAction\",\"target\":{\"@type\":\"EntryPoint\",\"urlTemplate\":\"https:\/\/tframesport.com\/?s={search_term_string}\"},\"query-input\":{\"@type\":\"PropertyValueSpecification\",\"valueRequired\":true,\"valueName\":\"search_term_string\"}}],\"inLanguage\":\"en-GB\"},{\"@type\":\"Organization\",\"@id\":\"https:\/\/tframesport.com\/#organization\",\"name\":\"T-Frame\",\"url\":\"https:\/\/tframesport.com\/\",\"logo\":{\"@type\":\"ImageObject\",\"inLanguage\":\"en-GB\",\"@id\":\"https:\/\/tframesport.com\/#\/schema\/logo\/image\/\",\"url\":\"https:\/\/tframesport.com\/wp-content\/uploads\/2024\/11\/2.png\",\"contentUrl\":\"https:\/\/tframesport.com\/wp-content\/uploads\/2024\/11\/2.png\",\"width\":800,\"height\":500,\"caption\":\"T-Frame\"},\"image\":{\"@id\":\"https:\/\/tframesport.com\/#\/schema\/logo\/image\/\"}}]}<\/script>\n<!-- \/ Yoast SEO plugin. -->","yoast_head_json":{"title":"Privacy Policy - T-Frame","robots":{"index":"index","follow":"follow","max-snippet":"max-snippet:-1","max-image-preview":"max-image-preview:large","max-video-preview":"max-video-preview:-1"},"canonical":"https:\/\/tframesport.com\/en\/politica-de-privacidad\/","og_locale":"en_GB","og_type":"article","og_title":"Pol\u00edtica de Privacidad - T-Frame","og_description":"Responsable del Tratamiento Empresa: RMB SPORTS, SL NIF: B13678008 Responsable: Ram\u00f3n Manzanera Domicilio: Carrer Corr\u00f3, 290 2-C, 08401 Granollers (Barcelona) Tel\u00e9fono: 625 218 198 Correo electr\u00f3nico: contacto@sportsrmb.com 1. Identidad del Responsable del Tratamiento De acuerdo con lo establecido en el Reglamento (UE) 2016\/679 del Parlamento Europeo y del Consejo, de 27 de abril de 2016 [&hellip;]","og_url":"https:\/\/tframesport.com\/en\/politica-de-privacidad\/","og_site_name":"T-Frame","article_modified_time":"2025-01-22T14:49:15+00:00","twitter_card":"summary_large_image","twitter_misc":{"Estimated reading time":"2 minutes"},"schema":{"@context":"https:\/\/schema.org","@graph":[{"@type":"WebPage","@id":"https:\/\/tframesport.com\/politica-de-privacidad\/","url":"https:\/\/tframesport.com\/politica-de-privacidad\/","name":"Privacy Policy - T-Frame","isPartOf":{"@id":"https:\/\/tframesport.com\/#website"},"datePublished":"2024-11-15T09:18:38+00:00","dateModified":"2025-01-22T14:49:15+00:00","breadcrumb":{"@id":"https:\/\/tframesport.com\/politica-de-privacidad\/#breadcrumb"},"inLanguage":"en-GB","potentialAction":[{"@type":"ReadAction","target":["https:\/\/tframesport.com\/politica-de-privacidad\/"]}]},{"@type":"BreadcrumbList","@id":"https:\/\/tframesport.com\/politica-de-privacidad\/#breadcrumb","itemListElement":[{"@type":"ListItem","position":1,"name":"Portada","item":"https:\/\/tframesport.com\/"},{"@type":"ListItem","position":2,"name":"Pol\u00edtica de Privacidad"}]},{"@type":"WebSite","@id":"https:\/\/tframesport.com\/#website","url":"https:\/\/tframesport.com\/","name":"T-Frame","description":"Frame what you love, protect what matters","publisher":{"@id":"https:\/\/tframesport.com\/#organization"},"potentialAction":[{"@type":"SearchAction","target":{"@type":"EntryPoint","urlTemplate":"https:\/\/tframesport.com\/?s={search_term_string}"},"query-input":{"@type":"PropertyValueSpecification","valueRequired":true,"valueName":"search_term_string"}}],"inLanguage":"en-GB"},{"@type":"Organization","@id":"https:\/\/tframesport.com\/#organization","name":"T-Frame","url":"https:\/\/tframesport.com\/","logo":{"@type":"ImageObject","inLanguage":"en-GB","@id":"https:\/\/tframesport.com\/#\/schema\/logo\/image\/","url":"https:\/\/tframesport.com\/wp-content\/uploads\/2024\/11\/2.png","contentUrl":"https:\/\/tframesport.com\/wp-content\/uploads\/2024\/11\/2.png","width":800,"height":500,"caption":"T-Frame"},"image":{"@id":"https:\/\/tframesport.com\/#\/schema\/logo\/image\/"}}]}},"_links":{"self":[{"href":"https:\/\/tframesport.com\/en\/wp-json\/wp\/v2\/pages\/220","targetHints":{"allow":["GET"]}}],"collection":[{"href":"https:\/\/tframesport.com\/en\/wp-json\/wp\/v2\/pages"}],"about":[{"href":"https:\/\/tframesport.com\/en\/wp-json\/wp\/v2\/types\/page"}],"author":[{"embeddable":true,"href":"https:\/\/tframesport.com\/en\/wp-json\/wp\/v2\/users\/1"}],"replies":[{"embeddable":true,"href":"https:\/\/tframesport.com\/en\/wp-json\/wp\/v2\/comments?post=220"}],"version-history":[{"count":10,"href":"https:\/\/tframesport.com\/en\/wp-json\/wp\/v2\/pages\/220\/revisions"}],"predecessor-version":[{"id":1063,"href":"https:\/\/tframesport.com\/en\/wp-json\/wp\/v2\/pages\/220\/revisions\/1063"}],"wp:attachment":[{"href":"https:\/\/tframesport.com\/en\/wp-json\/wp\/v2\/media?parent=220"}],"curies":[{"name":"wp","href":"https:\/\/api.w.org\/{rel}","templated":true}]}}