{"id":213,"date":"2024-11-15T09:10:52","date_gmt":"2024-11-15T09:10:52","guid":{"rendered":"https:\/\/tframesport.com\/?page_id=213"},"modified":"2025-01-22T15:49:01","modified_gmt":"2025-01-22T14:49:01","slug":"aviso-legal","status":"publish","type":"page","link":"https:\/\/tframesport.com\/en\/aviso-legal\/","title":{"rendered":"Legal notice"},"content":{"rendered":"<div data-elementor-type=\"wp-page\" data-elementor-id=\"213\" class=\"elementor elementor-213\" data-elementor-post-type=\"page\">\n\t\t\t\t<div class=\"elementor-element elementor-element-8896771 e-flex e-con-boxed e-con e-parent\" data-id=\"8896771\" data-element_type=\"container\" data-settings=\"{&quot;background_background&quot;:&quot;classic&quot;,&quot;jet_parallax_layout_list&quot;:[]}\">\n\t\t\t\t\t<div class=\"e-con-inner\">\n\t\t\t\t<div class=\"elementor-element elementor-element-4656f10 elementor-widget elementor-widget-heading\" data-id=\"4656f10\" data-element_type=\"widget\" data-widget_type=\"heading.default\">\n\t\t\t\t<div class=\"elementor-widget-container\">\n\t\t\t\t\t<h2 class=\"elementor-heading-title elementor-size-default\">Legal notice<\/h2>\t\t\t\t<\/div>\n\t\t\t\t<\/div>\n\t\t\t\t\t<\/div>\n\t\t\t\t<\/div>\n\t\t<div class=\"elementor-element elementor-element-11ea52e e-flex e-con-boxed e-con e-parent\" data-id=\"11ea52e\" data-element_type=\"container\" data-settings=\"{&quot;jet_parallax_layout_list&quot;:[]}\">\n\t\t\t\t\t<div class=\"e-con-inner\">\n\t\t\t\t<div class=\"elementor-element elementor-element-09835dd elementor-widget elementor-widget-text-editor\" data-id=\"09835dd\" data-element_type=\"widget\" data-widget_type=\"text-editor.default\">\n\t\t\t\t<div class=\"elementor-widget-container\">\n\t\t\t\t\t\t\t\t\t<p><strong>1. General Information<\/strong><\/p>\n<p>In compliance with Law 34\/2002, of July 11, on Information Society Services and Electronic Commerce (LSSI-CE), the following information is provided:<\/p>\n<ul>\n<li><strong>Company:<\/strong> RMB SPORTS, SL<\/li>\n<li><strong>NIF:<\/strong> B13678008<\/li>\n<li><strong>Responsible:<\/strong> Ramon Manzanera<\/li>\n<li><strong>Home:<\/strong> Carrer Corr\u00f3, 290 2-C, 08401 Granollers (Barcelona)<\/li>\n<li><strong>Phone:<\/strong> 625 218 198<\/li>\n<li><strong>Email:<\/strong> <a rel=\"noopener\">contact@sportsrmb.com<\/a><\/li>\n<\/ul>\n<p>Access and\/or use of this portal attributes the condition of USER, who accepts, from said access and\/or use, the General Conditions of Use reflected here.<\/p>\n<p><strong>2. Object<\/strong><\/p>\n<p>This Legal Notice regulates access to and use of the website, as well as the responsibilities arising from the use of its contents, including texts, graphics and any other information available on it.<\/p>\n<p><strong>3. Conditions of Use<\/strong><\/p>\n<p>Access to and use of the website confers the status of user and implies acceptance of these conditions. The user undertakes to use the website in accordance with the law, morality, good customs and public order.<\/p>\n<p><strong>4. Exclusion of Liability<\/strong><\/p>\n<p><strong>RMB SPORTS, SL<\/strong> shall not be liable for any damages or losses that may arise from interference, omissions, interruptions, computer viruses, telephone breakdowns or disconnections in the operational functioning of the electronic system, caused by reasons beyond its control.<\/p>\n<p><strong>5. Intellectual and Industrial Property<\/strong><\/p>\n<p>All contents of the website, unless otherwise indicated, are the exclusive property of <strong>RMB SPORTS, SL<\/strong> or has an express license or authorization for its use. Its reproduction, distribution, public communication and transformation are prohibited without the express authorization of the owner.<\/p>\n<p><strong>6. Link Policy<\/strong><\/p>\n<p>The website may contain links to third party websites. <strong>RMB SPORTS, SL<\/strong> is not responsible for the content, information or services that may appear on said sites, which will be for informational purposes only.<\/p>\n<p><strong>7. Modifications<\/strong><\/p>\n<p><strong>RMB SPORTS, SL<\/strong> reserves the right to modify the presentation and configuration of the website, as well as these conditions, at any time and without prior notice.<\/p>\n<p><strong>8. Applicable Legislation and Jurisdiction<\/strong><\/p>\n<p>This Legal Notice is governed by Spanish law. For the resolution of any dispute that may arise in relation to the website or the activities carried out on it, Spanish law will apply, to which the parties expressly submit.<\/p>\t\t\t\t\t\t\t\t<\/div>\n\t\t\t\t<\/div>\n\t\t\t\t\t<\/div>\n\t\t\t\t<\/div>\n\t\t\t\t<\/div>","protected":false},"excerpt":{"rendered":"<p>1. General Information In compliance with Law 34\/2002, of July 11, on Information Society Services and Electronic Commerce (LSSI-CE), the following information is provided: Company: RMB SPORTS, SL NIF: B13678008 Responsible: Ram\u00f3n Manzanera Address: Carrer Corr\u00f3, 290 2-C, 08401 Granollers (Barcelona) Telephone: 625 218 198 Email: [\u2026]<\/p>","protected":false},"author":1,"featured_media":0,"parent":0,"menu_order":0,"comment_status":"closed","ping_status":"closed","template":"","meta":{"footnotes":""},"class_list":["post-213","page","type-page","status-publish","hentry"],"yoast_head":"<!-- This site is optimized with the Yoast SEO plugin v26.3 - https:\/\/yoast.com\/wordpress\/plugins\/seo\/ -->\n<title>Aviso legal - T-Frame<\/title>\n<meta name=\"robots\" content=\"index, follow, max-snippet:-1, max-image-preview:large, max-video-preview:-1\" \/>\n<link rel=\"canonical\" href=\"https:\/\/tframesport.com\/en\/aviso-legal\/\" \/>\n<meta property=\"og:locale\" content=\"en_GB\" \/>\n<meta property=\"og:type\" content=\"article\" \/>\n<meta property=\"og:title\" content=\"Aviso legal - T-Frame\" \/>\n<meta property=\"og:description\" content=\"1. Informaci\u00f3n General En cumplimiento con la Ley 34\/2002, de 11 de julio, de Servicios de la Sociedad de la Informaci\u00f3n y de Comercio Electr\u00f3nico (LSSI-CE), se informa de los siguientes datos: Empresa: RMB SPORTS, SL NIF: B13678008 Responsable: Ram\u00f3n Manzanera Domicilio: Carrer Corr\u00f3, 290 2-C, 08401 Granollers (Barcelona) Tel\u00e9fono: 625 218 198 Correo electr\u00f3nico: [&hellip;]\" \/>\n<meta property=\"og:url\" content=\"https:\/\/tframesport.com\/en\/aviso-legal\/\" \/>\n<meta property=\"og:site_name\" content=\"T-Frame\" \/>\n<meta property=\"article:modified_time\" content=\"2025-01-22T14:49:01+00:00\" \/>\n<meta name=\"twitter:card\" content=\"summary_large_image\" \/>\n<meta name=\"twitter:label1\" content=\"Estimated reading time\" \/>\n\t<meta name=\"twitter:data1\" content=\"2 minutes\" \/>\n<script type=\"application\/ld+json\" class=\"yoast-schema-graph\">{\"@context\":\"https:\/\/schema.org\",\"@graph\":[{\"@type\":\"WebPage\",\"@id\":\"https:\/\/tframesport.com\/aviso-legal\/\",\"url\":\"https:\/\/tframesport.com\/aviso-legal\/\",\"name\":\"Aviso legal - T-Frame\",\"isPartOf\":{\"@id\":\"https:\/\/tframesport.com\/#website\"},\"datePublished\":\"2024-11-15T09:10:52+00:00\",\"dateModified\":\"2025-01-22T14:49:01+00:00\",\"breadcrumb\":{\"@id\":\"https:\/\/tframesport.com\/aviso-legal\/#breadcrumb\"},\"inLanguage\":\"en-GB\",\"potentialAction\":[{\"@type\":\"ReadAction\",\"target\":[\"https:\/\/tframesport.com\/aviso-legal\/\"]}]},{\"@type\":\"BreadcrumbList\",\"@id\":\"https:\/\/tframesport.com\/aviso-legal\/#breadcrumb\",\"itemListElement\":[{\"@type\":\"ListItem\",\"position\":1,\"name\":\"Portada\",\"item\":\"https:\/\/tframesport.com\/\"},{\"@type\":\"ListItem\",\"position\":2,\"name\":\"Aviso legal\"}]},{\"@type\":\"WebSite\",\"@id\":\"https:\/\/tframesport.com\/#website\",\"url\":\"https:\/\/tframesport.com\/\",\"name\":\"T-Frame\",\"description\":\"Enmarca lo que amas, protege lo que importa\",\"publisher\":{\"@id\":\"https:\/\/tframesport.com\/#organization\"},\"potentialAction\":[{\"@type\":\"SearchAction\",\"target\":{\"@type\":\"EntryPoint\",\"urlTemplate\":\"https:\/\/tframesport.com\/?s={search_term_string}\"},\"query-input\":{\"@type\":\"PropertyValueSpecification\",\"valueRequired\":true,\"valueName\":\"search_term_string\"}}],\"inLanguage\":\"en-GB\"},{\"@type\":\"Organization\",\"@id\":\"https:\/\/tframesport.com\/#organization\",\"name\":\"T-Frame\",\"url\":\"https:\/\/tframesport.com\/\",\"logo\":{\"@type\":\"ImageObject\",\"inLanguage\":\"en-GB\",\"@id\":\"https:\/\/tframesport.com\/#\/schema\/logo\/image\/\",\"url\":\"https:\/\/tframesport.com\/wp-content\/uploads\/2024\/11\/2.png\",\"contentUrl\":\"https:\/\/tframesport.com\/wp-content\/uploads\/2024\/11\/2.png\",\"width\":800,\"height\":500,\"caption\":\"T-Frame\"},\"image\":{\"@id\":\"https:\/\/tframesport.com\/#\/schema\/logo\/image\/\"}}]}<\/script>\n<!-- \/ Yoast SEO plugin. -->","yoast_head_json":{"title":"Legal Notice - T-Frame","robots":{"index":"index","follow":"follow","max-snippet":"max-snippet:-1","max-image-preview":"max-image-preview:large","max-video-preview":"max-video-preview:-1"},"canonical":"https:\/\/tframesport.com\/en\/aviso-legal\/","og_locale":"en_GB","og_type":"article","og_title":"Aviso legal - T-Frame","og_description":"1. Informaci\u00f3n General En cumplimiento con la Ley 34\/2002, de 11 de julio, de Servicios de la Sociedad de la Informaci\u00f3n y de Comercio Electr\u00f3nico (LSSI-CE), se informa de los siguientes datos: Empresa: RMB SPORTS, SL NIF: B13678008 Responsable: Ram\u00f3n Manzanera Domicilio: Carrer Corr\u00f3, 290 2-C, 08401 Granollers (Barcelona) Tel\u00e9fono: 625 218 198 Correo electr\u00f3nico: [&hellip;]","og_url":"https:\/\/tframesport.com\/en\/aviso-legal\/","og_site_name":"T-Frame","article_modified_time":"2025-01-22T14:49:01+00:00","twitter_card":"summary_large_image","twitter_misc":{"Estimated reading time":"2 minutes"},"schema":{"@context":"https:\/\/schema.org","@graph":[{"@type":"WebPage","@id":"https:\/\/tframesport.com\/aviso-legal\/","url":"https:\/\/tframesport.com\/aviso-legal\/","name":"Legal Notice - T-Frame","isPartOf":{"@id":"https:\/\/tframesport.com\/#website"},"datePublished":"2024-11-15T09:10:52+00:00","dateModified":"2025-01-22T14:49:01+00:00","breadcrumb":{"@id":"https:\/\/tframesport.com\/aviso-legal\/#breadcrumb"},"inLanguage":"en-GB","potentialAction":[{"@type":"ReadAction","target":["https:\/\/tframesport.com\/aviso-legal\/"]}]},{"@type":"BreadcrumbList","@id":"https:\/\/tframesport.com\/aviso-legal\/#breadcrumb","itemListElement":[{"@type":"ListItem","position":1,"name":"Portada","item":"https:\/\/tframesport.com\/"},{"@type":"ListItem","position":2,"name":"Aviso legal"}]},{"@type":"WebSite","@id":"https:\/\/tframesport.com\/#website","url":"https:\/\/tframesport.com\/","name":"T-Frame","description":"Frame what you love, protect what matters","publisher":{"@id":"https:\/\/tframesport.com\/#organization"},"potentialAction":[{"@type":"SearchAction","target":{"@type":"EntryPoint","urlTemplate":"https:\/\/tframesport.com\/?s={search_term_string}"},"query-input":{"@type":"PropertyValueSpecification","valueRequired":true,"valueName":"search_term_string"}}],"inLanguage":"en-GB"},{"@type":"Organization","@id":"https:\/\/tframesport.com\/#organization","name":"T-Frame","url":"https:\/\/tframesport.com\/","logo":{"@type":"ImageObject","inLanguage":"en-GB","@id":"https:\/\/tframesport.com\/#\/schema\/logo\/image\/","url":"https:\/\/tframesport.com\/wp-content\/uploads\/2024\/11\/2.png","contentUrl":"https:\/\/tframesport.com\/wp-content\/uploads\/2024\/11\/2.png","width":800,"height":500,"caption":"T-Frame"},"image":{"@id":"https:\/\/tframesport.com\/#\/schema\/logo\/image\/"}}]}},"_links":{"self":[{"href":"https:\/\/tframesport.com\/en\/wp-json\/wp\/v2\/pages\/213","targetHints":{"allow":["GET"]}}],"collection":[{"href":"https:\/\/tframesport.com\/en\/wp-json\/wp\/v2\/pages"}],"about":[{"href":"https:\/\/tframesport.com\/en\/wp-json\/wp\/v2\/types\/page"}],"author":[{"embeddable":true,"href":"https:\/\/tframesport.com\/en\/wp-json\/wp\/v2\/users\/1"}],"replies":[{"embeddable":true,"href":"https:\/\/tframesport.com\/en\/wp-json\/wp\/v2\/comments?post=213"}],"version-history":[{"count":10,"href":"https:\/\/tframesport.com\/en\/wp-json\/wp\/v2\/pages\/213\/revisions"}],"predecessor-version":[{"id":1060,"href":"https:\/\/tframesport.com\/en\/wp-json\/wp\/v2\/pages\/213\/revisions\/1060"}],"wp:attachment":[{"href":"https:\/\/tframesport.com\/en\/wp-json\/wp\/v2\/media?parent=213"}],"curies":[{"name":"wp","href":"https:\/\/api.w.org\/{rel}","templated":true}]}}