{"id":1556,"date":"2025-09-01T07:02:16","date_gmt":"2025-09-01T05:02:16","guid":{"rendered":"https:\/\/tframesport.com\/?page_id=1556"},"modified":"2025-09-01T07:29:56","modified_gmt":"2025-09-01T05:29:56","slug":"marco-para-camiseta-de-futbol-en-barcelona","status":"publish","type":"page","link":"https:\/\/tframesport.com\/en\/marco-para-camiseta-de-futbol-en-barcelona\/","title":{"rendered":"Barcelona football shirt frame"},"content":{"rendered":"<div data-elementor-type=\"wp-page\" data-elementor-id=\"1556\" class=\"elementor elementor-1556\" data-elementor-post-type=\"page\">\n\t\t\t\t<div class=\"elementor-element elementor-element-4ff7dde e-flex e-con-boxed e-con e-parent\" data-id=\"4ff7dde\" data-element_type=\"container\" data-settings=\"{&quot;background_background&quot;:&quot;classic&quot;,&quot;jet_parallax_layout_list&quot;:[]}\">\n\t\t\t\t\t<div class=\"e-con-inner\">\n\t\t\t\t<div class=\"elementor-element elementor-element-96584c3 elementor-widget elementor-widget-heading\" data-id=\"96584c3\" data-element_type=\"widget\" data-widget_type=\"heading.default\">\n\t\t\t\t<div class=\"elementor-widget-container\">\n\t\t\t\t\t<h1 class=\"elementor-heading-title elementor-size-default\">Barcelona football shirt frame<\/h1>\t\t\t\t<\/div>\n\t\t\t\t<\/div>\n\t\t\t\t\t<\/div>\n\t\t\t\t<\/div>\n\t\t<div class=\"elementor-element elementor-element-de11fe5 e-flex e-con-boxed e-con e-parent\" data-id=\"de11fe5\" data-element_type=\"container\" data-settings=\"{&quot;jet_parallax_layout_list&quot;:[]}\">\n\t\t\t\t\t<div class=\"e-con-inner\">\n\t\t<div class=\"elementor-element elementor-element-381d0c9 e-con-full e-flex e-con e-child\" data-id=\"381d0c9\" data-element_type=\"container\" data-settings=\"{&quot;jet_parallax_layout_list&quot;:[],&quot;background_background&quot;:&quot;classic&quot;}\">\n\t\t\t\t<\/div>\n\t\t<div class=\"elementor-element elementor-element-8d27f53 e-con-full e-flex e-con e-child\" data-id=\"8d27f53\" data-element_type=\"container\" data-settings=\"{&quot;jet_parallax_layout_list&quot;:[]}\">\n\t\t\t\t<div class=\"elementor-element elementor-element-42d6cbf elementor-widget elementor-widget-text-editor\" data-id=\"42d6cbf\" data-element_type=\"widget\" data-widget_type=\"text-editor.default\">\n\t\t\t\t<div class=\"elementor-widget-container\">\n\t\t\t\t\t\t\t\t\t<h1 data-start=\"60\" data-end=\"142\">Barcelona football shirt frame: preserve your memories with T-Frame<\/h1><p data-start=\"144\" data-end=\"595\">Preserving a signed jersey, a souvenir from a historic match, or that piece of clothing with sentimental value deserves much more than being stored in a drawer. If you&#039;re looking for a <strong data-start=\"304\" data-end=\"350\">frame for a football shirt in Barcelona<\/strong>At T-Frame, you&#039;ll find the perfect solution for displaying your sports equipment with elegance, quality, and security. Our goal is to help you transform a simple souvenir into a work of art that stands out in your home, office, or business.<\/p><h2 data-start=\"597\" data-end=\"684\">Barcelona football shirt frame: a design designed to highlight your passion<\/h2><p data-start=\"686\" data-end=\"1320\">A <strong data-start=\"689\" data-end=\"735\">frame for a football shirt in Barcelona<\/strong> It shouldn&#039;t just be a showcase, but a piece that enhances the value of the garment it protects. At T-Frame, we design and manufacture specialized frames that keep the shirt&#039;s shape intact, preventing wrinkles and damage to the fabric.<br data-start=\"976\" data-end=\"979\" \/>We also work with top-quality materials that guarantee durability, protection from dust and moisture, and a finish that adapts to any decorative style. Whether it&#039;s a T-shirt signed by your idols or a garment with emotional value, with T-Frame you can display it professionally and sustainably.<\/p>\t\t\t\t\t\t\t\t<\/div>\n\t\t\t\t<\/div>\n\t\t\t\t<\/div>\n\t\t\t\t\t<\/div>\n\t\t\t\t<\/div>\n\t\t<div class=\"elementor-element elementor-element-7a32a1f e-flex e-con-boxed e-con e-parent\" data-id=\"7a32a1f\" data-element_type=\"container\" data-settings=\"{&quot;jet_parallax_layout_list&quot;:[],&quot;background_background&quot;:&quot;classic&quot;}\">\n\t\t\t\t\t<div class=\"e-con-inner\">\n\t\t<div class=\"elementor-element elementor-element-7f9c90c e-con-full e-flex e-con e-child\" data-id=\"7f9c90c\" data-element_type=\"container\" data-settings=\"{&quot;jet_parallax_layout_list&quot;:[]}\">\n\t\t\t\t<div class=\"elementor-element elementor-element-bd4d279 elementor-widget elementor-widget-text-editor\" data-id=\"bd4d279\" data-element_type=\"widget\" data-widget_type=\"text-editor.default\">\n\t\t\t\t<div class=\"elementor-widget-container\">\n\t\t\t\t\t\t\t\t\t<h2 data-start=\"1322\" data-end=\"1398\">Barcelona football shirt frame: trust in expert hands<\/h2><p data-start=\"1400\" data-end=\"2030\">With years of experience in the sector, at T-Frame we have created a methodology that combines artisanal precision and modern technology. Each <strong data-start=\"1537\" data-end=\"1583\">frame for a football shirt in Barcelona<\/strong> that we manufacture is designed to offer a perfect and secure fit, without compromising the integrity of the garment.<br data-start=\"1697\" data-end=\"1700\" \/>Our team provides personalized advice to each client to ensure the final result not only protects but also highlights the importance of the jersey. We also offer various finishes and customization options so each frame is as unique as the story behind each jersey.<\/p><h2 data-start=\"2032\" data-end=\"2124\">Barcelona football shirt frame: the choice of collectors and fans<\/h2><p data-start=\"2126\" data-end=\"2645\">Opt for a <strong data-start=\"2139\" data-end=\"2185\">frame for a football shirt in Barcelona<\/strong> T-Frame&#039;s commitment isn&#039;t just a matter of aesthetics; it&#039;s also a way to invest in the preservation of sports memorabilia. Our clients range from professional collectors to amateurs who want to frame their first team jersey or a memento of an unforgettable match.<br data-start=\"2478\" data-end=\"2481\" \/>With T-Frame, your jersey becomes a centerpiece that speaks to your passion for football and your commitment to keeping it in top condition.<\/p>\t\t\t\t\t\t\t\t<\/div>\n\t\t\t\t<\/div>\n\t\t\t\t<\/div>\n\t\t<div class=\"elementor-element elementor-element-60de7fc e-con-full e-flex e-con e-child\" data-id=\"60de7fc\" data-element_type=\"container\" data-settings=\"{&quot;jet_parallax_layout_list&quot;:[],&quot;background_background&quot;:&quot;classic&quot;}\">\n\t\t\t\t<\/div>\n\t\t\t\t\t<\/div>\n\t\t\t\t<\/div>\n\t\t<div class=\"elementor-element elementor-element-3d34a26 e-flex e-con-boxed e-con e-parent\" data-id=\"3d34a26\" data-element_type=\"container\" data-settings=\"{&quot;background_background&quot;:&quot;classic&quot;,&quot;jet_parallax_layout_list&quot;:[]}\">\n\t\t\t\t\t<div class=\"e-con-inner\">\n\t\t<div class=\"elementor-element elementor-element-97cbd8d e-con-full e-flex e-con e-child\" data-id=\"97cbd8d\" data-element_type=\"container\" data-settings=\"{&quot;jet_parallax_layout_list&quot;:[]}\">\n\t\t<div class=\"elementor-element elementor-element-8a557bb e-con-full e-flex e-con e-child\" data-id=\"8a557bb\" data-element_type=\"container\" data-settings=\"{&quot;jet_parallax_layout_list&quot;:[]}\">\n\t\t\t\t<div class=\"elementor-element elementor-element-98eb872 elementor-widget elementor-widget-heading\" data-id=\"98eb872\" data-element_type=\"widget\" data-widget_type=\"heading.default\">\n\t\t\t\t<div class=\"elementor-widget-container\">\n\t\t\t\t\t<h2 class=\"elementor-heading-title elementor-size-default\">Do you have any questions? <br>We are here to help you.<\/h2>\t\t\t\t<\/div>\n\t\t\t\t<\/div>\n\t\t\t\t<div class=\"elementor-element elementor-element-2561332 elementor-widget__width-initial elementor-widget elementor-widget-text-editor\" data-id=\"2561332\" data-element_type=\"widget\" data-widget_type=\"text-editor.default\">\n\t\t\t\t<div class=\"elementor-widget-container\">\n\t\t\t\t\t\t\t\t\t<p><span style=\"font-weight: 400;\">At T-FRAME we want you to have the best possible experience, which is why we are available to answer any questions or queries you may have about our t-shirt frames.\u00a0<\/span><\/p><p><span style=\"font-weight: 400;\">Fill out the form below and we will get back to you quickly!<\/span><\/p>\t\t\t\t\t\t\t\t<\/div>\n\t\t\t\t<\/div>\n\t\t\t\t<div class=\"elementor-element elementor-element-c626da8 elementor-widget elementor-widget-heading\" data-id=\"c626da8\" data-element_type=\"widget\" data-widget_type=\"heading.default\">\n\t\t\t\t<div class=\"elementor-widget-container\">\n\t\t\t\t\t<h2 class=\"elementor-heading-title elementor-size-default\">Or contact us directly via:<\/h2>\t\t\t\t<\/div>\n\t\t\t\t<\/div>\n\t\t\t\t<div class=\"elementor-element elementor-element-8a4ed11 elementor-mobile-align-left elementor-icon-list--layout-traditional elementor-list-item-link-full_width elementor-widget elementor-widget-icon-list\" data-id=\"8a4ed11\" data-element_type=\"widget\" data-widget_type=\"icon-list.default\">\n\t\t\t\t<div class=\"elementor-widget-container\">\n\t\t\t\t\t\t\t<ul class=\"elementor-icon-list-items\">\n\t\t\t\t\t\t\t<li class=\"elementor-icon-list-item\">\n\t\t\t\t\t\t\t\t\t\t\t<a href=\"mailto:info@tframesport.com\" target=\"_blank\">\n\n\t\t\t\t\t\t\t\t\t\t\t\t<span class=\"elementor-icon-list-icon\">\n\t\t\t\t\t\t\t<svg aria-hidden=\"true\" class=\"e-font-icon-svg e-fas-envelope\" viewbox=\"0 0 512 512\" xmlns=\"http:\/\/www.w3.org\/2000\/svg\"><path d=\"M502.3 190.8c3.9-3.1 9.7-.2 9.7 4.7V400c0 26.5-21.5 48-48 48H48c-26.5 0-48-21.5-48-48V195.6c0-5 5.7-7.8 9.7-4.7 22.4 17.4 52.1 39.5 154.1 113.6 21.1 15.4 56.7 47.8 92.2 47.6 35.7.3 72-32.8 92.3-47.6 102-74.1 131.6-96.3 154-113.7zM256 320c23.2.4 56.6-29.2 73.4-41.4 132.7-96.3 142.8-104.7 173.4-128.7 5.8-4.5 9.2-11.5 9.2-18.9v-19c0-26.5-21.5-48-48-48H48C21.5 64 0 85.5 0 112v19c0 7.4 3.4 14.3 9.2 18.9 30.6 23.9 40.7 32.4 173.4 128.7 16.8 12.2 50.2 41.8 73.4 41.4z\"><\/path><\/svg>\t\t\t\t\t\t<\/span>\n\t\t\t\t\t\t\t\t\t\t<span class=\"elementor-icon-list-text\">info@tframesport.com<\/span>\n\t\t\t\t\t\t\t\t\t\t\t<\/a>\n\t\t\t\t\t\t\t\t\t<\/li>\n\t\t\t\t\t\t<\/ul>\n\t\t\t\t\t\t<\/div>\n\t\t\t\t<\/div>\n\t\t\t\t<\/div>\n\t\t<div class=\"elementor-element elementor-element-5af7de6 e-con-full e-flex e-con e-child\" data-id=\"5af7de6\" data-element_type=\"container\" data-settings=\"{&quot;background_background&quot;:&quot;classic&quot;,&quot;jet_parallax_layout_list&quot;:[]}\">\n\t\t\t\t<div class=\"elementor-element elementor-element-7ad3de0 elementor-button-align-stretch elementor-widget elementor-widget-form\" data-id=\"7ad3de0\" data-element_type=\"widget\" data-settings=\"{&quot;step_next_label&quot;:&quot;Next&quot;,&quot;step_previous_label&quot;:&quot;Previous&quot;,&quot;button_width&quot;:&quot;100&quot;,&quot;step_type&quot;:&quot;number_text&quot;,&quot;step_icon_shape&quot;:&quot;circle&quot;}\" data-widget_type=\"form.default\">\n\t\t\t\t<div class=\"elementor-widget-container\">\n\t\t\t\t\t\t\t<form class=\"elementor-form\" method=\"post\" name=\"Nou formulari\" aria-label=\"Nou formulari\" action=\"\">\n\t\t\t<input type=\"hidden\" name=\"post_id\" value=\"1556\"\/>\n\t\t\t<input type=\"hidden\" name=\"form_id\" value=\"7ad3de0\"\/>\n\t\t\t<input type=\"hidden\" name=\"referer_title\" value=\"T-Frame\" \/>\n\n\t\t\t\n\t\t\t<div class=\"elementor-form-fields-wrapper elementor-labels-above\">\n\t\t\t\t\t\t\t\t<div class=\"elementor-field-type-text elementor-field-group elementor-column elementor-field-group-name elementor-col-50 elementor-field-required\">\n\t\t\t\t\t\t\t\t\t\t\t\t<label for=\"form-field-name\" class=\"elementor-field-label\">\n\t\t\t\t\t\t\t\tName*\t\t\t\t\t\t\t<\/label>\n\t\t\t\t\t\t\t\t\t\t\t\t\t\t<input size=\"1\" type=\"text\" name=\"form_fields[name]\" id=\"form-field-name\" class=\"elementor-field elementor-size-sm  elementor-field-textual\" required=\"required\">\n\t\t\t\t\t\t\t\t\t\t\t<\/div>\n\t\t\t\t\t\t\t\t<div class=\"elementor-field-type-email elementor-field-group elementor-column elementor-field-group-email elementor-col-50 elementor-field-required\">\n\t\t\t\t\t\t\t\t\t\t\t\t<label for=\"form-field-email\" class=\"elementor-field-label\">\n\t\t\t\t\t\t\t\tEmail*\t\t\t\t\t\t\t<\/label>\n\t\t\t\t\t\t\t\t\t\t\t\t\t\t<input size=\"1\" type=\"email\" name=\"form_fields[email]\" id=\"form-field-email\" class=\"elementor-field elementor-size-sm  elementor-field-textual\" required=\"required\">\n\t\t\t\t\t\t\t\t\t\t\t<\/div>\n\t\t\t\t\t\t\t\t<div class=\"elementor-field-type-tel elementor-field-group elementor-column elementor-field-group-field_859852b elementor-col-100 elementor-field-required\">\n\t\t\t\t\t\t\t\t\t\t\t\t<label for=\"form-field-field_859852b\" class=\"elementor-field-label\">\n\t\t\t\t\t\t\t\tPhone*\t\t\t\t\t\t\t<\/label>\n\t\t\t\t\t\t\t\t<input size=\"1\" type=\"tel\" name=\"form_fields[field_859852b]\" id=\"form-field-field_859852b\" class=\"elementor-field elementor-size-sm  elementor-field-textual\" required=\"required\" pattern=\"[0-9()#&amp;+*-=.]+\" title=\"Only numbers and phone characters (#, -, *, etc) are accepted.\">\n\n\t\t\t\t\t\t<\/div>\n\t\t\t\t\t\t\t\t<div class=\"elementor-field-type-textarea elementor-field-group elementor-column elementor-field-group-message elementor-col-100 elementor-field-required\">\n\t\t\t\t\t\t\t\t\t\t\t\t<label for=\"form-field-message\" class=\"elementor-field-label\">\n\t\t\t\t\t\t\t\tMessage*\t\t\t\t\t\t\t<\/label>\n\t\t\t\t\t\t<textarea class=\"elementor-field-textual elementor-field  elementor-size-sm\" name=\"form_fields[message]\" id=\"form-field-message\" rows=\"4\" required=\"required\"><\/textarea>\t\t\t\t<\/div>\n\t\t\t\t\t\t\t\t<div class=\"elementor-field-type-acceptance elementor-field-group elementor-column elementor-field-group-field_531ca8f elementor-col-100 elementor-field-required\">\n\t\t\t\t\t\t\t<div class=\"elementor-field-subgroup\">\n\t\t\t<span class=\"elementor-field-option\">\n\t\t\t\t<input type=\"checkbox\" name=\"form_fields[field_531ca8f]\" id=\"form-field-field_531ca8f\" class=\"elementor-field elementor-size-sm  elementor-acceptance-field\" required=\"required\">\n\t\t\t\t<label for=\"form-field-field_531ca8f\"><span >I accept the <a href=\"https:\/\/tframesport.com\/en\/politica-de-privacidad\/\">Privacy Policy<\/a> and sending information.<\/span><\/label>\t\t\t<\/span>\n\t\t<\/div>\n\t\t\t\t\t\t<\/div>\n\t\t\t\t\t\t\t\t<div class=\"elementor-field-type-recaptcha_v3 elementor-field-group elementor-column elementor-field-group-field_cc39f3d elementor-col-100 recaptcha_v3-bottomleft\">\n\t\t\t\t\t<div class=\"elementor-field\" id=\"form-field-field_cc39f3d\"><div class=\"elementor-g-recaptcha\" data-sitekey=\"6Ldv0KMqAAAAAEi7JXvVAPnVNtIdk63sT4hkFePy\" data-type=\"v3\" data-action=\"Form\" data-badge=\"bottomleft\" data-size=\"invisible\"><\/div><\/div>\t\t\t\t<\/div>\n\t\t\t\t\t\t\t\t<div class=\"elementor-field-type-text\">\n\t\t\t\t\t<input size=\"1\" type=\"text\" name=\"form_fields[field_37a2a12]\" id=\"form-field-field_37a2a12\" class=\"elementor-field elementor-size-sm\" style=\"display:none !important;\">\t\t\t\t<\/div>\n\t\t\t\t\t\t\t\t<div class=\"elementor-field-group elementor-column elementor-field-type-submit elementor-col-100 e-form__buttons\">\n\t\t\t\t\t<button class=\"elementor-button elementor-size-sm\" type=\"submit\">\n\t\t\t\t\t\t<span class=\"elementor-button-content-wrapper\">\n\t\t\t\t\t\t\t\t\t\t\t\t\t\t\t\t\t\t\t\t\t\t<span class=\"elementor-button-text\">Send<\/span>\n\t\t\t\t\t\t\t\t\t\t\t\t\t<\/span>\n\t\t\t\t\t<\/button>\n\t\t\t\t<\/div>\n\t\t\t<\/div>\n\t\t<input type=\"hidden\" name=\"trp-form-language\" value=\"en\"\/><\/form>\n\t\t\t\t\t\t<\/div>\n\t\t\t\t<\/div>\n\t\t\t\t<\/div>\n\t\t\t\t<\/div>\n\t\t\t\t\t<\/div>\n\t\t\t\t<\/div>\n\t\t\t\t<\/div>","protected":false},"excerpt":{"rendered":"<p>Football Shirt Frame in Barcelona Football Shirt Frame in Barcelona: Preserve Your Memories with T-Frame Preserving a signed jersey, a memento of a historic match, or that sentimental piece of clothing deserves much more than being stored in a drawer. If you&#039;re looking for a football shirt frame in Barcelona, at T-Frame [\u2026]<\/p>","protected":false},"author":2,"featured_media":0,"parent":0,"menu_order":0,"comment_status":"closed","ping_status":"closed","template":"","meta":{"footnotes":""},"class_list":["post-1556","page","type-page","status-publish","hentry"],"yoast_head":"<!-- This site is optimized with the Yoast SEO plugin v26.3 - https:\/\/yoast.com\/wordpress\/plugins\/seo\/ -->\n<title>Marco para camiseta de f\u00fatbol en Barcelona - T-Frame<\/title>\n<meta name=\"robots\" content=\"index, follow, max-snippet:-1, max-image-preview:large, max-video-preview:-1\" \/>\n<link rel=\"canonical\" href=\"https:\/\/tframesport.com\/en\/marco-para-camiseta-de-futbol-en-barcelona\/\" \/>\n<meta property=\"og:locale\" content=\"en_GB\" \/>\n<meta property=\"og:type\" content=\"article\" \/>\n<meta property=\"og:title\" content=\"Marco para camiseta de f\u00fatbol en Barcelona - T-Frame\" \/>\n<meta property=\"og:description\" content=\"Marco para camiseta de f\u00fatbol en Barcelona Marco para camiseta de f\u00fatbol en Barcelona: preserva tus recuerdos con T-Frame Conservar una camiseta firmada, un recuerdo de un partido hist\u00f3rico o esa prenda con valor sentimental merece mucho m\u00e1s que guardarse en un caj\u00f3n. Si buscas un marco para camiseta de f\u00fatbol en Barcelona, en T-Frame [&hellip;]\" \/>\n<meta property=\"og:url\" content=\"https:\/\/tframesport.com\/en\/marco-para-camiseta-de-futbol-en-barcelona\/\" \/>\n<meta property=\"og:site_name\" content=\"T-Frame\" \/>\n<meta property=\"article:modified_time\" content=\"2025-09-01T05:29:56+00:00\" \/>\n<meta name=\"twitter:card\" content=\"summary_large_image\" \/>\n<meta name=\"twitter:label1\" content=\"Estimated reading time\" \/>\n\t<meta name=\"twitter:data1\" content=\"3 minutes\" \/>\n<script type=\"application\/ld+json\" class=\"yoast-schema-graph\">{\"@context\":\"https:\/\/schema.org\",\"@graph\":[{\"@type\":\"WebPage\",\"@id\":\"https:\/\/tframesport.com\/marco-para-camiseta-de-futbol-en-barcelona\/\",\"url\":\"https:\/\/tframesport.com\/marco-para-camiseta-de-futbol-en-barcelona\/\",\"name\":\"Marco para camiseta de f\u00fatbol en Barcelona - T-Frame\",\"isPartOf\":{\"@id\":\"https:\/\/tframesport.com\/#website\"},\"datePublished\":\"2025-09-01T05:02:16+00:00\",\"dateModified\":\"2025-09-01T05:29:56+00:00\",\"breadcrumb\":{\"@id\":\"https:\/\/tframesport.com\/marco-para-camiseta-de-futbol-en-barcelona\/#breadcrumb\"},\"inLanguage\":\"en-GB\",\"potentialAction\":[{\"@type\":\"ReadAction\",\"target\":[\"https:\/\/tframesport.com\/marco-para-camiseta-de-futbol-en-barcelona\/\"]}]},{\"@type\":\"BreadcrumbList\",\"@id\":\"https:\/\/tframesport.com\/marco-para-camiseta-de-futbol-en-barcelona\/#breadcrumb\",\"itemListElement\":[{\"@type\":\"ListItem\",\"position\":1,\"name\":\"Portada\",\"item\":\"https:\/\/tframesport.com\/\"},{\"@type\":\"ListItem\",\"position\":2,\"name\":\"Marco para camiseta de f\u00fatbol en Barcelona\"}]},{\"@type\":\"WebSite\",\"@id\":\"https:\/\/tframesport.com\/#website\",\"url\":\"https:\/\/tframesport.com\/\",\"name\":\"T-Frame\",\"description\":\"Enmarca lo que amas, protege lo que importa\",\"publisher\":{\"@id\":\"https:\/\/tframesport.com\/#organization\"},\"potentialAction\":[{\"@type\":\"SearchAction\",\"target\":{\"@type\":\"EntryPoint\",\"urlTemplate\":\"https:\/\/tframesport.com\/?s={search_term_string}\"},\"query-input\":{\"@type\":\"PropertyValueSpecification\",\"valueRequired\":true,\"valueName\":\"search_term_string\"}}],\"inLanguage\":\"en-GB\"},{\"@type\":\"Organization\",\"@id\":\"https:\/\/tframesport.com\/#organization\",\"name\":\"T-Frame\",\"url\":\"https:\/\/tframesport.com\/\",\"logo\":{\"@type\":\"ImageObject\",\"inLanguage\":\"en-GB\",\"@id\":\"https:\/\/tframesport.com\/#\/schema\/logo\/image\/\",\"url\":\"https:\/\/tframesport.com\/wp-content\/uploads\/2024\/11\/2.png\",\"contentUrl\":\"https:\/\/tframesport.com\/wp-content\/uploads\/2024\/11\/2.png\",\"width\":800,\"height\":500,\"caption\":\"T-Frame\"},\"image\":{\"@id\":\"https:\/\/tframesport.com\/#\/schema\/logo\/image\/\"}}]}<\/script>\n<!-- \/ Yoast SEO plugin. -->","yoast_head_json":{"title":"Marco para camiseta de f\u00fatbol en Barcelona - T-Frame","robots":{"index":"index","follow":"follow","max-snippet":"max-snippet:-1","max-image-preview":"max-image-preview:large","max-video-preview":"max-video-preview:-1"},"canonical":"https:\/\/tframesport.com\/en\/marco-para-camiseta-de-futbol-en-barcelona\/","og_locale":"en_GB","og_type":"article","og_title":"Marco para camiseta de f\u00fatbol en Barcelona - T-Frame","og_description":"Marco para camiseta de f\u00fatbol en Barcelona Marco para camiseta de f\u00fatbol en Barcelona: preserva tus recuerdos con T-Frame Conservar una camiseta firmada, un recuerdo de un partido hist\u00f3rico o esa prenda con valor sentimental merece mucho m\u00e1s que guardarse en un caj\u00f3n. Si buscas un marco para camiseta de f\u00fatbol en Barcelona, en T-Frame [&hellip;]","og_url":"https:\/\/tframesport.com\/en\/marco-para-camiseta-de-futbol-en-barcelona\/","og_site_name":"T-Frame","article_modified_time":"2025-09-01T05:29:56+00:00","twitter_card":"summary_large_image","twitter_misc":{"Estimated reading time":"3 minutes"},"schema":{"@context":"https:\/\/schema.org","@graph":[{"@type":"WebPage","@id":"https:\/\/tframesport.com\/marco-para-camiseta-de-futbol-en-barcelona\/","url":"https:\/\/tframesport.com\/marco-para-camiseta-de-futbol-en-barcelona\/","name":"Marco para camiseta de f\u00fatbol en Barcelona - T-Frame","isPartOf":{"@id":"https:\/\/tframesport.com\/#website"},"datePublished":"2025-09-01T05:02:16+00:00","dateModified":"2025-09-01T05:29:56+00:00","breadcrumb":{"@id":"https:\/\/tframesport.com\/marco-para-camiseta-de-futbol-en-barcelona\/#breadcrumb"},"inLanguage":"en-GB","potentialAction":[{"@type":"ReadAction","target":["https:\/\/tframesport.com\/marco-para-camiseta-de-futbol-en-barcelona\/"]}]},{"@type":"BreadcrumbList","@id":"https:\/\/tframesport.com\/marco-para-camiseta-de-futbol-en-barcelona\/#breadcrumb","itemListElement":[{"@type":"ListItem","position":1,"name":"Portada","item":"https:\/\/tframesport.com\/"},{"@type":"ListItem","position":2,"name":"Marco para camiseta de f\u00fatbol en Barcelona"}]},{"@type":"WebSite","@id":"https:\/\/tframesport.com\/#website","url":"https:\/\/tframesport.com\/","name":"T-Frame","description":"Frame what you love, protect what matters","publisher":{"@id":"https:\/\/tframesport.com\/#organization"},"potentialAction":[{"@type":"SearchAction","target":{"@type":"EntryPoint","urlTemplate":"https:\/\/tframesport.com\/?s={search_term_string}"},"query-input":{"@type":"PropertyValueSpecification","valueRequired":true,"valueName":"search_term_string"}}],"inLanguage":"en-GB"},{"@type":"Organization","@id":"https:\/\/tframesport.com\/#organization","name":"T-Frame","url":"https:\/\/tframesport.com\/","logo":{"@type":"ImageObject","inLanguage":"en-GB","@id":"https:\/\/tframesport.com\/#\/schema\/logo\/image\/","url":"https:\/\/tframesport.com\/wp-content\/uploads\/2024\/11\/2.png","contentUrl":"https:\/\/tframesport.com\/wp-content\/uploads\/2024\/11\/2.png","width":800,"height":500,"caption":"T-Frame"},"image":{"@id":"https:\/\/tframesport.com\/#\/schema\/logo\/image\/"}}]}},"_links":{"self":[{"href":"https:\/\/tframesport.com\/en\/wp-json\/wp\/v2\/pages\/1556","targetHints":{"allow":["GET"]}}],"collection":[{"href":"https:\/\/tframesport.com\/en\/wp-json\/wp\/v2\/pages"}],"about":[{"href":"https:\/\/tframesport.com\/en\/wp-json\/wp\/v2\/types\/page"}],"author":[{"embeddable":true,"href":"https:\/\/tframesport.com\/en\/wp-json\/wp\/v2\/users\/2"}],"replies":[{"embeddable":true,"href":"https:\/\/tframesport.com\/en\/wp-json\/wp\/v2\/comments?post=1556"}],"version-history":[{"count":8,"href":"https:\/\/tframesport.com\/en\/wp-json\/wp\/v2\/pages\/1556\/revisions"}],"predecessor-version":[{"id":1566,"href":"https:\/\/tframesport.com\/en\/wp-json\/wp\/v2\/pages\/1556\/revisions\/1566"}],"wp:attachment":[{"href":"https:\/\/tframesport.com\/en\/wp-json\/wp\/v2\/media?parent=1556"}],"curies":[{"name":"wp","href":"https:\/\/api.w.org\/{rel}","templated":true}]}}