{"id":1251,"date":"2025-04-07T16:21:12","date_gmt":"2025-04-07T14:21:12","guid":{"rendered":"https:\/\/tframesport.com\/?page_id=1251"},"modified":"2025-04-07T17:03:19","modified_gmt":"2025-04-07T15:03:19","slug":"marco-para-camiseta-de-futbol","status":"publish","type":"page","link":"https:\/\/tframesport.com\/en\/marco-para-camiseta-de-futbol\/","title":{"rendered":"Football Shirt Frame"},"content":{"rendered":"<div data-elementor-type=\"wp-page\" data-elementor-id=\"1251\" class=\"elementor elementor-1251\" data-elementor-post-type=\"page\">\n\t\t\t\t<div class=\"elementor-element elementor-element-4ff7dde e-flex e-con-boxed e-con e-parent\" data-id=\"4ff7dde\" data-element_type=\"container\" data-settings=\"{&quot;background_background&quot;:&quot;classic&quot;,&quot;jet_parallax_layout_list&quot;:[]}\">\n\t\t\t\t\t<div class=\"e-con-inner\">\n\t\t\t\t<div class=\"elementor-element elementor-element-96584c3 elementor-widget elementor-widget-heading\" data-id=\"96584c3\" data-element_type=\"widget\" data-widget_type=\"heading.default\">\n\t\t\t\t<div class=\"elementor-widget-container\">\n\t\t\t\t\t<h1 class=\"elementor-heading-title elementor-size-default\">Soccer Jersey Frame: The Best Way to Preserve Your Sports Memories<\/h1>\t\t\t\t<\/div>\n\t\t\t\t<\/div>\n\t\t\t\t\t<\/div>\n\t\t\t\t<\/div>\n\t\t<div class=\"elementor-element elementor-element-de11fe5 e-flex e-con-boxed e-con e-parent\" data-id=\"de11fe5\" data-element_type=\"container\" data-settings=\"{&quot;jet_parallax_layout_list&quot;:[]}\">\n\t\t\t\t\t<div class=\"e-con-inner\">\n\t\t<div class=\"elementor-element elementor-element-381d0c9 e-con-full e-flex e-con e-child\" data-id=\"381d0c9\" data-element_type=\"container\" data-settings=\"{&quot;jet_parallax_layout_list&quot;:[],&quot;background_background&quot;:&quot;classic&quot;}\">\n\t\t\t\t<\/div>\n\t\t<div class=\"elementor-element elementor-element-8d27f53 e-con-full e-flex e-con e-child\" data-id=\"8d27f53\" data-element_type=\"container\" data-settings=\"{&quot;jet_parallax_layout_list&quot;:[]}\">\n\t\t\t\t<div class=\"elementor-element elementor-element-42d6cbf elementor-widget elementor-widget-text-editor\" data-id=\"42d6cbf\" data-element_type=\"widget\" data-widget_type=\"text-editor.default\">\n\t\t\t\t<div class=\"elementor-widget-container\">\n\t\t\t\t\t\t\t\t\t<p class=\"\" data-start=\"97\" data-end=\"585\">If you&#039;re a football fan, you probably have shirts that represent special moments, like a shirt from your favorite team or a piece signed by a star player. <strong data-start=\"285\" data-end=\"318\">football shirt frame<\/strong> It is the perfect option to preserve and display those valuable garments, protecting them from damage while you show them off with pride.\u00a0<\/p><h3 class=\"\" data-start=\"587\" data-end=\"642\">Benefits of Using a Soccer Jersey Frame<\/h3><p class=\"\" data-start=\"644\" data-end=\"872\">A <strong data-start=\"647\" data-end=\"680\">football shirt frame<\/strong> It&#039;s not only a great decorative option, but also a way to protect your most precious memories. Here&#039;s why framing a soccer jersey has so many benefits:<\/p><ol data-start=\"874\" data-end=\"1998\"><li class=\"\" data-start=\"874\" data-end=\"1216\"><p class=\"\" data-start=\"877\" data-end=\"1216\"><strong data-start=\"877\" data-end=\"910\">Wear Protection<\/strong>: Football shirts, especially cotton ones, can deteriorate over time due to factors such as dust, light, and humidity. <strong data-start=\"1058\" data-end=\"1091\">football shirt frame<\/strong> offers complete protection against these elements, ensuring that your garment remains in perfect condition for years.<\/p><\/li><li class=\"\" data-start=\"1218\" data-end=\"1593\"><p class=\"\" data-start=\"1221\" data-end=\"1593\"><strong data-start=\"1221\" data-end=\"1259\">Preservation of Sentimental Value<\/strong>If you have a football shirt that represents an important moment, such as a historic victory or a shirt signed by your favorite player, framing it not only preserves its appearance, but also preserves its sentimental value. <strong data-start=\"1499\" data-end=\"1532\">football shirt frame<\/strong> turns an ordinary garment into a valuable and memorable piece.<\/p><\/li><li class=\"\" data-start=\"1595\" data-end=\"1998\"><p class=\"\" data-start=\"1598\" data-end=\"1998\"><strong data-start=\"1598\" data-end=\"1622\">Visibility and Style<\/strong>: A <strong data-start=\"1627\" data-end=\"1660\">football shirt frame<\/strong> Not only does it protect your shirt, but it also displays it elegantly. With the right design, your shirt can become a centerpiece of your decor, adding a unique touch to your home or office. Plus, the transparent frame allows your shirt to be visible from all angles, highlighting its colors and details.<\/p><\/li><\/ol>\t\t\t\t\t\t\t\t<\/div>\n\t\t\t\t<\/div>\n\t\t\t\t<\/div>\n\t\t\t\t\t<\/div>\n\t\t\t\t<\/div>\n\t\t<div class=\"elementor-element elementor-element-7a32a1f e-flex e-con-boxed e-con e-parent\" data-id=\"7a32a1f\" data-element_type=\"container\" data-settings=\"{&quot;jet_parallax_layout_list&quot;:[],&quot;background_background&quot;:&quot;classic&quot;}\">\n\t\t\t\t\t<div class=\"e-con-inner\">\n\t\t<div class=\"elementor-element elementor-element-7f9c90c e-con-full e-flex e-con e-child\" data-id=\"7f9c90c\" data-element_type=\"container\" data-settings=\"{&quot;jet_parallax_layout_list&quot;:[]}\">\n\t\t\t\t<div class=\"elementor-element elementor-element-bd4d279 elementor-widget elementor-widget-text-editor\" data-id=\"bd4d279\" data-element_type=\"widget\" data-widget_type=\"text-editor.default\">\n\t\t\t\t<div class=\"elementor-widget-container\">\n\t\t\t\t\t\t\t\t\t<h3 class=\"\" data-start=\"2000\" data-end=\"2066\">Why Choose T-Frame for Your Soccer Jersey Frame?<\/h3><p class=\"\" data-start=\"2068\" data-end=\"2353\">At T-Frame, we are experts in providing high-quality framing solutions, and when it comes to framing a <strong data-start=\"2181\" data-end=\"2203\">soccer jersey<\/strong>We have everything you need to do it safely, efficiently, and with impeccable design. Here&#039;s why T-Frame is the ideal choice:<\/p><ol data-start=\"2355\" data-end=\"3797\"><li class=\"\" data-start=\"2355\" data-end=\"2693\"><p class=\"\" data-start=\"2358\" data-end=\"2693\"><strong data-start=\"2358\" data-end=\"2383\">Quality of Materials<\/strong>T-Frame&#039;s football jersey frames are made of high-quality materials, including clear acrylic, which guarantees a clear, distortion-free view of the jersey. These materials are also highly durable, ensuring your jersey remains intact and protected for years to come.<\/p><\/li><li class=\"\" data-start=\"2695\" data-end=\"3060\"><p class=\"\" data-start=\"2698\" data-end=\"3060\"><strong data-start=\"2698\" data-end=\"2741\">Safe and Efficient Framing System<\/strong>: T-Frame uses an innovative framing system that allows your t-shirt to stay stretched and in place without damaging it. By using a <strong data-start=\"2880\" data-end=\"2913\">football shirt frame<\/strong>, you won&#039;t have to worry about puncturing or altering the garment, as the system takes care of keeping it in perfect condition, without wrinkles or damage.<\/p><\/li><li class=\"\" data-start=\"3062\" data-end=\"3443\"><p class=\"\" data-start=\"3065\" data-end=\"3443\"><strong data-start=\"3065\" data-end=\"3089\">Custom Design<\/strong>: At T-Frame, we know that each t-shirt has a unique value, that&#039;s why we offer customization options so that you can <strong data-start=\"3209\" data-end=\"3242\">football shirt frame<\/strong> be special. You can add details like commemorative plaques, pictures of your favorite moments, or even your team&#039;s logo. This way, your frame will be as unique as the jersey you&#039;re framing.<\/p><\/li><li class=\"\" data-start=\"3445\" data-end=\"3797\"><p class=\"\" data-start=\"3448\" data-end=\"3797\"><strong data-start=\"3448\" data-end=\"3476\">Fast and Secure Shipping<\/strong>: We know how important your shirt is to you, so we guarantee that each <strong data-start=\"3561\" data-end=\"3594\">football shirt frame<\/strong> It will be carefully packaged and shipped with the utmost security. We ensure your order arrives at its destination in perfect condition, so you can enjoy your framed item as soon as possible.<\/p><\/li><\/ol>\t\t\t\t\t\t\t\t<\/div>\n\t\t\t\t<\/div>\n\t\t\t\t<\/div>\n\t\t<div class=\"elementor-element elementor-element-60de7fc e-con-full e-flex e-con e-child\" data-id=\"60de7fc\" data-element_type=\"container\" data-settings=\"{&quot;jet_parallax_layout_list&quot;:[],&quot;background_background&quot;:&quot;classic&quot;}\">\n\t\t\t\t<\/div>\n\t\t\t\t\t<\/div>\n\t\t\t\t<\/div>\n\t\t<div class=\"elementor-element elementor-element-3d34a26 e-flex e-con-boxed e-con e-parent\" data-id=\"3d34a26\" data-element_type=\"container\" data-settings=\"{&quot;background_background&quot;:&quot;classic&quot;,&quot;jet_parallax_layout_list&quot;:[]}\">\n\t\t\t\t\t<div class=\"e-con-inner\">\n\t\t<div class=\"elementor-element elementor-element-97cbd8d e-con-full e-flex e-con e-child\" data-id=\"97cbd8d\" data-element_type=\"container\" data-settings=\"{&quot;jet_parallax_layout_list&quot;:[]}\">\n\t\t<div class=\"elementor-element elementor-element-8a557bb e-con-full e-flex e-con e-child\" data-id=\"8a557bb\" data-element_type=\"container\" data-settings=\"{&quot;jet_parallax_layout_list&quot;:[]}\">\n\t\t\t\t<div class=\"elementor-element elementor-element-98eb872 elementor-widget elementor-widget-heading\" data-id=\"98eb872\" data-element_type=\"widget\" data-widget_type=\"heading.default\">\n\t\t\t\t<div class=\"elementor-widget-container\">\n\t\t\t\t\t<h2 class=\"elementor-heading-title elementor-size-default\">Do you have any questions? <br>We are here to help you.<\/h2>\t\t\t\t<\/div>\n\t\t\t\t<\/div>\n\t\t\t\t<div class=\"elementor-element elementor-element-2561332 elementor-widget__width-initial elementor-widget elementor-widget-text-editor\" data-id=\"2561332\" data-element_type=\"widget\" data-widget_type=\"text-editor.default\">\n\t\t\t\t<div class=\"elementor-widget-container\">\n\t\t\t\t\t\t\t\t\t<p><span style=\"font-weight: 400;\">At T-FRAME we want you to have the best possible experience, which is why we are available to answer any questions or queries you may have about our t-shirt frames.\u00a0<\/span><\/p><p><span style=\"font-weight: 400;\">Fill out the form below and we will get back to you quickly!<\/span><\/p>\t\t\t\t\t\t\t\t<\/div>\n\t\t\t\t<\/div>\n\t\t\t\t<div class=\"elementor-element elementor-element-c626da8 elementor-widget elementor-widget-heading\" data-id=\"c626da8\" data-element_type=\"widget\" data-widget_type=\"heading.default\">\n\t\t\t\t<div class=\"elementor-widget-container\">\n\t\t\t\t\t<h2 class=\"elementor-heading-title elementor-size-default\">Or contact us directly via:<\/h2>\t\t\t\t<\/div>\n\t\t\t\t<\/div>\n\t\t\t\t<div class=\"elementor-element elementor-element-8a4ed11 elementor-mobile-align-left elementor-icon-list--layout-traditional elementor-list-item-link-full_width elementor-widget elementor-widget-icon-list\" data-id=\"8a4ed11\" data-element_type=\"widget\" data-widget_type=\"icon-list.default\">\n\t\t\t\t<div class=\"elementor-widget-container\">\n\t\t\t\t\t\t\t<ul class=\"elementor-icon-list-items\">\n\t\t\t\t\t\t\t<li class=\"elementor-icon-list-item\">\n\t\t\t\t\t\t\t\t\t\t\t<a href=\"mailto:info@tframesport.com\" target=\"_blank\">\n\n\t\t\t\t\t\t\t\t\t\t\t\t<span class=\"elementor-icon-list-icon\">\n\t\t\t\t\t\t\t<svg aria-hidden=\"true\" class=\"e-font-icon-svg e-fas-envelope\" viewbox=\"0 0 512 512\" xmlns=\"http:\/\/www.w3.org\/2000\/svg\"><path d=\"M502.3 190.8c3.9-3.1 9.7-.2 9.7 4.7V400c0 26.5-21.5 48-48 48H48c-26.5 0-48-21.5-48-48V195.6c0-5 5.7-7.8 9.7-4.7 22.4 17.4 52.1 39.5 154.1 113.6 21.1 15.4 56.7 47.8 92.2 47.6 35.7.3 72-32.8 92.3-47.6 102-74.1 131.6-96.3 154-113.7zM256 320c23.2.4 56.6-29.2 73.4-41.4 132.7-96.3 142.8-104.7 173.4-128.7 5.8-4.5 9.2-11.5 9.2-18.9v-19c0-26.5-21.5-48-48-48H48C21.5 64 0 85.5 0 112v19c0 7.4 3.4 14.3 9.2 18.9 30.6 23.9 40.7 32.4 173.4 128.7 16.8 12.2 50.2 41.8 73.4 41.4z\"><\/path><\/svg>\t\t\t\t\t\t<\/span>\n\t\t\t\t\t\t\t\t\t\t<span class=\"elementor-icon-list-text\">info@tframesport.com<\/span>\n\t\t\t\t\t\t\t\t\t\t\t<\/a>\n\t\t\t\t\t\t\t\t\t<\/li>\n\t\t\t\t\t\t<\/ul>\n\t\t\t\t\t\t<\/div>\n\t\t\t\t<\/div>\n\t\t\t\t<\/div>\n\t\t<div class=\"elementor-element elementor-element-5af7de6 e-con-full e-flex e-con e-child\" data-id=\"5af7de6\" data-element_type=\"container\" data-settings=\"{&quot;background_background&quot;:&quot;classic&quot;,&quot;jet_parallax_layout_list&quot;:[]}\">\n\t\t\t\t<div class=\"elementor-element elementor-element-7ad3de0 elementor-button-align-stretch elementor-widget elementor-widget-form\" data-id=\"7ad3de0\" data-element_type=\"widget\" data-settings=\"{&quot;step_next_label&quot;:&quot;Next&quot;,&quot;step_previous_label&quot;:&quot;Previous&quot;,&quot;button_width&quot;:&quot;100&quot;,&quot;step_type&quot;:&quot;number_text&quot;,&quot;step_icon_shape&quot;:&quot;circle&quot;}\" data-widget_type=\"form.default\">\n\t\t\t\t<div class=\"elementor-widget-container\">\n\t\t\t\t\t\t\t<form class=\"elementor-form\" method=\"post\" name=\"Nou formulari\" aria-label=\"Nou formulari\" action=\"\">\n\t\t\t<input type=\"hidden\" name=\"post_id\" value=\"1251\"\/>\n\t\t\t<input type=\"hidden\" name=\"form_id\" value=\"7ad3de0\"\/>\n\t\t\t<input type=\"hidden\" name=\"referer_title\" value=\"Marco para Camiseta de F\u00fatbol - T-Frame\" \/>\n\n\t\t\t\t\t\t\t<input type=\"hidden\" name=\"queried_id\" value=\"1251\"\/>\n\t\t\t\n\t\t\t<div class=\"elementor-form-fields-wrapper elementor-labels-above\">\n\t\t\t\t\t\t\t\t<div class=\"elementor-field-type-text elementor-field-group elementor-column elementor-field-group-name elementor-col-50 elementor-field-required\">\n\t\t\t\t\t\t\t\t\t\t\t\t<label for=\"form-field-name\" class=\"elementor-field-label\">\n\t\t\t\t\t\t\t\tName*\t\t\t\t\t\t\t<\/label>\n\t\t\t\t\t\t\t\t\t\t\t\t\t\t<input size=\"1\" type=\"text\" name=\"form_fields[name]\" id=\"form-field-name\" class=\"elementor-field elementor-size-sm  elementor-field-textual\" required=\"required\">\n\t\t\t\t\t\t\t\t\t\t\t<\/div>\n\t\t\t\t\t\t\t\t<div class=\"elementor-field-type-email elementor-field-group elementor-column elementor-field-group-email elementor-col-50 elementor-field-required\">\n\t\t\t\t\t\t\t\t\t\t\t\t<label for=\"form-field-email\" class=\"elementor-field-label\">\n\t\t\t\t\t\t\t\tEmail*\t\t\t\t\t\t\t<\/label>\n\t\t\t\t\t\t\t\t\t\t\t\t\t\t<input size=\"1\" type=\"email\" name=\"form_fields[email]\" id=\"form-field-email\" class=\"elementor-field elementor-size-sm  elementor-field-textual\" required=\"required\">\n\t\t\t\t\t\t\t\t\t\t\t<\/div>\n\t\t\t\t\t\t\t\t<div class=\"elementor-field-type-tel elementor-field-group elementor-column elementor-field-group-field_859852b elementor-col-100 elementor-field-required\">\n\t\t\t\t\t\t\t\t\t\t\t\t<label for=\"form-field-field_859852b\" class=\"elementor-field-label\">\n\t\t\t\t\t\t\t\tPhone*\t\t\t\t\t\t\t<\/label>\n\t\t\t\t\t\t\t\t<input size=\"1\" type=\"tel\" name=\"form_fields[field_859852b]\" id=\"form-field-field_859852b\" class=\"elementor-field elementor-size-sm  elementor-field-textual\" required=\"required\" pattern=\"[0-9()#&amp;+*-=.]+\" title=\"Only telephone numbers and characters are accepted (#,-,*,etc).\">\n\n\t\t\t\t\t\t<\/div>\n\t\t\t\t\t\t\t\t<div class=\"elementor-field-type-textarea elementor-field-group elementor-column elementor-field-group-message elementor-col-100 elementor-field-required\">\n\t\t\t\t\t\t\t\t\t\t\t\t<label for=\"form-field-message\" class=\"elementor-field-label\">\n\t\t\t\t\t\t\t\tMessage*\t\t\t\t\t\t\t<\/label>\n\t\t\t\t\t\t<textarea class=\"elementor-field-textual elementor-field  elementor-size-sm\" name=\"form_fields[message]\" id=\"form-field-message\" rows=\"4\" required=\"required\"><\/textarea>\t\t\t\t<\/div>\n\t\t\t\t\t\t\t\t<div class=\"elementor-field-type-acceptance elementor-field-group elementor-column elementor-field-group-field_531ca8f elementor-col-100 elementor-field-required\">\n\t\t\t\t\t\t\t<div class=\"elementor-field-subgroup\">\n\t\t\t<span class=\"elementor-field-option\">\n\t\t\t\t<input type=\"checkbox\" name=\"form_fields[field_531ca8f]\" id=\"form-field-field_531ca8f\" class=\"elementor-field elementor-size-sm  elementor-acceptance-field\" required=\"required\">\n\t\t\t\t<label for=\"form-field-field_531ca8f\"><span >I accept the <a href=\"https:\/\/tframesport.com\/en\/politica-de-privacidad\/\">Privacy Policy<\/a> and sending information.<\/span><\/label>\t\t\t<\/span>\n\t\t<\/div>\n\t\t\t\t\t\t<\/div>\n\t\t\t\t\t\t\t\t<div class=\"elementor-field-type-recaptcha_v3 elementor-field-group elementor-column elementor-field-group-field_cc39f3d elementor-col-100 recaptcha_v3-bottomleft\">\n\t\t\t\t\t<div class=\"elementor-field\" id=\"form-field-field_cc39f3d\"><div class=\"elementor-g-recaptcha\" data-sitekey=\"6Ldv0KMqAAAAAEi7JXvVAPnVNtIdk63sT4hkFePy\" data-type=\"v3\" data-action=\"Form\" data-badge=\"bottomleft\" data-size=\"invisible\"><\/div><\/div>\t\t\t\t<\/div>\n\t\t\t\t\t\t\t\t<div class=\"elementor-field-type-text\">\n\t\t\t\t\t<input size=\"1\" type=\"text\" name=\"form_fields[field_37a2a12]\" id=\"form-field-field_37a2a12\" class=\"elementor-field elementor-size-sm\" style=\"display:none !important;\">\t\t\t\t<\/div>\n\t\t\t\t\t\t\t\t<div class=\"elementor-field-group elementor-column elementor-field-type-submit elementor-col-100 e-form__buttons\">\n\t\t\t\t\t<button class=\"elementor-button elementor-size-sm\" type=\"submit\">\n\t\t\t\t\t\t<span class=\"elementor-button-content-wrapper\">\n\t\t\t\t\t\t\t\t\t\t\t\t\t\t\t\t\t\t\t\t\t\t<span class=\"elementor-button-text\">Send<\/span>\n\t\t\t\t\t\t\t\t\t\t\t\t\t<\/span>\n\t\t\t\t\t<\/button>\n\t\t\t\t<\/div>\n\t\t\t<\/div>\n\t\t<input type=\"hidden\" name=\"trp-form-language\" value=\"en\"\/><\/form>\n\t\t\t\t\t\t<\/div>\n\t\t\t\t<\/div>\n\t\t\t\t<\/div>\n\t\t\t\t<\/div>\n\t\t\t\t\t<\/div>\n\t\t\t\t<\/div>\n\t\t\t\t<\/div>","protected":false},"excerpt":{"rendered":"<p>Soccer Jersey Frame: The Best Way to Preserve Your Sports Memories If you&#039;re a soccer fan, you probably have jerseys that represent special moments, like a jersey from your favorite team or a piece signed by a star player. A soccer jersey frame is the perfect way to preserve and [\u2026]<\/p>","protected":false},"author":2,"featured_media":0,"parent":0,"menu_order":0,"comment_status":"closed","ping_status":"closed","template":"","meta":{"footnotes":""},"class_list":["post-1251","page","type-page","status-publish","hentry"],"yoast_head":"<!-- This site is optimized with the Yoast SEO plugin v26.3 - https:\/\/yoast.com\/wordpress\/plugins\/seo\/ -->\n<title>Marco para Camiseta de F\u00fatbol - T-Frame<\/title>\n<meta name=\"robots\" content=\"index, follow, max-snippet:-1, max-image-preview:large, max-video-preview:-1\" \/>\n<link rel=\"canonical\" href=\"https:\/\/tframesport.com\/en\/marco-para-camiseta-de-futbol\/\" \/>\n<meta property=\"og:locale\" content=\"en_GB\" \/>\n<meta property=\"og:type\" content=\"article\" \/>\n<meta property=\"og:title\" content=\"Marco para Camiseta de F\u00fatbol - T-Frame\" \/>\n<meta property=\"og:description\" content=\"Marco para Camiseta de F\u00fatbol: La Mejor Forma de Preservar tus Recuerdos Deportivos Si eres un apasionado del f\u00fatbol, seguro que tienes camisetas que representan momentos especiales, como una camiseta de tu equipo favorito o una prenda firmada por un jugador estrella. Un marco para camiseta de f\u00fatbol es la opci\u00f3n perfecta para preservar y [&hellip;]\" \/>\n<meta property=\"og:url\" content=\"https:\/\/tframesport.com\/en\/marco-para-camiseta-de-futbol\/\" \/>\n<meta property=\"og:site_name\" content=\"T-Frame\" \/>\n<meta property=\"article:modified_time\" content=\"2025-04-07T15:03:19+00:00\" \/>\n<meta name=\"twitter:card\" content=\"summary_large_image\" \/>\n<meta name=\"twitter:label1\" content=\"Estimated reading time\" \/>\n\t<meta name=\"twitter:data1\" content=\"3 minutes\" \/>\n<script type=\"application\/ld+json\" class=\"yoast-schema-graph\">{\"@context\":\"https:\/\/schema.org\",\"@graph\":[{\"@type\":\"WebPage\",\"@id\":\"https:\/\/tframesport.com\/marco-para-camiseta-de-futbol\/\",\"url\":\"https:\/\/tframesport.com\/marco-para-camiseta-de-futbol\/\",\"name\":\"Marco para Camiseta de F\u00fatbol - T-Frame\",\"isPartOf\":{\"@id\":\"https:\/\/tframesport.com\/#website\"},\"datePublished\":\"2025-04-07T14:21:12+00:00\",\"dateModified\":\"2025-04-07T15:03:19+00:00\",\"breadcrumb\":{\"@id\":\"https:\/\/tframesport.com\/marco-para-camiseta-de-futbol\/#breadcrumb\"},\"inLanguage\":\"en-GB\",\"potentialAction\":[{\"@type\":\"ReadAction\",\"target\":[\"https:\/\/tframesport.com\/marco-para-camiseta-de-futbol\/\"]}]},{\"@type\":\"BreadcrumbList\",\"@id\":\"https:\/\/tframesport.com\/marco-para-camiseta-de-futbol\/#breadcrumb\",\"itemListElement\":[{\"@type\":\"ListItem\",\"position\":1,\"name\":\"Portada\",\"item\":\"https:\/\/tframesport.com\/\"},{\"@type\":\"ListItem\",\"position\":2,\"name\":\"Marco para Camiseta de F\u00fatbol\"}]},{\"@type\":\"WebSite\",\"@id\":\"https:\/\/tframesport.com\/#website\",\"url\":\"https:\/\/tframesport.com\/\",\"name\":\"T-Frame\",\"description\":\"Enmarca lo que amas, protege lo que importa\",\"publisher\":{\"@id\":\"https:\/\/tframesport.com\/#organization\"},\"potentialAction\":[{\"@type\":\"SearchAction\",\"target\":{\"@type\":\"EntryPoint\",\"urlTemplate\":\"https:\/\/tframesport.com\/?s={search_term_string}\"},\"query-input\":{\"@type\":\"PropertyValueSpecification\",\"valueRequired\":true,\"valueName\":\"search_term_string\"}}],\"inLanguage\":\"en-GB\"},{\"@type\":\"Organization\",\"@id\":\"https:\/\/tframesport.com\/#organization\",\"name\":\"T-Frame\",\"url\":\"https:\/\/tframesport.com\/\",\"logo\":{\"@type\":\"ImageObject\",\"inLanguage\":\"en-GB\",\"@id\":\"https:\/\/tframesport.com\/#\/schema\/logo\/image\/\",\"url\":\"https:\/\/tframesport.com\/wp-content\/uploads\/2024\/11\/2.png\",\"contentUrl\":\"https:\/\/tframesport.com\/wp-content\/uploads\/2024\/11\/2.png\",\"width\":800,\"height\":500,\"caption\":\"T-Frame\"},\"image\":{\"@id\":\"https:\/\/tframesport.com\/#\/schema\/logo\/image\/\"}}]}<\/script>\n<!-- \/ Yoast SEO plugin. -->","yoast_head_json":{"title":"Football Jersey Frame - T-Frame","robots":{"index":"index","follow":"follow","max-snippet":"max-snippet:-1","max-image-preview":"max-image-preview:large","max-video-preview":"max-video-preview:-1"},"canonical":"https:\/\/tframesport.com\/en\/marco-para-camiseta-de-futbol\/","og_locale":"en_GB","og_type":"article","og_title":"Marco para Camiseta de F\u00fatbol - T-Frame","og_description":"Marco para Camiseta de F\u00fatbol: La Mejor Forma de Preservar tus Recuerdos Deportivos Si eres un apasionado del f\u00fatbol, seguro que tienes camisetas que representan momentos especiales, como una camiseta de tu equipo favorito o una prenda firmada por un jugador estrella. Un marco para camiseta de f\u00fatbol es la opci\u00f3n perfecta para preservar y [&hellip;]","og_url":"https:\/\/tframesport.com\/en\/marco-para-camiseta-de-futbol\/","og_site_name":"T-Frame","article_modified_time":"2025-04-07T15:03:19+00:00","twitter_card":"summary_large_image","twitter_misc":{"Estimated reading time":"3 minutes"},"schema":{"@context":"https:\/\/schema.org","@graph":[{"@type":"WebPage","@id":"https:\/\/tframesport.com\/marco-para-camiseta-de-futbol\/","url":"https:\/\/tframesport.com\/marco-para-camiseta-de-futbol\/","name":"Football Jersey Frame - T-Frame","isPartOf":{"@id":"https:\/\/tframesport.com\/#website"},"datePublished":"2025-04-07T14:21:12+00:00","dateModified":"2025-04-07T15:03:19+00:00","breadcrumb":{"@id":"https:\/\/tframesport.com\/marco-para-camiseta-de-futbol\/#breadcrumb"},"inLanguage":"en-GB","potentialAction":[{"@type":"ReadAction","target":["https:\/\/tframesport.com\/marco-para-camiseta-de-futbol\/"]}]},{"@type":"BreadcrumbList","@id":"https:\/\/tframesport.com\/marco-para-camiseta-de-futbol\/#breadcrumb","itemListElement":[{"@type":"ListItem","position":1,"name":"Portada","item":"https:\/\/tframesport.com\/"},{"@type":"ListItem","position":2,"name":"Marco para Camiseta de F\u00fatbol"}]},{"@type":"WebSite","@id":"https:\/\/tframesport.com\/#website","url":"https:\/\/tframesport.com\/","name":"T-Frame","description":"Frame what you love, protect what matters","publisher":{"@id":"https:\/\/tframesport.com\/#organization"},"potentialAction":[{"@type":"SearchAction","target":{"@type":"EntryPoint","urlTemplate":"https:\/\/tframesport.com\/?s={search_term_string}"},"query-input":{"@type":"PropertyValueSpecification","valueRequired":true,"valueName":"search_term_string"}}],"inLanguage":"en-GB"},{"@type":"Organization","@id":"https:\/\/tframesport.com\/#organization","name":"T-Frame","url":"https:\/\/tframesport.com\/","logo":{"@type":"ImageObject","inLanguage":"en-GB","@id":"https:\/\/tframesport.com\/#\/schema\/logo\/image\/","url":"https:\/\/tframesport.com\/wp-content\/uploads\/2024\/11\/2.png","contentUrl":"https:\/\/tframesport.com\/wp-content\/uploads\/2024\/11\/2.png","width":800,"height":500,"caption":"T-Frame"},"image":{"@id":"https:\/\/tframesport.com\/#\/schema\/logo\/image\/"}}]}},"_links":{"self":[{"href":"https:\/\/tframesport.com\/en\/wp-json\/wp\/v2\/pages\/1251","targetHints":{"allow":["GET"]}}],"collection":[{"href":"https:\/\/tframesport.com\/en\/wp-json\/wp\/v2\/pages"}],"about":[{"href":"https:\/\/tframesport.com\/en\/wp-json\/wp\/v2\/types\/page"}],"author":[{"embeddable":true,"href":"https:\/\/tframesport.com\/en\/wp-json\/wp\/v2\/users\/2"}],"replies":[{"embeddable":true,"href":"https:\/\/tframesport.com\/en\/wp-json\/wp\/v2\/comments?post=1251"}],"version-history":[{"count":4,"href":"https:\/\/tframesport.com\/en\/wp-json\/wp\/v2\/pages\/1251\/revisions"}],"predecessor-version":[{"id":1255,"href":"https:\/\/tframesport.com\/en\/wp-json\/wp\/v2\/pages\/1251\/revisions\/1255"}],"wp:attachment":[{"href":"https:\/\/tframesport.com\/en\/wp-json\/wp\/v2\/media?parent=1251"}],"curies":[{"name":"wp","href":"https:\/\/api.w.org\/{rel}","templated":true}]}}