{"id":27,"date":"2024-11-12T14:42:32","date_gmt":"2024-11-12T14:42:32","guid":{"rendered":"https:\/\/tframesport.com\/?page_id=27"},"modified":"2025-05-19T13:54:17","modified_gmt":"2025-05-19T11:54:17","slug":"contacto","status":"publish","type":"page","link":"https:\/\/tframesport.com\/ca\/contacto\/","title":{"rendered":"Contacte"},"content":{"rendered":"<div data-elementor-type=\"wp-page\" data-elementor-id=\"27\" class=\"elementor elementor-27\" data-elementor-post-type=\"page\">\n\t\t\t\t<div class=\"elementor-element elementor-element-9aa04f0 e-con-full e-flex e-con e-parent\" data-id=\"9aa04f0\" data-element_type=\"container\" data-settings=\"{&quot;background_background&quot;:&quot;classic&quot;,&quot;jet_parallax_layout_list&quot;:[]}\">\n\t\t\t\t<div class=\"elementor-element elementor-element-be7f17f elementor-widget elementor-widget-heading\" data-id=\"be7f17f\" data-element_type=\"widget\" data-widget_type=\"heading.default\">\n\t\t\t\t<div class=\"elementor-widget-container\">\n\t\t\t\t\t<h2 class=\"elementor-heading-title elementor-size-default\">Contacte<\/h2>\t\t\t\t<\/div>\n\t\t\t\t<\/div>\n\t\t\t\t<\/div>\n\t\t<div class=\"elementor-element elementor-element-bc14283 e-flex e-con-boxed e-con e-parent\" data-id=\"bc14283\" data-element_type=\"container\" data-settings=\"{&quot;jet_parallax_layout_list&quot;:[]}\">\n\t\t\t\t\t<div class=\"e-con-inner\">\n\t\t<div class=\"elementor-element elementor-element-4eeba19 e-con-full e-flex e-con e-child\" data-id=\"4eeba19\" data-element_type=\"container\" data-settings=\"{&quot;jet_parallax_layout_list&quot;:[]}\">\n\t\t\t\t<div class=\"elementor-element elementor-element-596cd75 elementor-widget elementor-widget-heading\" data-id=\"596cd75\" data-element_type=\"widget\" data-widget_type=\"heading.default\">\n\t\t\t\t<div class=\"elementor-widget-container\">\n\t\t\t\t\t<h2 class=\"elementor-heading-title elementor-size-default\">Tens alguna pregunta? <br>Som aqu\u00ed per ajudar-te.<\/h2>\t\t\t\t<\/div>\n\t\t\t\t<\/div>\n\t\t\t\t<div class=\"elementor-element elementor-element-83a08d2 elementor-widget__width-initial elementor-widget elementor-widget-text-editor\" data-id=\"83a08d2\" data-element_type=\"widget\" data-widget_type=\"text-editor.default\">\n\t\t\t\t<div class=\"elementor-widget-container\">\n\t\t\t\t\t\t\t\t\t<p><span style=\"font-weight: 400;\">A T-FRAME volem que tinguis la millor experi\u00e8ncia possible, per aix\u00f2 estem disponibles per respondre qualsevol dubte o consulta que tinguis sobre els nostres marcs per a samarretes.\u00a0<\/span><\/p><p><span style=\"font-weight: 400;\">Completa el formulari a continuaci\u00f3 i ens posarem en contacte amb tu r\u00e0pidament!<\/span><\/p>\t\t\t\t\t\t\t\t<\/div>\n\t\t\t\t<\/div>\n\t\t\t\t<div class=\"elementor-element elementor-element-7335ff5 elementor-widget elementor-widget-heading\" data-id=\"7335ff5\" data-element_type=\"widget\" data-widget_type=\"heading.default\">\n\t\t\t\t<div class=\"elementor-widget-container\">\n\t\t\t\t\t<h2 class=\"elementor-heading-title elementor-size-default\">O contacta&#039;ns directament mitjan\u00e7ant:<\/h2>\t\t\t\t<\/div>\n\t\t\t\t<\/div>\n\t\t\t\t<div class=\"elementor-element elementor-element-841f06e elementor-mobile-align-left elementor-icon-list--layout-traditional elementor-list-item-link-full_width elementor-widget elementor-widget-icon-list\" data-id=\"841f06e\" data-element_type=\"widget\" data-widget_type=\"icon-list.default\">\n\t\t\t\t<div class=\"elementor-widget-container\">\n\t\t\t\t\t\t\t<ul class=\"elementor-icon-list-items\">\n\t\t\t\t\t\t\t<li class=\"elementor-icon-list-item\">\n\t\t\t\t\t\t\t\t\t\t\t<a href=\"mailto:info@tframesport.com\" target=\"_blank\">\n\n\t\t\t\t\t\t\t\t\t\t\t\t<span class=\"elementor-icon-list-icon\">\n\t\t\t\t\t\t\t<svg aria-hidden=\"true\" class=\"e-font-icon-svg e-fas-envelope\" viewbox=\"0 0 512 512\" xmlns=\"http:\/\/www.w3.org\/2000\/svg\"><path d=\"M502.3 190.8c3.9-3.1 9.7-.2 9.7 4.7V400c0 26.5-21.5 48-48 48H48c-26.5 0-48-21.5-48-48V195.6c0-5 5.7-7.8 9.7-4.7 22.4 17.4 52.1 39.5 154.1 113.6 21.1 15.4 56.7 47.8 92.2 47.6 35.7.3 72-32.8 92.3-47.6 102-74.1 131.6-96.3 154-113.7zM256 320c23.2.4 56.6-29.2 73.4-41.4 132.7-96.3 142.8-104.7 173.4-128.7 5.8-4.5 9.2-11.5 9.2-18.9v-19c0-26.5-21.5-48-48-48H48C21.5 64 0 85.5 0 112v19c0 7.4 3.4 14.3 9.2 18.9 30.6 23.9 40.7 32.4 173.4 128.7 16.8 12.2 50.2 41.8 73.4 41.4z\"><\/path><\/svg>\t\t\t\t\t\t<\/span>\n\t\t\t\t\t\t\t\t\t\t<span class=\"elementor-icon-list-text\">info@tframesport.com<\/span>\n\t\t\t\t\t\t\t\t\t\t\t<\/a>\n\t\t\t\t\t\t\t\t\t<\/li>\n\t\t\t\t\t\t<\/ul>\n\t\t\t\t\t\t<\/div>\n\t\t\t\t<\/div>\n\t\t\t\t<\/div>\n\t\t<div class=\"elementor-element elementor-element-1d8665d e-con-full e-flex e-con e-child\" data-id=\"1d8665d\" data-element_type=\"container\" data-settings=\"{&quot;background_background&quot;:&quot;classic&quot;,&quot;jet_parallax_layout_list&quot;:[]}\">\n\t\t\t\t<div class=\"elementor-element elementor-element-47ebb5b elementor-button-align-stretch elementor-widget elementor-widget-form\" data-id=\"47ebb5b\" data-element_type=\"widget\" data-settings=\"{&quot;step_next_label&quot;:&quot;Next&quot;,&quot;step_previous_label&quot;:&quot;Previous&quot;,&quot;button_width&quot;:&quot;100&quot;,&quot;step_type&quot;:&quot;number_text&quot;,&quot;step_icon_shape&quot;:&quot;circle&quot;}\" data-widget_type=\"form.default\">\n\t\t\t\t<div class=\"elementor-widget-container\">\n\t\t\t\t\t\t\t<form class=\"elementor-form\" method=\"post\" name=\"Nou formulari\" aria-label=\"Nou formulari\" action=\"\">\n\t\t\t<input type=\"hidden\" name=\"post_id\" value=\"27\"\/>\n\t\t\t<input type=\"hidden\" name=\"form_id\" value=\"47ebb5b\"\/>\n\t\t\t<input type=\"hidden\" name=\"referer_title\" value=\"Contacto - T-Frame\" \/>\n\n\t\t\t\t\t\t\t<input type=\"hidden\" name=\"queried_id\" value=\"27\"\/>\n\t\t\t\n\t\t\t<div class=\"elementor-form-fields-wrapper elementor-labels-above\">\n\t\t\t\t\t\t\t\t<div class=\"elementor-field-type-text elementor-field-group elementor-column elementor-field-group-name elementor-col-50 elementor-field-required\">\n\t\t\t\t\t\t\t\t\t\t\t\t<label for=\"form-field-name\" class=\"elementor-field-label\">\n\t\t\t\t\t\t\t\tNom*\t\t\t\t\t\t\t<\/label>\n\t\t\t\t\t\t\t\t\t\t\t\t\t\t<input size=\"1\" type=\"text\" name=\"form_fields[name]\" id=\"form-field-name\" class=\"elementor-field elementor-size-sm  elementor-field-textual\" required=\"required\">\n\t\t\t\t\t\t\t\t\t\t\t<\/div>\n\t\t\t\t\t\t\t\t<div class=\"elementor-field-type-email elementor-field-group elementor-column elementor-field-group-email elementor-col-50 elementor-field-required\">\n\t\t\t\t\t\t\t\t\t\t\t\t<label for=\"form-field-email\" class=\"elementor-field-label\">\n\t\t\t\t\t\t\t\tCorreu electr\u00f2nic*\t\t\t\t\t\t\t<\/label>\n\t\t\t\t\t\t\t\t\t\t\t\t\t\t<input size=\"1\" type=\"email\" name=\"form_fields[email]\" id=\"form-field-email\" class=\"elementor-field elementor-size-sm  elementor-field-textual\" required=\"required\">\n\t\t\t\t\t\t\t\t\t\t\t<\/div>\n\t\t\t\t\t\t\t\t<div class=\"elementor-field-type-tel elementor-field-group elementor-column elementor-field-group-field_859852b elementor-col-100 elementor-field-required\">\n\t\t\t\t\t\t\t\t\t\t\t\t<label for=\"form-field-field_859852b\" class=\"elementor-field-label\">\n\t\t\t\t\t\t\t\tTel\u00e8fon*\t\t\t\t\t\t\t<\/label>\n\t\t\t\t\t\t\t\t<input size=\"1\" type=\"tel\" name=\"form_fields[field_859852b]\" id=\"form-field-field_859852b\" class=\"elementor-field elementor-size-sm  elementor-field-textual\" required=\"required\" pattern=\"[0-9()#&amp;+*-=.]+\" title=\"Nom\u00e9s s&#039;accepten n\u00fameros i car\u00e0cters de tel\u00e8fon (#,-,*,etc).\">\n\n\t\t\t\t\t\t<\/div>\n\t\t\t\t\t\t\t\t<div class=\"elementor-field-type-textarea elementor-field-group elementor-column elementor-field-group-message elementor-col-100 elementor-field-required\">\n\t\t\t\t\t\t\t\t\t\t\t\t<label for=\"form-field-message\" class=\"elementor-field-label\">\n\t\t\t\t\t\t\t\tMissatge*\t\t\t\t\t\t\t<\/label>\n\t\t\t\t\t\t<textarea class=\"elementor-field-textual elementor-field  elementor-size-sm\" name=\"form_fields[message]\" id=\"form-field-message\" rows=\"4\" required=\"required\"><\/textarea>\t\t\t\t<\/div>\n\t\t\t\t\t\t\t\t<div class=\"elementor-field-type-acceptance elementor-field-group elementor-column elementor-field-group-field_531ca8f elementor-col-100 elementor-field-required\">\n\t\t\t\t\t\t\t<div class=\"elementor-field-subgroup\">\n\t\t\t<span class=\"elementor-field-option\">\n\t\t\t\t<input type=\"checkbox\" name=\"form_fields[field_531ca8f]\" id=\"form-field-field_531ca8f\" class=\"elementor-field elementor-size-sm  elementor-acceptance-field\" required=\"required\">\n\t\t\t\t<label for=\"form-field-field_531ca8f\"><span >Accepto la <a href=\"https:\/\/tframesport.com\/ca\/politica-de-privacidad\/\">pol\u00edtica de privadesa<\/a> i la tramesa d&#039;informaci\u00f3.<\/span><\/label>\t\t\t<\/span>\n\t\t<\/div>\n\t\t\t\t\t\t<\/div>\n\t\t\t\t\t\t\t\t<div class=\"elementor-field-type-recaptcha_v3 elementor-field-group elementor-column elementor-field-group-field_cc39f3d elementor-col-100 recaptcha_v3-bottomleft\">\n\t\t\t\t\t<div class=\"elementor-field\" id=\"form-field-field_cc39f3d\"><div class=\"elementor-g-recaptcha\" data-sitekey=\"6Ldv0KMqAAAAAEi7JXvVAPnVNtIdk63sT4hkFePy\" data-type=\"v3\" data-action=\"Form\" data-badge=\"bottomleft\" data-size=\"invisible\"><\/div><\/div>\t\t\t\t<\/div>\n\t\t\t\t\t\t\t\t<div class=\"elementor-field-type-text\">\n\t\t\t\t\t<input size=\"1\" type=\"text\" name=\"form_fields[field_37a2a12]\" id=\"form-field-field_37a2a12\" class=\"elementor-field elementor-size-sm\" style=\"display:none !important;\">\t\t\t\t<\/div>\n\t\t\t\t\t\t\t\t<div class=\"elementor-field-group elementor-column elementor-field-type-submit elementor-col-100 e-form__buttons\">\n\t\t\t\t\t<button class=\"elementor-button elementor-size-sm\" type=\"submit\">\n\t\t\t\t\t\t<span class=\"elementor-button-content-wrapper\">\n\t\t\t\t\t\t\t\t\t\t\t\t\t\t\t\t\t\t\t\t\t\t<span class=\"elementor-button-text\">Enviar<\/span>\n\t\t\t\t\t\t\t\t\t\t\t\t\t<\/span>\n\t\t\t\t\t<\/button>\n\t\t\t\t<\/div>\n\t\t\t<\/div>\n\t\t<input type=\"hidden\" name=\"trp-form-language\" value=\"ca\"\/><\/form>\n\t\t\t\t\t\t<\/div>\n\t\t\t\t<\/div>\n\t\t\t\t<\/div>\n\t\t\t\t\t<\/div>\n\t\t\t\t<\/div>\n\t\t<div class=\"elementor-element elementor-element-9e9b658 e-flex e-con-boxed e-con e-parent\" data-id=\"9e9b658\" data-element_type=\"container\" data-settings=\"{&quot;background_background&quot;:&quot;classic&quot;,&quot;jet_parallax_layout_list&quot;:[]}\">\n\t\t\t\t\t<div class=\"e-con-inner\">\n\t\t\t\t<div class=\"elementor-element elementor-element-0e28259 elementor-widget elementor-widget-heading\" data-id=\"0e28259\" data-element_type=\"widget\" data-widget_type=\"heading.default\">\n\t\t\t\t<div class=\"elementor-widget-container\">\n\t\t\t\t\t<h2 class=\"elementor-heading-title elementor-size-default\">SOBRE NOSALTRES<\/h2>\t\t\t\t<\/div>\n\t\t\t\t<\/div>\n\t\t\t\t\t<\/div>\n\t\t\t\t<\/div>\n\t\t<div class=\"elementor-element elementor-element-90ac8a2 e-flex e-con-boxed e-con e-parent\" data-id=\"90ac8a2\" data-element_type=\"container\" data-settings=\"{&quot;jet_parallax_layout_list&quot;:[]}\">\n\t\t\t\t\t<div class=\"e-con-inner\">\n\t\t<div class=\"elementor-element elementor-element-528a48e e-con-full e-flex e-con e-child\" data-id=\"528a48e\" data-element_type=\"container\" data-settings=\"{&quot;jet_parallax_layout_list&quot;:[],&quot;background_background&quot;:&quot;classic&quot;}\">\n\t\t\t\t<div class=\"elementor-element elementor-element-d7336df elementor-widget elementor-widget-google_maps\" data-id=\"d7336df\" data-element_type=\"widget\" data-widget_type=\"google_maps.default\">\n\t\t\t\t<div class=\"elementor-widget-container\">\n\t\t\t\t\t\t\t<div class=\"elementor-custom-embed\">\n\t\t\t<iframe loading=\"lazy\"\n\t\t\t\t\tsrc=\"https:\/\/maps.google.com\/maps?q=Sabadell%2C%20Barcelona%2C%20Espa%C3%B1a&#038;t=m&#038;z=9&#038;output=embed&#038;iwloc=near\"\n\t\t\t\t\ttitle=\"Sabadell, Barcelona, Espanya\"\n\t\t\t\t\taria-label=\"Sabadell, Barcelona, Espanya\"\n\t\t\t><\/iframe>\n\t\t<\/div>\n\t\t\t\t\t\t<\/div>\n\t\t\t\t<\/div>\n\t\t\t\t<\/div>\n\t\t<div class=\"elementor-element elementor-element-a6d5f91 e-con-full e-flex e-con e-child\" data-id=\"a6d5f91\" data-element_type=\"container\" data-settings=\"{&quot;jet_parallax_layout_list&quot;:[]}\">\n\t\t\t\t<div class=\"elementor-element elementor-element-b416cc8 elementor-widget elementor-widget-heading\" data-id=\"b416cc8\" data-element_type=\"widget\" data-widget_type=\"heading.default\">\n\t\t\t\t<div class=\"elementor-widget-container\">\n\t\t\t\t\t<h2 class=\"elementor-heading-title elementor-size-default\">T-FRAME: Passi\u00f3 pel col\u00b7leccionisme i la qualitat<\/h2>\t\t\t\t<\/div>\n\t\t\t\t<\/div>\n\t\t\t\t<div class=\"elementor-element elementor-element-4a100eb elementor-widget elementor-widget-text-editor\" data-id=\"4a100eb\" data-element_type=\"widget\" data-widget_type=\"text-editor.default\">\n\t\t\t\t<div class=\"elementor-widget-container\">\n\t\t\t\t\t\t\t\t\t<p><span style=\"font-weight: 400;\">A T-FRAME, ens vam proposar resoldre un problema que tots els col\u00b7leccionistes de samarretes enfronten: com exhibir una samarreta valuosa de manera que destaqui la seva hist\u00f2ria sense danyar-la ni limitar-ne el valor sentimental?<\/span><\/p><p><span style=\"font-weight: 400;\">El nostre equip ha treballat incansablement per desenvolupar un producte completament nou al mercat. primer marc del m\u00f3n creat espec\u00edficament per a samarretes, i estem emocionats que siguis part daquest canvi.<\/span><\/p>\t\t\t\t\t\t\t\t<\/div>\n\t\t\t\t<\/div>\n\t\t\t\t<\/div>\n\t\t\t\t\t<\/div>\n\t\t\t\t<\/div>\n\t\t<div class=\"elementor-element elementor-element-742f1ac e-flex e-con-boxed e-con e-parent\" data-id=\"742f1ac\" data-element_type=\"container\" data-settings=\"{&quot;jet_parallax_layout_list&quot;:[],&quot;background_background&quot;:&quot;classic&quot;}\">\n\t\t\t\t\t<div class=\"e-con-inner\">\n\t\t<div class=\"elementor-element elementor-element-6d846f6 e-con-full e-flex e-con e-child\" data-id=\"6d846f6\" data-element_type=\"container\" data-settings=\"{&quot;jet_parallax_layout_list&quot;:[],&quot;background_background&quot;:&quot;classic&quot;}\">\n\t\t\t\t<div class=\"elementor-element elementor-element-1a39097 elementor-widget elementor-widget-google_maps\" data-id=\"1a39097\" data-element_type=\"widget\" data-widget_type=\"google_maps.default\">\n\t\t\t\t<div class=\"elementor-widget-container\">\n\t\t\t\t\t\t\t<div class=\"elementor-custom-embed\">\n\t\t\t<iframe loading=\"lazy\"\n\t\t\t\t\tsrc=\"https:\/\/maps.google.com\/maps?q=Granollers%2C%20Barcelona%2C%20Espa%C3%B1a&#038;t=m&#038;z=10&#038;output=embed&#038;iwloc=near\"\n\t\t\t\t\ttitle=\"Granollers, Barcelona, Espanya\"\n\t\t\t\t\taria-label=\"Granollers, Barcelona, Espanya\"\n\t\t\t><\/iframe>\n\t\t<\/div>\n\t\t\t\t\t\t<\/div>\n\t\t\t\t<\/div>\n\t\t\t\t<\/div>\n\t\t<div class=\"elementor-element elementor-element-57106cb e-con-full e-flex e-con e-child\" data-id=\"57106cb\" data-element_type=\"container\" data-settings=\"{&quot;jet_parallax_layout_list&quot;:[]}\">\n\t\t\t\t<div class=\"elementor-element elementor-element-3d7299e elementor-widget elementor-widget-heading\" data-id=\"3d7299e\" data-element_type=\"widget\" data-widget_type=\"heading.default\">\n\t\t\t\t<div class=\"elementor-widget-container\">\n\t\t\t\t\t<h2 class=\"elementor-heading-title elementor-size-default\">La nostra missi\u00f3: Revolucionar l&#039;exhibici\u00f3 de samarretes<\/h2>\t\t\t\t<\/div>\n\t\t\t\t<\/div>\n\t\t\t\t<div class=\"elementor-element elementor-element-fbc3652 elementor-widget elementor-widget-text-editor\" data-id=\"fbc3652\" data-element_type=\"widget\" data-widget_type=\"text-editor.default\">\n\t\t\t\t<div class=\"elementor-widget-container\">\n\t\t\t\t\t\t\t\t\t<p><span style=\"font-weight: 400;\">Redefinir la manera com les samarretes de col\u00b7lecci\u00f3 s\u00f3n exhibides, oferint una soluci\u00f3 que cap altre marc al mercat pot igualar. La nostra passi\u00f3 \u00e9s preservar els records mentre realcem el seu valor amb un producte completament innovador.<\/span><\/p>\t\t\t\t\t\t\t\t<\/div>\n\t\t\t\t<\/div>\n\t\t\t\t<\/div>\n\t\t\t\t\t<\/div>\n\t\t\t\t<\/div>\n\t\t<div class=\"elementor-element elementor-element-674e275 e-con-full e-flex e-con e-parent\" data-id=\"674e275\" data-element_type=\"container\" data-settings=\"{&quot;background_background&quot;:&quot;classic&quot;,&quot;jet_parallax_layout_list&quot;:[]}\">\n\t\t\t\t<div class=\"elementor-element elementor-element-6ba093c elementor-widget elementor-widget-heading\" data-id=\"6ba093c\" data-element_type=\"widget\" data-widget_type=\"heading.default\">\n\t\t\t\t<div class=\"elementor-widget-container\">\n\t\t\t\t\t<h2 class=\"elementor-heading-title elementor-size-default\">Personalitza el teu marc al teu gust<\/h2>\t\t\t\t<\/div>\n\t\t\t\t<\/div>\n\t\t\t\t<div class=\"elementor-element elementor-element-e5b687d elementor-widget__width-initial elementor-widget elementor-widget-text-editor\" data-id=\"e5b687d\" data-element_type=\"widget\" data-widget_type=\"text-editor.default\">\n\t\t\t\t<div class=\"elementor-widget-container\">\n\t\t\t\t\t\t\t\t\t<p><span style=\"font-weight: 400;\">Fes que la teva samarreta destaqui encara m\u00e9s amb les nostres opcions de personalitzaci\u00f3. Pots afegir una placa commemorativa personalitzable, ideal per donar-li un toc \u00fanic a aquesta samarreta especial que mereix un lloc destacat a casa teva.<\/span><\/p>\t\t\t\t\t\t\t\t<\/div>\n\t\t\t\t<\/div>\n\t\t\t\t<div class=\"elementor-element elementor-element-07fed51 elementor-align-center elementor-widget elementor-widget-button\" data-id=\"07fed51\" data-element_type=\"widget\" data-widget_type=\"button.default\">\n\t\t\t\t<div class=\"elementor-widget-container\">\n\t\t\t\t\t\t\t\t\t<div class=\"elementor-button-wrapper\">\n\t\t\t\t\t<a class=\"elementor-button elementor-button-link elementor-size-sm\" href=\"https:\/\/tframesport.com\/ca\/tienda\/\">\n\t\t\t\t\t\t<span class=\"elementor-button-content-wrapper\">\n\t\t\t\t\t\t\t\t\t<span class=\"elementor-button-text\">Botiga<\/span>\n\t\t\t\t\t<\/span>\n\t\t\t\t\t<\/a>\n\t\t\t\t<\/div>\n\t\t\t\t\t\t\t\t<\/div>\n\t\t\t\t<\/div>\n\t\t\t\t<\/div>\n\t\t\t\t<\/div>","protected":false},"excerpt":{"rendered":"<p>Contacte Tens alguna pregunta? Som aqu\u00ed per ajudar-te. A T-FRAME volem que tinguis la millor experi\u00e8ncia possible, per aix\u00f2 estem disponibles per respondre qualsevol dubte o consulta que tinguis sobre els nostres marcs per a samarretes. Completa el formulari a continuaci\u00f3 i ens posarem en contacte amb tu r\u00e0pidament! O contacta&#039;ns directament mitjan\u00e7ant: info@tframesport.com SOBRE NOSALTRES T-FRAME: Passi\u00f3 [\u2026]<\/p>","protected":false},"author":1,"featured_media":0,"parent":0,"menu_order":0,"comment_status":"closed","ping_status":"closed","template":"","meta":{"footnotes":""},"class_list":["post-27","page","type-page","status-publish","hentry"],"yoast_head":"<!-- This site is optimized with the Yoast SEO plugin v26.3 - https:\/\/yoast.com\/wordpress\/plugins\/seo\/ -->\n<title>Contacto - T-Frame<\/title>\n<meta name=\"robots\" content=\"index, follow, max-snippet:-1, max-image-preview:large, max-video-preview:-1\" \/>\n<link rel=\"canonical\" href=\"https:\/\/tframesport.com\/ca\/contacto\/\" \/>\n<meta property=\"og:locale\" content=\"ca_ES\" \/>\n<meta property=\"og:type\" content=\"article\" \/>\n<meta property=\"og:title\" content=\"Contacto - T-Frame\" \/>\n<meta property=\"og:description\" content=\"Contacto \u00bfTienes alguna pregunta? Estamos aqu\u00ed para ayudarte. En T-FRAME queremos que tengas la mejor experiencia posible, por eso estamos disponibles para responder cualquier duda o consulta que tengas sobre nuestros marcos para camisetas.\u00a0 \u00a1Completa el formulario a continuaci\u00f3n y nos pondremos en contacto contigo r\u00e1pidamente! O cont\u00e1ctanos directamente mediante: info@tframesport.com SOBRE NOSOTROS T-FRAME: Pasi\u00f3n [&hellip;]\" \/>\n<meta property=\"og:url\" content=\"https:\/\/tframesport.com\/ca\/contacto\/\" \/>\n<meta property=\"og:site_name\" content=\"T-Frame\" \/>\n<meta property=\"article:modified_time\" content=\"2025-05-19T11:54:17+00:00\" \/>\n<meta name=\"twitter:card\" content=\"summary_large_image\" \/>\n<meta name=\"twitter:label1\" content=\"Temps estimat de lectura\" \/>\n\t<meta name=\"twitter:data1\" content=\"2 minuts\" \/>\n<script type=\"application\/ld+json\" class=\"yoast-schema-graph\">{\"@context\":\"https:\/\/schema.org\",\"@graph\":[{\"@type\":\"WebPage\",\"@id\":\"https:\/\/tframesport.com\/contacto\/\",\"url\":\"https:\/\/tframesport.com\/contacto\/\",\"name\":\"Contacto - T-Frame\",\"isPartOf\":{\"@id\":\"https:\/\/tframesport.com\/#website\"},\"datePublished\":\"2024-11-12T14:42:32+00:00\",\"dateModified\":\"2025-05-19T11:54:17+00:00\",\"breadcrumb\":{\"@id\":\"https:\/\/tframesport.com\/contacto\/#breadcrumb\"},\"inLanguage\":\"ca\",\"potentialAction\":[{\"@type\":\"ReadAction\",\"target\":[\"https:\/\/tframesport.com\/contacto\/\"]}]},{\"@type\":\"BreadcrumbList\",\"@id\":\"https:\/\/tframesport.com\/contacto\/#breadcrumb\",\"itemListElement\":[{\"@type\":\"ListItem\",\"position\":1,\"name\":\"Portada\",\"item\":\"https:\/\/tframesport.com\/\"},{\"@type\":\"ListItem\",\"position\":2,\"name\":\"Contacto\"}]},{\"@type\":\"WebSite\",\"@id\":\"https:\/\/tframesport.com\/#website\",\"url\":\"https:\/\/tframesport.com\/\",\"name\":\"T-Frame\",\"description\":\"Enmarca lo que amas, protege lo que importa\",\"publisher\":{\"@id\":\"https:\/\/tframesport.com\/#organization\"},\"potentialAction\":[{\"@type\":\"SearchAction\",\"target\":{\"@type\":\"EntryPoint\",\"urlTemplate\":\"https:\/\/tframesport.com\/?s={search_term_string}\"},\"query-input\":{\"@type\":\"PropertyValueSpecification\",\"valueRequired\":true,\"valueName\":\"search_term_string\"}}],\"inLanguage\":\"ca\"},{\"@type\":\"Organization\",\"@id\":\"https:\/\/tframesport.com\/#organization\",\"name\":\"T-Frame\",\"url\":\"https:\/\/tframesport.com\/\",\"logo\":{\"@type\":\"ImageObject\",\"inLanguage\":\"ca\",\"@id\":\"https:\/\/tframesport.com\/#\/schema\/logo\/image\/\",\"url\":\"https:\/\/tframesport.com\/wp-content\/uploads\/2024\/11\/2.png\",\"contentUrl\":\"https:\/\/tframesport.com\/wp-content\/uploads\/2024\/11\/2.png\",\"width\":800,\"height\":500,\"caption\":\"T-Frame\"},\"image\":{\"@id\":\"https:\/\/tframesport.com\/#\/schema\/logo\/image\/\"}}]}<\/script>\n<!-- \/ Yoast SEO plugin. -->","yoast_head_json":{"title":"Contacte - T-Frame","robots":{"index":"index","follow":"follow","max-snippet":"max-snippet:-1","max-image-preview":"max-image-preview:large","max-video-preview":"max-video-preview:-1"},"canonical":"https:\/\/tframesport.com\/ca\/contacto\/","og_locale":"ca_ES","og_type":"article","og_title":"Contacto - T-Frame","og_description":"Contacto \u00bfTienes alguna pregunta? Estamos aqu\u00ed para ayudarte. En T-FRAME queremos que tengas la mejor experiencia posible, por eso estamos disponibles para responder cualquier duda o consulta que tengas sobre nuestros marcos para camisetas.\u00a0 \u00a1Completa el formulario a continuaci\u00f3n y nos pondremos en contacto contigo r\u00e1pidamente! O cont\u00e1ctanos directamente mediante: info@tframesport.com SOBRE NOSOTROS T-FRAME: Pasi\u00f3n [&hellip;]","og_url":"https:\/\/tframesport.com\/ca\/contacto\/","og_site_name":"T-Frame","article_modified_time":"2025-05-19T11:54:17+00:00","twitter_card":"summary_large_image","twitter_misc":{"Temps estimat de lectura":"2 minuts"},"schema":{"@context":"https:\/\/schema.org","@graph":[{"@type":"WebPage","@id":"https:\/\/tframesport.com\/contacto\/","url":"https:\/\/tframesport.com\/contacto\/","name":"Contacte - T-Frame","isPartOf":{"@id":"https:\/\/tframesport.com\/#website"},"datePublished":"2024-11-12T14:42:32+00:00","dateModified":"2025-05-19T11:54:17+00:00","breadcrumb":{"@id":"https:\/\/tframesport.com\/contacto\/#breadcrumb"},"inLanguage":"ca","potentialAction":[{"@type":"ReadAction","target":["https:\/\/tframesport.com\/contacto\/"]}]},{"@type":"BreadcrumbList","@id":"https:\/\/tframesport.com\/contacto\/#breadcrumb","itemListElement":[{"@type":"ListItem","position":1,"name":"Portada","item":"https:\/\/tframesport.com\/"},{"@type":"ListItem","position":2,"name":"Contacto"}]},{"@type":"WebSite","@id":"https:\/\/tframesport.com\/#website","url":"https:\/\/tframesport.com\/","name":"T-Frame","description":"Emmarca el que estimes, protegeix el que importa","publisher":{"@id":"https:\/\/tframesport.com\/#organization"},"potentialAction":[{"@type":"SearchAction","target":{"@type":"EntryPoint","urlTemplate":"https:\/\/tframesport.com\/?s={search_term_string}"},"query-input":{"@type":"PropertyValueSpecification","valueRequired":true,"valueName":"search_term_string"}}],"inLanguage":"ca"},{"@type":"Organization","@id":"https:\/\/tframesport.com\/#organization","name":"T-Frame","url":"https:\/\/tframesport.com\/","logo":{"@type":"ImageObject","inLanguage":"ca","@id":"https:\/\/tframesport.com\/#\/schema\/logo\/image\/","url":"https:\/\/tframesport.com\/wp-content\/uploads\/2024\/11\/2.png","contentUrl":"https:\/\/tframesport.com\/wp-content\/uploads\/2024\/11\/2.png","width":800,"height":500,"caption":"T-Frame"},"image":{"@id":"https:\/\/tframesport.com\/#\/schema\/logo\/image\/"}}]}},"_links":{"self":[{"href":"https:\/\/tframesport.com\/ca\/wp-json\/wp\/v2\/pages\/27","targetHints":{"allow":["GET"]}}],"collection":[{"href":"https:\/\/tframesport.com\/ca\/wp-json\/wp\/v2\/pages"}],"about":[{"href":"https:\/\/tframesport.com\/ca\/wp-json\/wp\/v2\/types\/page"}],"author":[{"embeddable":true,"href":"https:\/\/tframesport.com\/ca\/wp-json\/wp\/v2\/users\/1"}],"replies":[{"embeddable":true,"href":"https:\/\/tframesport.com\/ca\/wp-json\/wp\/v2\/comments?post=27"}],"version-history":[{"count":103,"href":"https:\/\/tframesport.com\/ca\/wp-json\/wp\/v2\/pages\/27\/revisions"}],"predecessor-version":[{"id":1383,"href":"https:\/\/tframesport.com\/ca\/wp-json\/wp\/v2\/pages\/27\/revisions\/1383"}],"wp:attachment":[{"href":"https:\/\/tframesport.com\/ca\/wp-json\/wp\/v2\/media?parent=27"}],"curies":[{"name":"wp","href":"https:\/\/api.w.org\/{rel}","templated":true}]}}