{"id":220,"date":"2024-11-15T09:18:38","date_gmt":"2024-11-15T09:18:38","guid":{"rendered":"https:\/\/tframesport.com\/aviso-legal-copy\/"},"modified":"2025-01-22T15:49:15","modified_gmt":"2025-01-22T14:49:15","slug":"politica-de-privacidad","status":"publish","type":"page","link":"https:\/\/tframesport.com\/ca\/politica-de-privacidad\/","title":{"rendered":"Pol\u00edtica de Privadesa"},"content":{"rendered":"<div data-elementor-type=\"wp-page\" data-elementor-id=\"220\" class=\"elementor elementor-220\" data-elementor-post-type=\"page\">\n\t\t\t\t<div class=\"elementor-element elementor-element-8896771 e-flex e-con-boxed e-con e-parent\" data-id=\"8896771\" data-element_type=\"container\" data-settings=\"{&quot;background_background&quot;:&quot;classic&quot;,&quot;jet_parallax_layout_list&quot;:[]}\">\n\t\t\t\t\t<div class=\"e-con-inner\">\n\t\t\t\t<div class=\"elementor-element elementor-element-4656f10 elementor-widget elementor-widget-heading\" data-id=\"4656f10\" data-element_type=\"widget\" data-widget_type=\"heading.default\">\n\t\t\t\t<div class=\"elementor-widget-container\">\n\t\t\t\t\t<h2 class=\"elementor-heading-title elementor-size-default\">Pol\u00edtica de Privadesa<\/h2>\t\t\t\t<\/div>\n\t\t\t\t<\/div>\n\t\t\t\t\t<\/div>\n\t\t\t\t<\/div>\n\t\t<div class=\"elementor-element elementor-element-11ea52e e-flex e-con-boxed e-con e-parent\" data-id=\"11ea52e\" data-element_type=\"container\" data-settings=\"{&quot;jet_parallax_layout_list&quot;:[]}\">\n\t\t\t\t\t<div class=\"e-con-inner\">\n\t\t\t\t<div class=\"elementor-element elementor-element-09835dd elementor-widget elementor-widget-text-editor\" data-id=\"09835dd\" data-element_type=\"widget\" data-widget_type=\"text-editor.default\">\n\t\t\t\t<div class=\"elementor-widget-container\">\n\t\t\t\t\t\t\t\t\t<p><strong>Responsable del Tractament<\/strong><\/p>\n<ul>\n<li><strong>Empresa:<\/strong> RMB SPORTS, SL<\/li>\n<li><strong>NIF:<\/strong> B13678008<\/li>\n<li><strong>Responsable:<\/strong> Ramon Manzanera<\/li>\n<li><strong>Domicili:<\/strong> Carrer Corr\u00f3, 290 2-C, 08401 Granollers (Barcelona)<\/li>\n<li><strong>Tel\u00e8fon:<\/strong> 625 218 198<\/li>\n<li><strong>Correu electr\u00f2nic:<\/strong> <a rel=\"noopener\">contacto@sportsrmb.com<\/a><\/li>\n<\/ul>\n<p><strong>1. Identitat del Responsable del Tractament<\/strong><\/p>\n<p>D&#039;acord amb el que estableix el Reglament (UE) 2016\/679 del Parlament Europeu i del Consell, de 27 d&#039;abril de 2016 (d&#039;ara endavant, \u201cRGPD\u201d), i la normativa vigent en mat\u00e8ria de protecci\u00f3 de dades, us informem que les dades personals facilitades seran tractades per <strong>RMB SPORTS, SL<\/strong>, amb <strong>NIF B13678008<\/strong> i domicili a <strong>Carrer Curro 290 2-C, 08401 Granollers (Barcelona)<\/strong>.<\/p>\n<p><strong>2. Finalitat del Tractament<\/strong><\/p>\n<p>Les dades personals proporcionades pels usuaris seran tractades amb la finalitat de gestionar les consultes realitzades a trav\u00e9s del lloc web, aix\u00ed com per mantenir la relaci\u00f3 comercial si escau, i gestionar els serveis sol\u00b7licitats.<\/p>\n<p><strong>3. Legitimaci\u00f3 del Tractament<\/strong><\/p>\n<p>La base legal per al tractament de les vostres dades \u00e9s el consentiment de l&#039;interessat, que se sol\u00b7licita en el moment de proporcionar les vostres dades, aix\u00ed com l&#039;execuci\u00f3 d&#039;un contracte en cas que hi hagi relaci\u00f3 comercial.<\/p>\n<p><strong>4. Conservaci\u00f3 de les Dades<\/strong><\/p>\n<p>Les dades personals proporcionades es conservaran mentre es mantingui la relaci\u00f3 comercial o durant els anys necessaris per complir les obligacions legals.<\/p>\n<p><strong>5. Drets dels Usuaris<\/strong><\/p>\n<p>L&#039;usuari t\u00e9 dret a accedir a les seves dades personals, rectificar-les, suprimir-les, oposar-se al seu tractament, limitar-lo, o sol\u00b7licitar-ne la portabilitat, dirigint-se per escrit a l&#039;adre\u00e7a de correu electr\u00f2nic <strong><a rel=\"noopener\">contacto@sportsrmb.com<\/a><\/strong>, incloent una c\u00f2pia del vostre DNI o document equivalent que acrediti la seva identitat.<\/p>\n<p><strong>6. Comunicaci\u00f3 de Dades a Tercers<\/strong><\/p>\n<p>Les dades personals no se cediran a tercers, llevat que hi hagi una obligaci\u00f3 legal o sigui necess\u00e0ria per a la prestaci\u00f3 del servei sol\u00b7licitat.<\/p>\n<p><strong>7. Mesures de Seguretat<\/strong><\/p>\n<p><strong>RMB SPORTS, SL<\/strong> adopta les mesures de seguretat necess\u00e0ries per garantir la protecci\u00f3 de les dades personals tractades i evitar-ne l&#039;alteraci\u00f3, la p\u00e8rdua, el tractament o l&#039;acc\u00e9s no autoritzat.<\/p>\t\t\t\t\t\t\t\t<\/div>\n\t\t\t\t<\/div>\n\t\t\t\t\t<\/div>\n\t\t\t\t<\/div>\n\t\t\t\t<\/div>","protected":false},"excerpt":{"rendered":"<p>Responsable del Tratamiento Empresa: RMB SPORTS, SL NIF: B13678008 Responsable: Ram\u00f3n Manzanera Domicilio: Carrer Corr\u00f3, 290 2-C, 08401 Granollers (Barcelona) Tel\u00e9fono: 625 218 198 Correo electr\u00f3nico: contacto@sportsrmb.com 1. Identidad del Responsable del Tratamiento De acuerdo con lo establecido en el Reglamento (UE) 2016\/679 del Parlamento Europeo y del Consejo, de 27 de abril de 2016 [&hellip;]<\/p>","protected":false},"author":1,"featured_media":0,"parent":0,"menu_order":0,"comment_status":"closed","ping_status":"closed","template":"","meta":{"footnotes":""},"class_list":["post-220","page","type-page","status-publish","hentry"],"yoast_head":"<!-- This site is optimized with the Yoast SEO plugin v26.3 - https:\/\/yoast.com\/wordpress\/plugins\/seo\/ -->\n<title>Pol\u00edtica de Privacidad - T-Frame<\/title>\n<meta name=\"robots\" content=\"index, follow, max-snippet:-1, max-image-preview:large, max-video-preview:-1\" \/>\n<link rel=\"canonical\" href=\"https:\/\/tframesport.com\/ca\/politica-de-privacidad\/\" \/>\n<meta property=\"og:locale\" content=\"ca_ES\" \/>\n<meta property=\"og:type\" content=\"article\" \/>\n<meta property=\"og:title\" content=\"Pol\u00edtica de Privacidad - T-Frame\" \/>\n<meta property=\"og:description\" content=\"Responsable del Tratamiento Empresa: RMB SPORTS, SL NIF: B13678008 Responsable: Ram\u00f3n Manzanera Domicilio: Carrer Corr\u00f3, 290 2-C, 08401 Granollers (Barcelona) Tel\u00e9fono: 625 218 198 Correo electr\u00f3nico: contacto@sportsrmb.com 1. Identidad del Responsable del Tratamiento De acuerdo con lo establecido en el Reglamento (UE) 2016\/679 del Parlamento Europeo y del Consejo, de 27 de abril de 2016 [&hellip;]\" \/>\n<meta property=\"og:url\" content=\"https:\/\/tframesport.com\/ca\/politica-de-privacidad\/\" \/>\n<meta property=\"og:site_name\" content=\"T-Frame\" \/>\n<meta property=\"article:modified_time\" content=\"2025-01-22T14:49:15+00:00\" \/>\n<meta name=\"twitter:card\" content=\"summary_large_image\" \/>\n<meta name=\"twitter:label1\" content=\"Temps estimat de lectura\" \/>\n\t<meta name=\"twitter:data1\" content=\"2 minuts\" \/>\n<script type=\"application\/ld+json\" class=\"yoast-schema-graph\">{\"@context\":\"https:\/\/schema.org\",\"@graph\":[{\"@type\":\"WebPage\",\"@id\":\"https:\/\/tframesport.com\/politica-de-privacidad\/\",\"url\":\"https:\/\/tframesport.com\/politica-de-privacidad\/\",\"name\":\"Pol\u00edtica de Privacidad - T-Frame\",\"isPartOf\":{\"@id\":\"https:\/\/tframesport.com\/#website\"},\"datePublished\":\"2024-11-15T09:18:38+00:00\",\"dateModified\":\"2025-01-22T14:49:15+00:00\",\"breadcrumb\":{\"@id\":\"https:\/\/tframesport.com\/politica-de-privacidad\/#breadcrumb\"},\"inLanguage\":\"ca\",\"potentialAction\":[{\"@type\":\"ReadAction\",\"target\":[\"https:\/\/tframesport.com\/politica-de-privacidad\/\"]}]},{\"@type\":\"BreadcrumbList\",\"@id\":\"https:\/\/tframesport.com\/politica-de-privacidad\/#breadcrumb\",\"itemListElement\":[{\"@type\":\"ListItem\",\"position\":1,\"name\":\"Portada\",\"item\":\"https:\/\/tframesport.com\/\"},{\"@type\":\"ListItem\",\"position\":2,\"name\":\"Pol\u00edtica de Privacidad\"}]},{\"@type\":\"WebSite\",\"@id\":\"https:\/\/tframesport.com\/#website\",\"url\":\"https:\/\/tframesport.com\/\",\"name\":\"T-Frame\",\"description\":\"Enmarca lo que amas, protege lo que importa\",\"publisher\":{\"@id\":\"https:\/\/tframesport.com\/#organization\"},\"potentialAction\":[{\"@type\":\"SearchAction\",\"target\":{\"@type\":\"EntryPoint\",\"urlTemplate\":\"https:\/\/tframesport.com\/?s={search_term_string}\"},\"query-input\":{\"@type\":\"PropertyValueSpecification\",\"valueRequired\":true,\"valueName\":\"search_term_string\"}}],\"inLanguage\":\"ca\"},{\"@type\":\"Organization\",\"@id\":\"https:\/\/tframesport.com\/#organization\",\"name\":\"T-Frame\",\"url\":\"https:\/\/tframesport.com\/\",\"logo\":{\"@type\":\"ImageObject\",\"inLanguage\":\"ca\",\"@id\":\"https:\/\/tframesport.com\/#\/schema\/logo\/image\/\",\"url\":\"https:\/\/tframesport.com\/wp-content\/uploads\/2024\/11\/2.png\",\"contentUrl\":\"https:\/\/tframesport.com\/wp-content\/uploads\/2024\/11\/2.png\",\"width\":800,\"height\":500,\"caption\":\"T-Frame\"},\"image\":{\"@id\":\"https:\/\/tframesport.com\/#\/schema\/logo\/image\/\"}}]}<\/script>\n<!-- \/ Yoast SEO plugin. -->","yoast_head_json":{"title":"Pol\u00edtica de Privacidad - T-Frame","robots":{"index":"index","follow":"follow","max-snippet":"max-snippet:-1","max-image-preview":"max-image-preview:large","max-video-preview":"max-video-preview:-1"},"canonical":"https:\/\/tframesport.com\/ca\/politica-de-privacidad\/","og_locale":"ca_ES","og_type":"article","og_title":"Pol\u00edtica de Privacidad - T-Frame","og_description":"Responsable del Tratamiento Empresa: RMB SPORTS, SL NIF: B13678008 Responsable: Ram\u00f3n Manzanera Domicilio: Carrer Corr\u00f3, 290 2-C, 08401 Granollers (Barcelona) Tel\u00e9fono: 625 218 198 Correo electr\u00f3nico: contacto@sportsrmb.com 1. Identidad del Responsable del Tratamiento De acuerdo con lo establecido en el Reglamento (UE) 2016\/679 del Parlamento Europeo y del Consejo, de 27 de abril de 2016 [&hellip;]","og_url":"https:\/\/tframesport.com\/ca\/politica-de-privacidad\/","og_site_name":"T-Frame","article_modified_time":"2025-01-22T14:49:15+00:00","twitter_card":"summary_large_image","twitter_misc":{"Temps estimat de lectura":"2 minuts"},"schema":{"@context":"https:\/\/schema.org","@graph":[{"@type":"WebPage","@id":"https:\/\/tframesport.com\/politica-de-privacidad\/","url":"https:\/\/tframesport.com\/politica-de-privacidad\/","name":"Pol\u00edtica de Privacidad - T-Frame","isPartOf":{"@id":"https:\/\/tframesport.com\/#website"},"datePublished":"2024-11-15T09:18:38+00:00","dateModified":"2025-01-22T14:49:15+00:00","breadcrumb":{"@id":"https:\/\/tframesport.com\/politica-de-privacidad\/#breadcrumb"},"inLanguage":"ca","potentialAction":[{"@type":"ReadAction","target":["https:\/\/tframesport.com\/politica-de-privacidad\/"]}]},{"@type":"BreadcrumbList","@id":"https:\/\/tframesport.com\/politica-de-privacidad\/#breadcrumb","itemListElement":[{"@type":"ListItem","position":1,"name":"Portada","item":"https:\/\/tframesport.com\/"},{"@type":"ListItem","position":2,"name":"Pol\u00edtica de Privacidad"}]},{"@type":"WebSite","@id":"https:\/\/tframesport.com\/#website","url":"https:\/\/tframesport.com\/","name":"T-Frame","description":"Emmarca el que estimes, protegeix el que importa","publisher":{"@id":"https:\/\/tframesport.com\/#organization"},"potentialAction":[{"@type":"SearchAction","target":{"@type":"EntryPoint","urlTemplate":"https:\/\/tframesport.com\/?s={search_term_string}"},"query-input":{"@type":"PropertyValueSpecification","valueRequired":true,"valueName":"search_term_string"}}],"inLanguage":"ca"},{"@type":"Organization","@id":"https:\/\/tframesport.com\/#organization","name":"T-Frame","url":"https:\/\/tframesport.com\/","logo":{"@type":"ImageObject","inLanguage":"ca","@id":"https:\/\/tframesport.com\/#\/schema\/logo\/image\/","url":"https:\/\/tframesport.com\/wp-content\/uploads\/2024\/11\/2.png","contentUrl":"https:\/\/tframesport.com\/wp-content\/uploads\/2024\/11\/2.png","width":800,"height":500,"caption":"T-Frame"},"image":{"@id":"https:\/\/tframesport.com\/#\/schema\/logo\/image\/"}}]}},"_links":{"self":[{"href":"https:\/\/tframesport.com\/ca\/wp-json\/wp\/v2\/pages\/220","targetHints":{"allow":["GET"]}}],"collection":[{"href":"https:\/\/tframesport.com\/ca\/wp-json\/wp\/v2\/pages"}],"about":[{"href":"https:\/\/tframesport.com\/ca\/wp-json\/wp\/v2\/types\/page"}],"author":[{"embeddable":true,"href":"https:\/\/tframesport.com\/ca\/wp-json\/wp\/v2\/users\/1"}],"replies":[{"embeddable":true,"href":"https:\/\/tframesport.com\/ca\/wp-json\/wp\/v2\/comments?post=220"}],"version-history":[{"count":10,"href":"https:\/\/tframesport.com\/ca\/wp-json\/wp\/v2\/pages\/220\/revisions"}],"predecessor-version":[{"id":1063,"href":"https:\/\/tframesport.com\/ca\/wp-json\/wp\/v2\/pages\/220\/revisions\/1063"}],"wp:attachment":[{"href":"https:\/\/tframesport.com\/ca\/wp-json\/wp\/v2\/media?parent=220"}],"curies":[{"name":"wp","href":"https:\/\/api.w.org\/{rel}","templated":true}]}}