{"id":1512,"date":"2025-07-10T12:34:22","date_gmt":"2025-07-10T10:34:22","guid":{"rendered":"https:\/\/tframesport.com\/?page_id=1512"},"modified":"2025-07-10T12:36:06","modified_gmt":"2025-07-10T10:36:06","slug":"enmarcar-camisetas-deportivas-en-badalona","status":"publish","type":"page","link":"https:\/\/tframesport.com\/ca\/enmarcar-camisetas-deportivas-en-badalona\/","title":{"rendered":"Emmarcar samarretes esportives a Badalona"},"content":{"rendered":"<div data-elementor-type=\"wp-page\" data-elementor-id=\"1512\" class=\"elementor elementor-1512\" data-elementor-post-type=\"page\">\n\t\t\t\t<div class=\"elementor-element elementor-element-4ff7dde e-flex e-con-boxed e-con e-parent\" data-id=\"4ff7dde\" data-element_type=\"container\" data-settings=\"{&quot;background_background&quot;:&quot;classic&quot;,&quot;jet_parallax_layout_list&quot;:[]}\">\n\t\t\t\t\t<div class=\"e-con-inner\">\n\t\t\t\t<div class=\"elementor-element elementor-element-96584c3 elementor-widget elementor-widget-heading\" data-id=\"96584c3\" data-element_type=\"widget\" data-widget_type=\"heading.default\">\n\t\t\t\t<div class=\"elementor-widget-container\">\n\t\t\t\t\t<h1 class=\"elementor-heading-title elementor-size-default\">Emmarcar samarretes esportives a Badalona<\/h1>\t\t\t\t<\/div>\n\t\t\t\t<\/div>\n\t\t\t\t\t<\/div>\n\t\t\t\t<\/div>\n\t\t<div class=\"elementor-element elementor-element-de11fe5 e-flex e-con-boxed e-con e-parent\" data-id=\"de11fe5\" data-element_type=\"container\" data-settings=\"{&quot;jet_parallax_layout_list&quot;:[]}\">\n\t\t\t\t\t<div class=\"e-con-inner\">\n\t\t<div class=\"elementor-element elementor-element-381d0c9 e-con-full e-flex e-con e-child\" data-id=\"381d0c9\" data-element_type=\"container\" data-settings=\"{&quot;jet_parallax_layout_list&quot;:[],&quot;background_background&quot;:&quot;classic&quot;}\">\n\t\t\t\t<\/div>\n\t\t<div class=\"elementor-element elementor-element-8d27f53 e-con-full e-flex e-con e-child\" data-id=\"8d27f53\" data-element_type=\"container\" data-settings=\"{&quot;jet_parallax_layout_list&quot;:[]}\">\n\t\t\t\t<div class=\"elementor-element elementor-element-42d6cbf elementor-widget elementor-widget-text-editor\" data-id=\"42d6cbf\" data-element_type=\"widget\" data-widget_type=\"text-editor.default\">\n\t\t\t\t<div class=\"elementor-widget-container\">\n\t\t\t\t\t\t\t\t\t<p data-start=\"291\" data-end=\"727\">Cada samarreta esportiva t\u00e9 una hist\u00f2ria: un gol inoblidable, una firma especial, una final guanyada o una temporada per al record. Si vius a Badalona i tens una pe\u00e7a amb valor emocional o hist\u00f2ric, <strong data-start=\"500\" data-end=\"545\">emmarcar samarretes esportives a Badalona<\/strong> \u00e9s la millor manera de rendir-li homenatge i conservar-la com es mereix. I si busques fer-ho amb acabats impecables, protecci\u00f3 duradora i disseny exclusiu, T-Frame \u00e9s el teu millor aliat.<\/p><h2 data-start=\"734\" data-end=\"831\">Per qu\u00e8 emmarcar samarretes esportives a Badalona \u00e9s una decisi\u00f3 que transcendeix el que \u00e9s decoratiu<\/h2><p data-start=\"833\" data-end=\"1114\">Moltes persones guarden samarretes signades per \u00eddols, equipacions del seu primer equip o records de moments \u00fanics. Per\u00f2 deixar-les en un calaix, doblegades o exposades sense protecci\u00f3, acaba deteriorant el teixit, perdent color o fins i tot perjudicant-se per humitat, pols o llum solar.<\/p><p data-start=\"1116\" data-end=\"1518\">Optar per <strong data-start=\"1126\" data-end=\"1171\">emmarcar samarretes esportives a Badalona<\/strong> no \u00e9s nom\u00e9s una decisi\u00f3 est\u00e8tica. \u00c9s una manera de protegir un objecte carregat de valor simb\u00f2lic. \u00c9s transformar una pe\u00e7a en una pe\u00e7a decorativa que puguis exhibir a casa, al teu despatx, a la teva botiga o en un espai esportiu. I fer-ho b\u00e9 requereix comptar amb un marc especialitzat, dissenyat per cuidar cada detall sense fer malb\u00e9 la samarreta.<\/p>\t\t\t\t\t\t\t\t<\/div>\n\t\t\t\t<\/div>\n\t\t\t\t<\/div>\n\t\t\t\t\t<\/div>\n\t\t\t\t<\/div>\n\t\t<div class=\"elementor-element elementor-element-7a32a1f e-flex e-con-boxed e-con e-parent\" data-id=\"7a32a1f\" data-element_type=\"container\" data-settings=\"{&quot;jet_parallax_layout_list&quot;:[],&quot;background_background&quot;:&quot;classic&quot;}\">\n\t\t\t\t\t<div class=\"e-con-inner\">\n\t\t<div class=\"elementor-element elementor-element-7f9c90c e-con-full e-flex e-con e-child\" data-id=\"7f9c90c\" data-element_type=\"container\" data-settings=\"{&quot;jet_parallax_layout_list&quot;:[]}\">\n\t\t\t\t<div class=\"elementor-element elementor-element-bd4d279 elementor-widget elementor-widget-text-editor\" data-id=\"bd4d279\" data-element_type=\"widget\" data-widget_type=\"text-editor.default\">\n\t\t\t\t<div class=\"elementor-widget-container\">\n\t\t\t\t\t\t\t\t\t<h2 data-start=\"1525\" data-end=\"1621\">Emmarcar samarretes esportives a Badalona amb T-Frame: qualitat, innovaci\u00f3 i disseny exclusiu<\/h2><p data-start=\"1623\" data-end=\"1891\">T-Frame \u00e9s la marca de refer\u00e8ncia per als que volen <strong data-start=\"1678\" data-end=\"1723\">emmarcar samarretes esportives a Badalona<\/strong> amb els m\u00e9s alts est\u00e0ndards. El seu sistema patentat ha estat creat espec\u00edficament per a aquest tipus de peces, evitant els errors comuns dels marcs convencionals.<\/p><p data-start=\"1893\" data-end=\"1919\">Qu\u00e8 fa \u00fanic T-Frame?<\/p><ul data-start=\"1921\" data-end=\"2477\"><li data-start=\"1921\" data-end=\"2044\"><p data-start=\"1923\" data-end=\"2044\"><strong data-start=\"1923\" data-end=\"1953\">Protecci\u00f3 contra raigs UV<\/strong>: ideal per conservar els colors i firmes originals sense que es deteriorin amb el temps.<\/p><\/li><li data-start=\"2045\" data-end=\"2162\"><p data-start=\"2047\" data-end=\"2162\"><strong data-start=\"2047\" data-end=\"2084\">Metacrilat d&#039;alta transpar\u00e8ncia<\/strong>: molt m\u00e9s segur i modern que el vidre, sense reflexos ni risc de trencament.<\/p><\/li><li data-start=\"2163\" data-end=\"2277\"><p data-start=\"2165\" data-end=\"2277\"><strong data-start=\"2165\" data-end=\"2192\">Sense agulles ni adhesius<\/strong>: el muntatge es realitza sense perforar ni doblegar la samarreta, respectant-ne la integritat.<\/p><\/li><li data-start=\"2278\" data-end=\"2372\"><p data-start=\"2280\" data-end=\"2372\"><strong data-start=\"2280\" data-end=\"2317\">Muntatge r\u00e0pid i sense eines<\/strong>: gr\u00e0cies a un sistema intu\u00eftiu i v\u00eddeos explicatius.<\/p><\/li><li data-start=\"2373\" data-end=\"2477\"><p data-start=\"2375\" data-end=\"2477\"><strong data-start=\"2375\" data-end=\"2393\">Disseny modern<\/strong>: pensat per adaptar-se a tota mena d&#039;espais, des de salons fins a museus esportius.<\/p><\/li><\/ul><p data-start=\"2479\" data-end=\"2705\">Comptar amb T-Frame per <strong data-start=\"2503\" data-end=\"2548\">emmarcar samarretes esportives a Badalona<\/strong> \u00e9s sin\u00f2nim de seguretat, durabilitat i est\u00e8tica professional. No \u00e9s un marc m\u00e9s;<\/p><h2 data-start=\"2712\" data-end=\"2785\">Emmarcar samarretes esportives a Badalona \u00e9s ara m\u00e9s f\u00e0cil que mai<\/h2><p data-start=\"2787\" data-end=\"3092\">Si vius a Badalona o rodalies, pots accedir f\u00e0cilment als productes de T-Frame a trav\u00e9s de la seva botiga en l\u00ednia, amb enviament r\u00e0pid i atenci\u00f3 personalitzada. A m\u00e9s, el muntatge \u00e9s tan senzill que no necessites ser un expert: tu mateix ho podr\u00e0s fer en pocs minuts, seguint els passos del tutorial.<\/p><p data-start=\"3094\" data-end=\"3166\"><strong data-start=\"3094\" data-end=\"3139\">Emmarcar samarretes esportives a Badalona<\/strong> amb T-Frame \u00e9s ideal per a:<\/p><ul data-start=\"3168\" data-end=\"3454\"><li data-start=\"3168\" data-end=\"3228\"><p data-start=\"3170\" data-end=\"3228\">Esportistes que desitgen conservar les samarretes hist\u00f2riques.<\/p><\/li><li data-start=\"3229\" data-end=\"3299\"><p data-start=\"3231\" data-end=\"3299\">Aficionats que tenen samarretes signades o d&#039;edicions especials.<\/p><\/li><li data-start=\"3300\" data-end=\"3373\"><p data-start=\"3302\" data-end=\"3373\">Col\u00b7leccionistes que cerquen solucions d&#039;exposici\u00f3 segures i est\u00e8tiques.<\/p><\/li><li data-start=\"3374\" data-end=\"3454\"><p data-start=\"3376\" data-end=\"3454\">Comer\u00e7os, gimnasos o restaurants tem\u00e0tics que desitgen exhibir-ne la identitat.<\/p><\/li><\/ul><p data-start=\"3456\" data-end=\"3622\">Gr\u00e0cies al disseny elegant, els materials premium i la funcionalitat impecable, el marc T-Frame no nom\u00e9s preserva la pe\u00e7a, sin\u00f3 que la converteix en protagonista.<\/p>\t\t\t\t\t\t\t\t<\/div>\n\t\t\t\t<\/div>\n\t\t\t\t<\/div>\n\t\t<div class=\"elementor-element elementor-element-60de7fc e-con-full e-flex e-con e-child\" data-id=\"60de7fc\" data-element_type=\"container\" data-settings=\"{&quot;jet_parallax_layout_list&quot;:[],&quot;background_background&quot;:&quot;classic&quot;}\">\n\t\t\t\t<\/div>\n\t\t\t\t\t<\/div>\n\t\t\t\t<\/div>\n\t\t<div class=\"elementor-element elementor-element-3d34a26 e-flex e-con-boxed e-con e-parent\" data-id=\"3d34a26\" data-element_type=\"container\" data-settings=\"{&quot;background_background&quot;:&quot;classic&quot;,&quot;jet_parallax_layout_list&quot;:[]}\">\n\t\t\t\t\t<div class=\"e-con-inner\">\n\t\t<div class=\"elementor-element elementor-element-97cbd8d e-con-full e-flex e-con e-child\" data-id=\"97cbd8d\" data-element_type=\"container\" data-settings=\"{&quot;jet_parallax_layout_list&quot;:[]}\">\n\t\t<div class=\"elementor-element elementor-element-8a557bb e-con-full e-flex e-con e-child\" data-id=\"8a557bb\" data-element_type=\"container\" data-settings=\"{&quot;jet_parallax_layout_list&quot;:[]}\">\n\t\t\t\t<div class=\"elementor-element elementor-element-98eb872 elementor-widget elementor-widget-heading\" data-id=\"98eb872\" data-element_type=\"widget\" data-widget_type=\"heading.default\">\n\t\t\t\t<div class=\"elementor-widget-container\">\n\t\t\t\t\t<h2 class=\"elementor-heading-title elementor-size-default\">Tens alguna pregunta? <br>Som aqu\u00ed per ajudar-te.<\/h2>\t\t\t\t<\/div>\n\t\t\t\t<\/div>\n\t\t\t\t<div class=\"elementor-element elementor-element-2561332 elementor-widget__width-initial elementor-widget elementor-widget-text-editor\" data-id=\"2561332\" data-element_type=\"widget\" data-widget_type=\"text-editor.default\">\n\t\t\t\t<div class=\"elementor-widget-container\">\n\t\t\t\t\t\t\t\t\t<p><span style=\"font-weight: 400;\">A T-FRAME volem que tinguis la millor experi\u00e8ncia possible, per aix\u00f2 estem disponibles per respondre qualsevol dubte o consulta que tinguis sobre els nostres marcs per a samarretes.\u00a0<\/span><\/p><p><span style=\"font-weight: 400;\">Completa el formulari a continuaci\u00f3 i ens posarem en contacte amb tu r\u00e0pidament!<\/span><\/p>\t\t\t\t\t\t\t\t<\/div>\n\t\t\t\t<\/div>\n\t\t\t\t<div class=\"elementor-element elementor-element-c626da8 elementor-widget elementor-widget-heading\" data-id=\"c626da8\" data-element_type=\"widget\" data-widget_type=\"heading.default\">\n\t\t\t\t<div class=\"elementor-widget-container\">\n\t\t\t\t\t<h2 class=\"elementor-heading-title elementor-size-default\">O contacta&#039;ns directament mitjan\u00e7ant:<\/h2>\t\t\t\t<\/div>\n\t\t\t\t<\/div>\n\t\t\t\t<div class=\"elementor-element elementor-element-8a4ed11 elementor-mobile-align-left elementor-icon-list--layout-traditional elementor-list-item-link-full_width elementor-widget elementor-widget-icon-list\" data-id=\"8a4ed11\" data-element_type=\"widget\" data-widget_type=\"icon-list.default\">\n\t\t\t\t<div class=\"elementor-widget-container\">\n\t\t\t\t\t\t\t<ul class=\"elementor-icon-list-items\">\n\t\t\t\t\t\t\t<li class=\"elementor-icon-list-item\">\n\t\t\t\t\t\t\t\t\t\t\t<a href=\"mailto:info@tframesport.com\" target=\"_blank\">\n\n\t\t\t\t\t\t\t\t\t\t\t\t<span class=\"elementor-icon-list-icon\">\n\t\t\t\t\t\t\t<svg aria-hidden=\"true\" class=\"e-font-icon-svg e-fas-envelope\" viewbox=\"0 0 512 512\" xmlns=\"http:\/\/www.w3.org\/2000\/svg\"><path d=\"M502.3 190.8c3.9-3.1 9.7-.2 9.7 4.7V400c0 26.5-21.5 48-48 48H48c-26.5 0-48-21.5-48-48V195.6c0-5 5.7-7.8 9.7-4.7 22.4 17.4 52.1 39.5 154.1 113.6 21.1 15.4 56.7 47.8 92.2 47.6 35.7.3 72-32.8 92.3-47.6 102-74.1 131.6-96.3 154-113.7zM256 320c23.2.4 56.6-29.2 73.4-41.4 132.7-96.3 142.8-104.7 173.4-128.7 5.8-4.5 9.2-11.5 9.2-18.9v-19c0-26.5-21.5-48-48-48H48C21.5 64 0 85.5 0 112v19c0 7.4 3.4 14.3 9.2 18.9 30.6 23.9 40.7 32.4 173.4 128.7 16.8 12.2 50.2 41.8 73.4 41.4z\"><\/path><\/svg>\t\t\t\t\t\t<\/span>\n\t\t\t\t\t\t\t\t\t\t<span class=\"elementor-icon-list-text\">info@tframesport.com<\/span>\n\t\t\t\t\t\t\t\t\t\t\t<\/a>\n\t\t\t\t\t\t\t\t\t<\/li>\n\t\t\t\t\t\t<\/ul>\n\t\t\t\t\t\t<\/div>\n\t\t\t\t<\/div>\n\t\t\t\t<\/div>\n\t\t<div class=\"elementor-element elementor-element-5af7de6 e-con-full e-flex e-con e-child\" data-id=\"5af7de6\" data-element_type=\"container\" data-settings=\"{&quot;background_background&quot;:&quot;classic&quot;,&quot;jet_parallax_layout_list&quot;:[]}\">\n\t\t\t\t<div class=\"elementor-element elementor-element-7ad3de0 elementor-button-align-stretch elementor-widget elementor-widget-form\" data-id=\"7ad3de0\" data-element_type=\"widget\" data-settings=\"{&quot;step_next_label&quot;:&quot;Next&quot;,&quot;step_previous_label&quot;:&quot;Previous&quot;,&quot;button_width&quot;:&quot;100&quot;,&quot;step_type&quot;:&quot;number_text&quot;,&quot;step_icon_shape&quot;:&quot;circle&quot;}\" data-widget_type=\"form.default\">\n\t\t\t\t<div class=\"elementor-widget-container\">\n\t\t\t\t\t\t\t<form class=\"elementor-form\" method=\"post\" name=\"Nou formulari\" aria-label=\"Nou formulari\" action=\"\">\n\t\t\t<input type=\"hidden\" name=\"post_id\" value=\"1512\"\/>\n\t\t\t<input type=\"hidden\" name=\"form_id\" value=\"7ad3de0\"\/>\n\t\t\t<input type=\"hidden\" name=\"referer_title\" value=\"Enmarcar camisetas deportivas en Badalona - T-Frame\" \/>\n\n\t\t\t\t\t\t\t<input type=\"hidden\" name=\"queried_id\" value=\"1512\"\/>\n\t\t\t\n\t\t\t<div class=\"elementor-form-fields-wrapper elementor-labels-above\">\n\t\t\t\t\t\t\t\t<div class=\"elementor-field-type-text elementor-field-group elementor-column elementor-field-group-name elementor-col-50 elementor-field-required\">\n\t\t\t\t\t\t\t\t\t\t\t\t<label for=\"form-field-name\" class=\"elementor-field-label\">\n\t\t\t\t\t\t\t\tNom*\t\t\t\t\t\t\t<\/label>\n\t\t\t\t\t\t\t\t\t\t\t\t\t\t<input size=\"1\" type=\"text\" name=\"form_fields[name]\" id=\"form-field-name\" class=\"elementor-field elementor-size-sm  elementor-field-textual\" required=\"required\">\n\t\t\t\t\t\t\t\t\t\t\t<\/div>\n\t\t\t\t\t\t\t\t<div class=\"elementor-field-type-email elementor-field-group elementor-column elementor-field-group-email elementor-col-50 elementor-field-required\">\n\t\t\t\t\t\t\t\t\t\t\t\t<label for=\"form-field-email\" class=\"elementor-field-label\">\n\t\t\t\t\t\t\t\tCorreu electr\u00f2nic*\t\t\t\t\t\t\t<\/label>\n\t\t\t\t\t\t\t\t\t\t\t\t\t\t<input size=\"1\" type=\"email\" name=\"form_fields[email]\" id=\"form-field-email\" class=\"elementor-field elementor-size-sm  elementor-field-textual\" required=\"required\">\n\t\t\t\t\t\t\t\t\t\t\t<\/div>\n\t\t\t\t\t\t\t\t<div class=\"elementor-field-type-tel elementor-field-group elementor-column elementor-field-group-field_859852b elementor-col-100 elementor-field-required\">\n\t\t\t\t\t\t\t\t\t\t\t\t<label for=\"form-field-field_859852b\" class=\"elementor-field-label\">\n\t\t\t\t\t\t\t\tTel\u00e8fon*\t\t\t\t\t\t\t<\/label>\n\t\t\t\t\t\t\t\t<input size=\"1\" type=\"tel\" name=\"form_fields[field_859852b]\" id=\"form-field-field_859852b\" class=\"elementor-field elementor-size-sm  elementor-field-textual\" required=\"required\" pattern=\"[0-9()#&amp;+*-=.]+\" title=\"Only numbers and phone characters (#, -, *, etc) are accepted.\" data-no-translation-title=\"\">\n\n\t\t\t\t\t\t<\/div>\n\t\t\t\t\t\t\t\t<div class=\"elementor-field-type-textarea elementor-field-group elementor-column elementor-field-group-message elementor-col-100 elementor-field-required\">\n\t\t\t\t\t\t\t\t\t\t\t\t<label for=\"form-field-message\" class=\"elementor-field-label\">\n\t\t\t\t\t\t\t\tMissatge*\t\t\t\t\t\t\t<\/label>\n\t\t\t\t\t\t<textarea class=\"elementor-field-textual elementor-field  elementor-size-sm\" name=\"form_fields[message]\" id=\"form-field-message\" rows=\"4\" required=\"required\"><\/textarea>\t\t\t\t<\/div>\n\t\t\t\t\t\t\t\t<div class=\"elementor-field-type-acceptance elementor-field-group elementor-column elementor-field-group-field_531ca8f elementor-col-100 elementor-field-required\">\n\t\t\t\t\t\t\t<div class=\"elementor-field-subgroup\">\n\t\t\t<span class=\"elementor-field-option\">\n\t\t\t\t<input type=\"checkbox\" name=\"form_fields[field_531ca8f]\" id=\"form-field-field_531ca8f\" class=\"elementor-field elementor-size-sm  elementor-acceptance-field\" required=\"required\">\n\t\t\t\t<label for=\"form-field-field_531ca8f\"><span >Accepto la <a href=\"https:\/\/tframesport.com\/ca\/politica-de-privacidad\/\">pol\u00edtica de privadesa<\/a> i la tramesa d&#039;informaci\u00f3.<\/span><\/label>\t\t\t<\/span>\n\t\t<\/div>\n\t\t\t\t\t\t<\/div>\n\t\t\t\t\t\t\t\t<div class=\"elementor-field-type-recaptcha_v3 elementor-field-group elementor-column elementor-field-group-field_cc39f3d elementor-col-100 recaptcha_v3-bottomleft\">\n\t\t\t\t\t<div class=\"elementor-field\" id=\"form-field-field_cc39f3d\"><div class=\"elementor-g-recaptcha\" data-sitekey=\"6Ldv0KMqAAAAAEi7JXvVAPnVNtIdk63sT4hkFePy\" data-type=\"v3\" data-action=\"Form\" data-badge=\"bottomleft\" data-size=\"invisible\"><\/div><\/div>\t\t\t\t<\/div>\n\t\t\t\t\t\t\t\t<div class=\"elementor-field-type-text\">\n\t\t\t\t\t<input size=\"1\" type=\"text\" name=\"form_fields[field_37a2a12]\" id=\"form-field-field_37a2a12\" class=\"elementor-field elementor-size-sm\" style=\"display:none !important;\">\t\t\t\t<\/div>\n\t\t\t\t\t\t\t\t<div class=\"elementor-field-group elementor-column elementor-field-type-submit elementor-col-100 e-form__buttons\">\n\t\t\t\t\t<button class=\"elementor-button elementor-size-sm\" type=\"submit\">\n\t\t\t\t\t\t<span class=\"elementor-button-content-wrapper\">\n\t\t\t\t\t\t\t\t\t\t\t\t\t\t\t\t\t\t\t\t\t\t<span class=\"elementor-button-text\">Enviar<\/span>\n\t\t\t\t\t\t\t\t\t\t\t\t\t<\/span>\n\t\t\t\t\t<\/button>\n\t\t\t\t<\/div>\n\t\t\t<\/div>\n\t\t<input type=\"hidden\" name=\"trp-form-language\" value=\"ca\"\/><\/form>\n\t\t\t\t\t\t<\/div>\n\t\t\t\t<\/div>\n\t\t\t\t<\/div>\n\t\t\t\t<\/div>\n\t\t\t\t\t<\/div>\n\t\t\t\t<\/div>\n\t\t\t\t<\/div>","protected":false},"excerpt":{"rendered":"<p>Emmarcar samarretes esportives a Badalona Cada samarreta esportiva t\u00e9 una hist\u00f2ria: un gol inoblidable, una firma especial, una final guanyada o una temporada per al record. Si vius a Badalona i tens una pe\u00e7a de roba amb valor emocional o hist\u00f2ric, emmarcar samarretes esportives a Badalona \u00e9s la millor manera de rendir-li homenatge i conservar-la com es [...]<\/p>","protected":false},"author":2,"featured_media":0,"parent":0,"menu_order":0,"comment_status":"closed","ping_status":"closed","template":"","meta":{"footnotes":""},"class_list":["post-1512","page","type-page","status-publish","hentry"],"yoast_head":"<!-- This site is optimized with the Yoast SEO plugin v26.3 - https:\/\/yoast.com\/wordpress\/plugins\/seo\/ -->\n<title>Enmarcar camisetas deportivas en Badalona - T-Frame<\/title>\n<meta name=\"robots\" content=\"index, follow, max-snippet:-1, max-image-preview:large, max-video-preview:-1\" \/>\n<link rel=\"canonical\" href=\"https:\/\/tframesport.com\/ca\/enmarcar-camisetas-deportivas-en-badalona\/\" \/>\n<meta property=\"og:locale\" content=\"ca_ES\" \/>\n<meta property=\"og:type\" content=\"article\" \/>\n<meta property=\"og:title\" content=\"Enmarcar camisetas deportivas en Badalona - T-Frame\" \/>\n<meta property=\"og:description\" content=\"Enmarcar camisetas deportivas en Badalona Cada camiseta deportiva tiene una historia: un gol inolvidable, una firma especial, una final ganada o una temporada para el recuerdo. Si vives en Badalona y tienes una prenda con valor emocional o hist\u00f3rico, enmarcar camisetas deportivas en Badalona es la mejor forma de rendirle homenaje y conservarla como se [&hellip;]\" \/>\n<meta property=\"og:url\" content=\"https:\/\/tframesport.com\/ca\/enmarcar-camisetas-deportivas-en-badalona\/\" \/>\n<meta property=\"og:site_name\" content=\"T-Frame\" \/>\n<meta property=\"article:modified_time\" content=\"2025-07-10T10:36:06+00:00\" \/>\n<meta name=\"twitter:card\" content=\"summary_large_image\" \/>\n<meta name=\"twitter:label1\" content=\"Temps estimat de lectura\" \/>\n\t<meta name=\"twitter:data1\" content=\"3 minuts\" \/>\n<script type=\"application\/ld+json\" class=\"yoast-schema-graph\">{\"@context\":\"https:\/\/schema.org\",\"@graph\":[{\"@type\":\"WebPage\",\"@id\":\"https:\/\/tframesport.com\/enmarcar-camisetas-deportivas-en-badalona\/\",\"url\":\"https:\/\/tframesport.com\/enmarcar-camisetas-deportivas-en-badalona\/\",\"name\":\"Enmarcar camisetas deportivas en Badalona - T-Frame\",\"isPartOf\":{\"@id\":\"https:\/\/tframesport.com\/#website\"},\"datePublished\":\"2025-07-10T10:34:22+00:00\",\"dateModified\":\"2025-07-10T10:36:06+00:00\",\"breadcrumb\":{\"@id\":\"https:\/\/tframesport.com\/enmarcar-camisetas-deportivas-en-badalona\/#breadcrumb\"},\"inLanguage\":\"ca\",\"potentialAction\":[{\"@type\":\"ReadAction\",\"target\":[\"https:\/\/tframesport.com\/enmarcar-camisetas-deportivas-en-badalona\/\"]}]},{\"@type\":\"BreadcrumbList\",\"@id\":\"https:\/\/tframesport.com\/enmarcar-camisetas-deportivas-en-badalona\/#breadcrumb\",\"itemListElement\":[{\"@type\":\"ListItem\",\"position\":1,\"name\":\"Portada\",\"item\":\"https:\/\/tframesport.com\/\"},{\"@type\":\"ListItem\",\"position\":2,\"name\":\"Enmarcar camisetas deportivas en Badalona\"}]},{\"@type\":\"WebSite\",\"@id\":\"https:\/\/tframesport.com\/#website\",\"url\":\"https:\/\/tframesport.com\/\",\"name\":\"T-Frame\",\"description\":\"Enmarca lo que amas, protege lo que importa\",\"publisher\":{\"@id\":\"https:\/\/tframesport.com\/#organization\"},\"potentialAction\":[{\"@type\":\"SearchAction\",\"target\":{\"@type\":\"EntryPoint\",\"urlTemplate\":\"https:\/\/tframesport.com\/?s={search_term_string}\"},\"query-input\":{\"@type\":\"PropertyValueSpecification\",\"valueRequired\":true,\"valueName\":\"search_term_string\"}}],\"inLanguage\":\"ca\"},{\"@type\":\"Organization\",\"@id\":\"https:\/\/tframesport.com\/#organization\",\"name\":\"T-Frame\",\"url\":\"https:\/\/tframesport.com\/\",\"logo\":{\"@type\":\"ImageObject\",\"inLanguage\":\"ca\",\"@id\":\"https:\/\/tframesport.com\/#\/schema\/logo\/image\/\",\"url\":\"https:\/\/tframesport.com\/wp-content\/uploads\/2024\/11\/2.png\",\"contentUrl\":\"https:\/\/tframesport.com\/wp-content\/uploads\/2024\/11\/2.png\",\"width\":800,\"height\":500,\"caption\":\"T-Frame\"},\"image\":{\"@id\":\"https:\/\/tframesport.com\/#\/schema\/logo\/image\/\"}}]}<\/script>\n<!-- \/ Yoast SEO plugin. -->","yoast_head_json":{"title":"Enmarcar camisetas deportivas en Badalona - T-Frame","robots":{"index":"index","follow":"follow","max-snippet":"max-snippet:-1","max-image-preview":"max-image-preview:large","max-video-preview":"max-video-preview:-1"},"canonical":"https:\/\/tframesport.com\/ca\/enmarcar-camisetas-deportivas-en-badalona\/","og_locale":"ca_ES","og_type":"article","og_title":"Enmarcar camisetas deportivas en Badalona - T-Frame","og_description":"Enmarcar camisetas deportivas en Badalona Cada camiseta deportiva tiene una historia: un gol inolvidable, una firma especial, una final ganada o una temporada para el recuerdo. Si vives en Badalona y tienes una prenda con valor emocional o hist\u00f3rico, enmarcar camisetas deportivas en Badalona es la mejor forma de rendirle homenaje y conservarla como se [&hellip;]","og_url":"https:\/\/tframesport.com\/ca\/enmarcar-camisetas-deportivas-en-badalona\/","og_site_name":"T-Frame","article_modified_time":"2025-07-10T10:36:06+00:00","twitter_card":"summary_large_image","twitter_misc":{"Temps estimat de lectura":"3 minuts"},"schema":{"@context":"https:\/\/schema.org","@graph":[{"@type":"WebPage","@id":"https:\/\/tframesport.com\/enmarcar-camisetas-deportivas-en-badalona\/","url":"https:\/\/tframesport.com\/enmarcar-camisetas-deportivas-en-badalona\/","name":"Enmarcar camisetas deportivas en Badalona - T-Frame","isPartOf":{"@id":"https:\/\/tframesport.com\/#website"},"datePublished":"2025-07-10T10:34:22+00:00","dateModified":"2025-07-10T10:36:06+00:00","breadcrumb":{"@id":"https:\/\/tframesport.com\/enmarcar-camisetas-deportivas-en-badalona\/#breadcrumb"},"inLanguage":"ca","potentialAction":[{"@type":"ReadAction","target":["https:\/\/tframesport.com\/enmarcar-camisetas-deportivas-en-badalona\/"]}]},{"@type":"BreadcrumbList","@id":"https:\/\/tframesport.com\/enmarcar-camisetas-deportivas-en-badalona\/#breadcrumb","itemListElement":[{"@type":"ListItem","position":1,"name":"Portada","item":"https:\/\/tframesport.com\/"},{"@type":"ListItem","position":2,"name":"Enmarcar camisetas deportivas en Badalona"}]},{"@type":"WebSite","@id":"https:\/\/tframesport.com\/#website","url":"https:\/\/tframesport.com\/","name":"T-Frame","description":"Emmarca el que estimes, protegeix el que importa","publisher":{"@id":"https:\/\/tframesport.com\/#organization"},"potentialAction":[{"@type":"SearchAction","target":{"@type":"EntryPoint","urlTemplate":"https:\/\/tframesport.com\/?s={search_term_string}"},"query-input":{"@type":"PropertyValueSpecification","valueRequired":true,"valueName":"search_term_string"}}],"inLanguage":"ca"},{"@type":"Organization","@id":"https:\/\/tframesport.com\/#organization","name":"T-Frame","url":"https:\/\/tframesport.com\/","logo":{"@type":"ImageObject","inLanguage":"ca","@id":"https:\/\/tframesport.com\/#\/schema\/logo\/image\/","url":"https:\/\/tframesport.com\/wp-content\/uploads\/2024\/11\/2.png","contentUrl":"https:\/\/tframesport.com\/wp-content\/uploads\/2024\/11\/2.png","width":800,"height":500,"caption":"T-Frame"},"image":{"@id":"https:\/\/tframesport.com\/#\/schema\/logo\/image\/"}}]}},"_links":{"self":[{"href":"https:\/\/tframesport.com\/ca\/wp-json\/wp\/v2\/pages\/1512","targetHints":{"allow":["GET"]}}],"collection":[{"href":"https:\/\/tframesport.com\/ca\/wp-json\/wp\/v2\/pages"}],"about":[{"href":"https:\/\/tframesport.com\/ca\/wp-json\/wp\/v2\/types\/page"}],"author":[{"embeddable":true,"href":"https:\/\/tframesport.com\/ca\/wp-json\/wp\/v2\/users\/2"}],"replies":[{"embeddable":true,"href":"https:\/\/tframesport.com\/ca\/wp-json\/wp\/v2\/comments?post=1512"}],"version-history":[{"count":7,"href":"https:\/\/tframesport.com\/ca\/wp-json\/wp\/v2\/pages\/1512\/revisions"}],"predecessor-version":[{"id":1520,"href":"https:\/\/tframesport.com\/ca\/wp-json\/wp\/v2\/pages\/1512\/revisions\/1520"}],"wp:attachment":[{"href":"https:\/\/tframesport.com\/ca\/wp-json\/wp\/v2\/media?parent=1512"}],"curies":[{"name":"wp","href":"https:\/\/api.w.org\/{rel}","templated":true}]}}