{"id":1503,"date":"2025-07-10T12:30:20","date_gmt":"2025-07-10T10:30:20","guid":{"rendered":"https:\/\/tframesport.com\/?page_id=1503"},"modified":"2025-07-10T12:32:37","modified_gmt":"2025-07-10T10:32:37","slug":"enmarcar-camisetas-deportivas","status":"publish","type":"page","link":"https:\/\/tframesport.com\/ca\/enmarcar-camisetas-deportivas\/","title":{"rendered":"Emmarcar samarretes esportives"},"content":{"rendered":"<div data-elementor-type=\"wp-page\" data-elementor-id=\"1503\" class=\"elementor elementor-1503\" data-elementor-post-type=\"page\">\n\t\t\t\t<div class=\"elementor-element elementor-element-4ff7dde e-flex e-con-boxed e-con e-parent\" data-id=\"4ff7dde\" data-element_type=\"container\" data-settings=\"{&quot;background_background&quot;:&quot;classic&quot;,&quot;jet_parallax_layout_list&quot;:[]}\">\n\t\t\t\t\t<div class=\"e-con-inner\">\n\t\t\t\t<div class=\"elementor-element elementor-element-96584c3 elementor-widget elementor-widget-heading\" data-id=\"96584c3\" data-element_type=\"widget\" data-widget_type=\"heading.default\">\n\t\t\t\t<div class=\"elementor-widget-container\">\n\t\t\t\t\t<h1 class=\"elementor-heading-title elementor-size-default\">Emmarcar samarretes esportives<\/h1>\t\t\t\t<\/div>\n\t\t\t\t<\/div>\n\t\t\t\t\t<\/div>\n\t\t\t\t<\/div>\n\t\t<div class=\"elementor-element elementor-element-de11fe5 e-flex e-con-boxed e-con e-parent\" data-id=\"de11fe5\" data-element_type=\"container\" data-settings=\"{&quot;jet_parallax_layout_list&quot;:[]}\">\n\t\t\t\t\t<div class=\"e-con-inner\">\n\t\t<div class=\"elementor-element elementor-element-381d0c9 e-con-full e-flex e-con e-child\" data-id=\"381d0c9\" data-element_type=\"container\" data-settings=\"{&quot;jet_parallax_layout_list&quot;:[],&quot;background_background&quot;:&quot;classic&quot;}\">\n\t\t\t\t<\/div>\n\t\t<div class=\"elementor-element elementor-element-8d27f53 e-con-full e-flex e-con e-child\" data-id=\"8d27f53\" data-element_type=\"container\" data-settings=\"{&quot;jet_parallax_layout_list&quot;:[]}\">\n\t\t\t\t<div class=\"elementor-element elementor-element-42d6cbf elementor-widget elementor-widget-text-editor\" data-id=\"42d6cbf\" data-element_type=\"widget\" data-widget_type=\"text-editor.default\">\n\t\t\t\t<div class=\"elementor-widget-container\">\n\t\t\t\t\t\t\t\t\t<p data-start=\"246\" data-end=\"648\">Hi ha samarretes que van m\u00e9s enll\u00e0 del t\u00e8xtil. Representen vict\u00f2ries, esfor\u00e7, passi\u00f3 i moments que mereixen ser celebrats cada dia. Si tu tamb\u00e9 tens una pe\u00e7a que explica una hist\u00f2ria inoblidable, <strong data-start=\"446\" data-end=\"479\">emmarcar samarretes esportives<\/strong> \u00e9s la millor manera de conservar-la i exhibir-la amb orgull. I si busques fer-ho amb qualitat, disseny i tecnologia especialitzada, T-Frame \u00e9s la marca que necessites con\u00e8ixer.<\/p><h2 data-start=\"655\" data-end=\"717\">Emmarcar samarretes esportives per conservar el que \u00e9s irrepetible<\/h2><p data-start=\"719\" data-end=\"1031\">Els qui viuen l&#039;esport intensament saben que una samarreta no \u00e9s nom\u00e9s una pe\u00e7a: \u00e9s un trofeu emocional. Ja sigui una el\u00e0stica signada pel teu \u00eddol, la que vas fer servir en una final o un regal amb valor sentimental, <strong data-start=\"931\" data-end=\"964\">emmarcar samarretes esportives<\/strong> permet transformar aquests records en peces \u00faniques de decoraci\u00f3.<\/p><p data-start=\"1033\" data-end=\"1411\">El problema sorgeix quan intentem protegir-les de forma improvisada: marcs gen\u00e8rics, materials de baixa qualitat, adhesius o agulles que fan malb\u00e9 el teixit. Lluny de protegir, aquests m\u00e8todes comprometen la durabilitat de la pe\u00e7a. Per aix\u00f2, el primer pas per <strong data-start=\"1295\" data-end=\"1328\">emmarcar samarretes esportives<\/strong> amb garanties \u00e9s triar un sistema professional dissenyat espec\u00edficament per fer-ho.<\/p>\t\t\t\t\t\t\t\t<\/div>\n\t\t\t\t<\/div>\n\t\t\t\t<\/div>\n\t\t\t\t\t<\/div>\n\t\t\t\t<\/div>\n\t\t<div class=\"elementor-element elementor-element-7a32a1f e-flex e-con-boxed e-con e-parent\" data-id=\"7a32a1f\" data-element_type=\"container\" data-settings=\"{&quot;jet_parallax_layout_list&quot;:[],&quot;background_background&quot;:&quot;classic&quot;}\">\n\t\t\t\t\t<div class=\"e-con-inner\">\n\t\t<div class=\"elementor-element elementor-element-7f9c90c e-con-full e-flex e-con e-child\" data-id=\"7f9c90c\" data-element_type=\"container\" data-settings=\"{&quot;jet_parallax_layout_list&quot;:[]}\">\n\t\t\t\t<div class=\"elementor-element elementor-element-bd4d279 elementor-widget elementor-widget-text-editor\" data-id=\"bd4d279\" data-element_type=\"widget\" data-widget_type=\"text-editor.default\">\n\t\t\t\t<div class=\"elementor-widget-container\">\n\t\t\t\t\t\t\t\t\t<h2 data-start=\"1418\" data-end=\"1490\">Per qu\u00e8 emmarcar samarretes esportives amb T-Frame marca la difer\u00e8ncia<\/h2><p data-start=\"1492\" data-end=\"1742\">T-Frame ha revolucionat la forma de <strong data-start=\"1529\" data-end=\"1562\">emmarcar samarretes esportives<\/strong> amb un sistema \u00fanic que cuida cada detall. No es tracta d\u201fadaptar un marc convencional, sin\u00f3 d\u201fhaver creat des de zero una soluci\u00f3 pensada per i per apassionats de l\u201fesport.<\/p><p data-start=\"1744\" data-end=\"1815\">Aquestes s\u00f3n algunes raons per les quals T-Frame \u00e9s l\u00edder en la seva categoria:<\/p><ul data-start=\"1817\" data-end=\"2327\"><li data-start=\"1817\" data-end=\"1912\"><p data-start=\"1819\" data-end=\"1912\"><strong data-start=\"1819\" data-end=\"1846\">Protecci\u00f3 UV avan\u00e7ada:<\/strong> per evitar el deteriorament causat per la llum i el pas del temps.<\/p><\/li><li data-start=\"1913\" data-end=\"2020\"><p data-start=\"1915\" data-end=\"2020\"><strong data-start=\"1915\" data-end=\"1953\">Metacrilat d&#039;alta transpar\u00e8ncia:<\/strong> que real\u00e7a els colors i detalls de la samarreta sense distorsions.<\/p><\/li><li data-start=\"2021\" data-end=\"2125\"><p data-start=\"2023\" data-end=\"2125\"><strong data-start=\"2023\" data-end=\"2059\">Muntatge sense agulles ni adhesius:<\/strong> la qual cosa garanteix que la pe\u00e7a no pateixi danys durant el proc\u00e9s.<\/p><\/li><li data-start=\"2126\" data-end=\"2228\"><p data-start=\"2128\" data-end=\"2228\"><strong data-start=\"2128\" data-end=\"2163\">Materials duradors i lleugers:<\/strong> que permeten penjar la pe\u00e7a a qualsevol paret de forma segura.<\/p><\/li><li data-start=\"2229\" data-end=\"2327\"><p data-start=\"2231\" data-end=\"2327\"><strong data-start=\"2231\" data-end=\"2261\">Disseny elegant i modern:<\/strong> ideal per a llars, oficines, museus, botigues o sales de trofeus.<\/p><\/li><\/ul><p data-start=\"2329\" data-end=\"2470\">Cada detall del marc ha estat dissenyat per aconseguir que <strong data-start=\"2385\" data-end=\"2418\">emmarcar samarretes esportives<\/strong> sigui una experi\u00e8ncia senzilla, segura i professional.<\/p><h2 data-start=\"2477\" data-end=\"2566\">Emmarcar samarretes esportives amb T-Frame: m\u00e9s que un marc, una declaraci\u00f3 de passi\u00f3<\/h2><p data-start=\"2568\" data-end=\"2801\">A m\u00e9s de la qualitat t\u00e8cnica, hi ha una cosa que distingeix T-Frame: la seva capacitat de convertir una samarreta en una obra d&#039;art. Perqu\u00e8 no es tracta nom\u00e9s de protegir-la, sin\u00f3 de real\u00e7ar-ne el valor simb\u00f2lic i donar-li el protagonisme que mereix.<\/p><p data-start=\"2803\" data-end=\"3113\"><strong data-start=\"2803\" data-end=\"2836\">Emmarcar samarretes esportives<\/strong> amb T-Frame \u00e9s una manera d&#039;explicar la teva hist\u00f2ria sense paraules. \u00c9s mostrar amb orgull aquest record que et va marcar, aquell equip que segueixes amb devoci\u00f3 o aquell moment que vas viure amb intensitat. I fer-ho amb un producte dissenyat per durar, respectar la pe\u00e7a i destacar-ne la bellesa.<\/p><p data-start=\"3115\" data-end=\"3371\">A m\u00e9s, T-Frame no nom\u00e9s ven marcs: ofereix una experi\u00e8ncia completa. Des dels vostres tutorials en v\u00eddeo fins a l&#039;atenci\u00f3 al client especialitzada, el proc\u00e9s est\u00e0 pensat perqu\u00e8 qualsevol persona pugui aconseguir un resultat professional sense complicacions.<\/p>\t\t\t\t\t\t\t\t<\/div>\n\t\t\t\t<\/div>\n\t\t\t\t<\/div>\n\t\t<div class=\"elementor-element elementor-element-60de7fc e-con-full e-flex e-con e-child\" data-id=\"60de7fc\" data-element_type=\"container\" data-settings=\"{&quot;jet_parallax_layout_list&quot;:[],&quot;background_background&quot;:&quot;classic&quot;}\">\n\t\t\t\t<\/div>\n\t\t\t\t\t<\/div>\n\t\t\t\t<\/div>\n\t\t<div class=\"elementor-element elementor-element-3d34a26 e-flex e-con-boxed e-con e-parent\" data-id=\"3d34a26\" data-element_type=\"container\" data-settings=\"{&quot;background_background&quot;:&quot;classic&quot;,&quot;jet_parallax_layout_list&quot;:[]}\">\n\t\t\t\t\t<div class=\"e-con-inner\">\n\t\t<div class=\"elementor-element elementor-element-97cbd8d e-con-full e-flex e-con e-child\" data-id=\"97cbd8d\" data-element_type=\"container\" data-settings=\"{&quot;jet_parallax_layout_list&quot;:[]}\">\n\t\t<div class=\"elementor-element elementor-element-8a557bb e-con-full e-flex e-con e-child\" data-id=\"8a557bb\" data-element_type=\"container\" data-settings=\"{&quot;jet_parallax_layout_list&quot;:[]}\">\n\t\t\t\t<div class=\"elementor-element elementor-element-98eb872 elementor-widget elementor-widget-heading\" data-id=\"98eb872\" data-element_type=\"widget\" data-widget_type=\"heading.default\">\n\t\t\t\t<div class=\"elementor-widget-container\">\n\t\t\t\t\t<h2 class=\"elementor-heading-title elementor-size-default\">Tens alguna pregunta? <br>Som aqu\u00ed per ajudar-te.<\/h2>\t\t\t\t<\/div>\n\t\t\t\t<\/div>\n\t\t\t\t<div class=\"elementor-element elementor-element-2561332 elementor-widget__width-initial elementor-widget elementor-widget-text-editor\" data-id=\"2561332\" data-element_type=\"widget\" data-widget_type=\"text-editor.default\">\n\t\t\t\t<div class=\"elementor-widget-container\">\n\t\t\t\t\t\t\t\t\t<p><span style=\"font-weight: 400;\">A T-FRAME volem que tinguis la millor experi\u00e8ncia possible, per aix\u00f2 estem disponibles per respondre qualsevol dubte o consulta que tinguis sobre els nostres marcs per a samarretes.\u00a0<\/span><\/p><p><span style=\"font-weight: 400;\">Completa el formulari a continuaci\u00f3 i ens posarem en contacte amb tu r\u00e0pidament!<\/span><\/p>\t\t\t\t\t\t\t\t<\/div>\n\t\t\t\t<\/div>\n\t\t\t\t<div class=\"elementor-element elementor-element-c626da8 elementor-widget elementor-widget-heading\" data-id=\"c626da8\" data-element_type=\"widget\" data-widget_type=\"heading.default\">\n\t\t\t\t<div class=\"elementor-widget-container\">\n\t\t\t\t\t<h2 class=\"elementor-heading-title elementor-size-default\">O contacta&#039;ns directament mitjan\u00e7ant:<\/h2>\t\t\t\t<\/div>\n\t\t\t\t<\/div>\n\t\t\t\t<div class=\"elementor-element elementor-element-8a4ed11 elementor-mobile-align-left elementor-icon-list--layout-traditional elementor-list-item-link-full_width elementor-widget elementor-widget-icon-list\" data-id=\"8a4ed11\" data-element_type=\"widget\" data-widget_type=\"icon-list.default\">\n\t\t\t\t<div class=\"elementor-widget-container\">\n\t\t\t\t\t\t\t<ul class=\"elementor-icon-list-items\">\n\t\t\t\t\t\t\t<li class=\"elementor-icon-list-item\">\n\t\t\t\t\t\t\t\t\t\t\t<a href=\"mailto:info@tframesport.com\" target=\"_blank\">\n\n\t\t\t\t\t\t\t\t\t\t\t\t<span class=\"elementor-icon-list-icon\">\n\t\t\t\t\t\t\t<svg aria-hidden=\"true\" class=\"e-font-icon-svg e-fas-envelope\" viewbox=\"0 0 512 512\" xmlns=\"http:\/\/www.w3.org\/2000\/svg\"><path d=\"M502.3 190.8c3.9-3.1 9.7-.2 9.7 4.7V400c0 26.5-21.5 48-48 48H48c-26.5 0-48-21.5-48-48V195.6c0-5 5.7-7.8 9.7-4.7 22.4 17.4 52.1 39.5 154.1 113.6 21.1 15.4 56.7 47.8 92.2 47.6 35.7.3 72-32.8 92.3-47.6 102-74.1 131.6-96.3 154-113.7zM256 320c23.2.4 56.6-29.2 73.4-41.4 132.7-96.3 142.8-104.7 173.4-128.7 5.8-4.5 9.2-11.5 9.2-18.9v-19c0-26.5-21.5-48-48-48H48C21.5 64 0 85.5 0 112v19c0 7.4 3.4 14.3 9.2 18.9 30.6 23.9 40.7 32.4 173.4 128.7 16.8 12.2 50.2 41.8 73.4 41.4z\"><\/path><\/svg>\t\t\t\t\t\t<\/span>\n\t\t\t\t\t\t\t\t\t\t<span class=\"elementor-icon-list-text\">info@tframesport.com<\/span>\n\t\t\t\t\t\t\t\t\t\t\t<\/a>\n\t\t\t\t\t\t\t\t\t<\/li>\n\t\t\t\t\t\t<\/ul>\n\t\t\t\t\t\t<\/div>\n\t\t\t\t<\/div>\n\t\t\t\t<\/div>\n\t\t<div class=\"elementor-element elementor-element-5af7de6 e-con-full e-flex e-con e-child\" data-id=\"5af7de6\" data-element_type=\"container\" data-settings=\"{&quot;background_background&quot;:&quot;classic&quot;,&quot;jet_parallax_layout_list&quot;:[]}\">\n\t\t\t\t<div class=\"elementor-element elementor-element-7ad3de0 elementor-button-align-stretch elementor-widget elementor-widget-form\" data-id=\"7ad3de0\" data-element_type=\"widget\" data-settings=\"{&quot;step_next_label&quot;:&quot;Next&quot;,&quot;step_previous_label&quot;:&quot;Previous&quot;,&quot;button_width&quot;:&quot;100&quot;,&quot;step_type&quot;:&quot;number_text&quot;,&quot;step_icon_shape&quot;:&quot;circle&quot;}\" data-widget_type=\"form.default\">\n\t\t\t\t<div class=\"elementor-widget-container\">\n\t\t\t\t\t\t\t<form class=\"elementor-form\" method=\"post\" name=\"Nou formulari\" aria-label=\"Nou formulari\" action=\"\">\n\t\t\t<input type=\"hidden\" name=\"post_id\" value=\"1503\"\/>\n\t\t\t<input type=\"hidden\" name=\"form_id\" value=\"7ad3de0\"\/>\n\t\t\t<input type=\"hidden\" name=\"referer_title\" value=\"Enmarcar camisetas deportivas - T-Frame\" \/>\n\n\t\t\t\t\t\t\t<input type=\"hidden\" name=\"queried_id\" value=\"1503\"\/>\n\t\t\t\n\t\t\t<div class=\"elementor-form-fields-wrapper elementor-labels-above\">\n\t\t\t\t\t\t\t\t<div class=\"elementor-field-type-text elementor-field-group elementor-column elementor-field-group-name elementor-col-50 elementor-field-required\">\n\t\t\t\t\t\t\t\t\t\t\t\t<label for=\"form-field-name\" class=\"elementor-field-label\">\n\t\t\t\t\t\t\t\tNom*\t\t\t\t\t\t\t<\/label>\n\t\t\t\t\t\t\t\t\t\t\t\t\t\t<input size=\"1\" type=\"text\" name=\"form_fields[name]\" id=\"form-field-name\" class=\"elementor-field elementor-size-sm  elementor-field-textual\" required=\"required\">\n\t\t\t\t\t\t\t\t\t\t\t<\/div>\n\t\t\t\t\t\t\t\t<div class=\"elementor-field-type-email elementor-field-group elementor-column elementor-field-group-email elementor-col-50 elementor-field-required\">\n\t\t\t\t\t\t\t\t\t\t\t\t<label for=\"form-field-email\" class=\"elementor-field-label\">\n\t\t\t\t\t\t\t\tCorreu electr\u00f2nic*\t\t\t\t\t\t\t<\/label>\n\t\t\t\t\t\t\t\t\t\t\t\t\t\t<input size=\"1\" type=\"email\" name=\"form_fields[email]\" id=\"form-field-email\" class=\"elementor-field elementor-size-sm  elementor-field-textual\" required=\"required\">\n\t\t\t\t\t\t\t\t\t\t\t<\/div>\n\t\t\t\t\t\t\t\t<div class=\"elementor-field-type-tel elementor-field-group elementor-column elementor-field-group-field_859852b elementor-col-100 elementor-field-required\">\n\t\t\t\t\t\t\t\t\t\t\t\t<label for=\"form-field-field_859852b\" class=\"elementor-field-label\">\n\t\t\t\t\t\t\t\tTel\u00e8fon*\t\t\t\t\t\t\t<\/label>\n\t\t\t\t\t\t\t\t<input size=\"1\" type=\"tel\" name=\"form_fields[field_859852b]\" id=\"form-field-field_859852b\" class=\"elementor-field elementor-size-sm  elementor-field-textual\" required=\"required\" pattern=\"[0-9()#&amp;+*-=.]+\" title=\"Nom\u00e9s s&#039;accepten n\u00fameros i car\u00e0cters de tel\u00e8fon (#, -, *, etc.).\" data-no-translation-title=\"\">\n\n\t\t\t\t\t\t<\/div>\n\t\t\t\t\t\t\t\t<div class=\"elementor-field-type-textarea elementor-field-group elementor-column elementor-field-group-message elementor-col-100 elementor-field-required\">\n\t\t\t\t\t\t\t\t\t\t\t\t<label for=\"form-field-message\" class=\"elementor-field-label\">\n\t\t\t\t\t\t\t\tMissatge*\t\t\t\t\t\t\t<\/label>\n\t\t\t\t\t\t<textarea class=\"elementor-field-textual elementor-field  elementor-size-sm\" name=\"form_fields[message]\" id=\"form-field-message\" rows=\"4\" required=\"required\"><\/textarea>\t\t\t\t<\/div>\n\t\t\t\t\t\t\t\t<div class=\"elementor-field-type-acceptance elementor-field-group elementor-column elementor-field-group-field_531ca8f elementor-col-100 elementor-field-required\">\n\t\t\t\t\t\t\t<div class=\"elementor-field-subgroup\">\n\t\t\t<span class=\"elementor-field-option\">\n\t\t\t\t<input type=\"checkbox\" name=\"form_fields[field_531ca8f]\" id=\"form-field-field_531ca8f\" class=\"elementor-field elementor-size-sm  elementor-acceptance-field\" required=\"required\">\n\t\t\t\t<label for=\"form-field-field_531ca8f\"><span >Accepto la <a href=\"https:\/\/tframesport.com\/ca\/politica-de-privacidad\/\">pol\u00edtica de privadesa<\/a> i la tramesa d&#039;informaci\u00f3.<\/span><\/label>\t\t\t<\/span>\n\t\t<\/div>\n\t\t\t\t\t\t<\/div>\n\t\t\t\t\t\t\t\t<div class=\"elementor-field-type-recaptcha_v3 elementor-field-group elementor-column elementor-field-group-field_cc39f3d elementor-col-100 recaptcha_v3-bottomleft\">\n\t\t\t\t\t<div class=\"elementor-field\" id=\"form-field-field_cc39f3d\"><div class=\"elementor-g-recaptcha\" data-sitekey=\"6Ldv0KMqAAAAAEi7JXvVAPnVNtIdk63sT4hkFePy\" data-type=\"v3\" data-action=\"Form\" data-badge=\"bottomleft\" data-size=\"invisible\"><\/div><\/div>\t\t\t\t<\/div>\n\t\t\t\t\t\t\t\t<div class=\"elementor-field-type-text\">\n\t\t\t\t\t<input size=\"1\" type=\"text\" name=\"form_fields[field_37a2a12]\" id=\"form-field-field_37a2a12\" class=\"elementor-field elementor-size-sm\" style=\"display:none !important;\">\t\t\t\t<\/div>\n\t\t\t\t\t\t\t\t<div class=\"elementor-field-group elementor-column elementor-field-type-submit elementor-col-100 e-form__buttons\">\n\t\t\t\t\t<button class=\"elementor-button elementor-size-sm\" type=\"submit\">\n\t\t\t\t\t\t<span class=\"elementor-button-content-wrapper\">\n\t\t\t\t\t\t\t\t\t\t\t\t\t\t\t\t\t\t\t\t\t\t<span class=\"elementor-button-text\">Enviar<\/span>\n\t\t\t\t\t\t\t\t\t\t\t\t\t<\/span>\n\t\t\t\t\t<\/button>\n\t\t\t\t<\/div>\n\t\t\t<\/div>\n\t\t<input type=\"hidden\" name=\"trp-form-language\" value=\"ca\"\/><\/form>\n\t\t\t\t\t\t<\/div>\n\t\t\t\t<\/div>\n\t\t\t\t<\/div>\n\t\t\t\t<\/div>\n\t\t\t\t\t<\/div>\n\t\t\t\t<\/div>\n\t\t\t\t<\/div>","protected":false},"excerpt":{"rendered":"<p>Emmarcar samarretes esportives Hi ha samarretes que van m\u00e9s enll\u00e0 del t\u00e8xtil. Representen vict\u00f2ries, esfor\u00e7, passi\u00f3 i moments que mereixen ser celebrats cada dia. Si tu tamb\u00e9 tens una pe\u00e7a que explica una hist\u00f2ria inoblidable, emmarcar samarretes esportives \u00e9s la millor manera de conservar-la i exhibir-la amb orgull. I si busques fer-ho amb qualitat, disseny i [\u2026]<\/p>","protected":false},"author":2,"featured_media":0,"parent":0,"menu_order":0,"comment_status":"closed","ping_status":"closed","template":"","meta":{"footnotes":""},"class_list":["post-1503","page","type-page","status-publish","hentry"],"yoast_head":"<!-- This site is optimized with the Yoast SEO plugin v26.3 - https:\/\/yoast.com\/wordpress\/plugins\/seo\/ -->\n<title>Enmarcar camisetas deportivas - T-Frame<\/title>\n<meta name=\"robots\" content=\"index, follow, max-snippet:-1, max-image-preview:large, max-video-preview:-1\" \/>\n<link rel=\"canonical\" href=\"https:\/\/tframesport.com\/ca\/enmarcar-camisetas-deportivas\/\" \/>\n<meta property=\"og:locale\" content=\"ca_ES\" \/>\n<meta property=\"og:type\" content=\"article\" \/>\n<meta property=\"og:title\" content=\"Enmarcar camisetas deportivas - T-Frame\" \/>\n<meta property=\"og:description\" content=\"Enmarcar camisetas deportivas Hay camisetas que van m\u00e1s all\u00e1 del textil. Representan victorias, esfuerzo, pasi\u00f3n y momentos que merecen ser celebrados cada d\u00eda. Si t\u00fa tambi\u00e9n tienes una prenda que cuenta una historia inolvidable, enmarcar camisetas deportivas es la mejor forma de conservarla y exhibirla con orgullo. Y si buscas hacerlo con calidad, dise\u00f1o y [&hellip;]\" \/>\n<meta property=\"og:url\" content=\"https:\/\/tframesport.com\/ca\/enmarcar-camisetas-deportivas\/\" \/>\n<meta property=\"og:site_name\" content=\"T-Frame\" \/>\n<meta property=\"article:modified_time\" content=\"2025-07-10T10:32:37+00:00\" \/>\n<meta name=\"twitter:card\" content=\"summary_large_image\" \/>\n<meta name=\"twitter:label1\" content=\"Temps estimat de lectura\" \/>\n\t<meta name=\"twitter:data1\" content=\"3 minuts\" \/>\n<script type=\"application\/ld+json\" class=\"yoast-schema-graph\">{\"@context\":\"https:\/\/schema.org\",\"@graph\":[{\"@type\":\"WebPage\",\"@id\":\"https:\/\/tframesport.com\/enmarcar-camisetas-deportivas\/\",\"url\":\"https:\/\/tframesport.com\/enmarcar-camisetas-deportivas\/\",\"name\":\"Enmarcar camisetas deportivas - T-Frame\",\"isPartOf\":{\"@id\":\"https:\/\/tframesport.com\/#website\"},\"datePublished\":\"2025-07-10T10:30:20+00:00\",\"dateModified\":\"2025-07-10T10:32:37+00:00\",\"breadcrumb\":{\"@id\":\"https:\/\/tframesport.com\/enmarcar-camisetas-deportivas\/#breadcrumb\"},\"inLanguage\":\"ca\",\"potentialAction\":[{\"@type\":\"ReadAction\",\"target\":[\"https:\/\/tframesport.com\/enmarcar-camisetas-deportivas\/\"]}]},{\"@type\":\"BreadcrumbList\",\"@id\":\"https:\/\/tframesport.com\/enmarcar-camisetas-deportivas\/#breadcrumb\",\"itemListElement\":[{\"@type\":\"ListItem\",\"position\":1,\"name\":\"Portada\",\"item\":\"https:\/\/tframesport.com\/\"},{\"@type\":\"ListItem\",\"position\":2,\"name\":\"Enmarcar camisetas deportivas\"}]},{\"@type\":\"WebSite\",\"@id\":\"https:\/\/tframesport.com\/#website\",\"url\":\"https:\/\/tframesport.com\/\",\"name\":\"T-Frame\",\"description\":\"Enmarca lo que amas, protege lo que importa\",\"publisher\":{\"@id\":\"https:\/\/tframesport.com\/#organization\"},\"potentialAction\":[{\"@type\":\"SearchAction\",\"target\":{\"@type\":\"EntryPoint\",\"urlTemplate\":\"https:\/\/tframesport.com\/?s={search_term_string}\"},\"query-input\":{\"@type\":\"PropertyValueSpecification\",\"valueRequired\":true,\"valueName\":\"search_term_string\"}}],\"inLanguage\":\"ca\"},{\"@type\":\"Organization\",\"@id\":\"https:\/\/tframesport.com\/#organization\",\"name\":\"T-Frame\",\"url\":\"https:\/\/tframesport.com\/\",\"logo\":{\"@type\":\"ImageObject\",\"inLanguage\":\"ca\",\"@id\":\"https:\/\/tframesport.com\/#\/schema\/logo\/image\/\",\"url\":\"https:\/\/tframesport.com\/wp-content\/uploads\/2024\/11\/2.png\",\"contentUrl\":\"https:\/\/tframesport.com\/wp-content\/uploads\/2024\/11\/2.png\",\"width\":800,\"height\":500,\"caption\":\"T-Frame\"},\"image\":{\"@id\":\"https:\/\/tframesport.com\/#\/schema\/logo\/image\/\"}}]}<\/script>\n<!-- \/ Yoast SEO plugin. -->","yoast_head_json":{"title":"Enmarcar camisetas deportivas - T-Frame","robots":{"index":"index","follow":"follow","max-snippet":"max-snippet:-1","max-image-preview":"max-image-preview:large","max-video-preview":"max-video-preview:-1"},"canonical":"https:\/\/tframesport.com\/ca\/enmarcar-camisetas-deportivas\/","og_locale":"ca_ES","og_type":"article","og_title":"Enmarcar camisetas deportivas - T-Frame","og_description":"Enmarcar camisetas deportivas Hay camisetas que van m\u00e1s all\u00e1 del textil. Representan victorias, esfuerzo, pasi\u00f3n y momentos que merecen ser celebrados cada d\u00eda. Si t\u00fa tambi\u00e9n tienes una prenda que cuenta una historia inolvidable, enmarcar camisetas deportivas es la mejor forma de conservarla y exhibirla con orgullo. Y si buscas hacerlo con calidad, dise\u00f1o y [&hellip;]","og_url":"https:\/\/tframesport.com\/ca\/enmarcar-camisetas-deportivas\/","og_site_name":"T-Frame","article_modified_time":"2025-07-10T10:32:37+00:00","twitter_card":"summary_large_image","twitter_misc":{"Temps estimat de lectura":"3 minuts"},"schema":{"@context":"https:\/\/schema.org","@graph":[{"@type":"WebPage","@id":"https:\/\/tframesport.com\/enmarcar-camisetas-deportivas\/","url":"https:\/\/tframesport.com\/enmarcar-camisetas-deportivas\/","name":"Enmarcar camisetas deportivas - T-Frame","isPartOf":{"@id":"https:\/\/tframesport.com\/#website"},"datePublished":"2025-07-10T10:30:20+00:00","dateModified":"2025-07-10T10:32:37+00:00","breadcrumb":{"@id":"https:\/\/tframesport.com\/enmarcar-camisetas-deportivas\/#breadcrumb"},"inLanguage":"ca","potentialAction":[{"@type":"ReadAction","target":["https:\/\/tframesport.com\/enmarcar-camisetas-deportivas\/"]}]},{"@type":"BreadcrumbList","@id":"https:\/\/tframesport.com\/enmarcar-camisetas-deportivas\/#breadcrumb","itemListElement":[{"@type":"ListItem","position":1,"name":"Portada","item":"https:\/\/tframesport.com\/"},{"@type":"ListItem","position":2,"name":"Enmarcar camisetas deportivas"}]},{"@type":"WebSite","@id":"https:\/\/tframesport.com\/#website","url":"https:\/\/tframesport.com\/","name":"T-Frame","description":"Emmarca el que estimes, protegeix el que importa","publisher":{"@id":"https:\/\/tframesport.com\/#organization"},"potentialAction":[{"@type":"SearchAction","target":{"@type":"EntryPoint","urlTemplate":"https:\/\/tframesport.com\/?s={search_term_string}"},"query-input":{"@type":"PropertyValueSpecification","valueRequired":true,"valueName":"search_term_string"}}],"inLanguage":"ca"},{"@type":"Organization","@id":"https:\/\/tframesport.com\/#organization","name":"T-Frame","url":"https:\/\/tframesport.com\/","logo":{"@type":"ImageObject","inLanguage":"ca","@id":"https:\/\/tframesport.com\/#\/schema\/logo\/image\/","url":"https:\/\/tframesport.com\/wp-content\/uploads\/2024\/11\/2.png","contentUrl":"https:\/\/tframesport.com\/wp-content\/uploads\/2024\/11\/2.png","width":800,"height":500,"caption":"T-Frame"},"image":{"@id":"https:\/\/tframesport.com\/#\/schema\/logo\/image\/"}}]}},"_links":{"self":[{"href":"https:\/\/tframesport.com\/ca\/wp-json\/wp\/v2\/pages\/1503","targetHints":{"allow":["GET"]}}],"collection":[{"href":"https:\/\/tframesport.com\/ca\/wp-json\/wp\/v2\/pages"}],"about":[{"href":"https:\/\/tframesport.com\/ca\/wp-json\/wp\/v2\/types\/page"}],"author":[{"embeddable":true,"href":"https:\/\/tframesport.com\/ca\/wp-json\/wp\/v2\/users\/2"}],"replies":[{"embeddable":true,"href":"https:\/\/tframesport.com\/ca\/wp-json\/wp\/v2\/comments?post=1503"}],"version-history":[{"count":7,"href":"https:\/\/tframesport.com\/ca\/wp-json\/wp\/v2\/pages\/1503\/revisions"}],"predecessor-version":[{"id":1511,"href":"https:\/\/tframesport.com\/ca\/wp-json\/wp\/v2\/pages\/1503\/revisions\/1511"}],"wp:attachment":[{"href":"https:\/\/tframesport.com\/ca\/wp-json\/wp\/v2\/media?parent=1503"}],"curies":[{"name":"wp","href":"https:\/\/api.w.org\/{rel}","templated":true}]}}