{"id":1459,"date":"2025-06-19T11:44:02","date_gmt":"2025-06-19T09:44:02","guid":{"rendered":"https:\/\/tframesport.com\/?page_id=1459"},"modified":"2025-06-19T11:46:30","modified_gmt":"2025-06-19T09:46:30","slug":"montaje-de-camisetas-en-sabadell","status":"publish","type":"page","link":"https:\/\/tframesport.com\/ca\/montaje-de-camisetas-en-sabadell\/","title":{"rendered":"Muntatge de samarretes a Sabadell"},"content":{"rendered":"<div data-elementor-type=\"wp-page\" data-elementor-id=\"1459\" class=\"elementor elementor-1459\" data-elementor-post-type=\"page\">\n\t\t\t\t<div class=\"elementor-element elementor-element-4ff7dde e-flex e-con-boxed e-con e-parent\" data-id=\"4ff7dde\" data-element_type=\"container\" data-settings=\"{&quot;background_background&quot;:&quot;classic&quot;,&quot;jet_parallax_layout_list&quot;:[]}\">\n\t\t\t\t\t<div class=\"e-con-inner\">\n\t\t\t\t<div class=\"elementor-element elementor-element-96584c3 elementor-widget elementor-widget-heading\" data-id=\"96584c3\" data-element_type=\"widget\" data-widget_type=\"heading.default\">\n\t\t\t\t<div class=\"elementor-widget-container\">\n\t\t\t\t\t<h1 class=\"elementor-heading-title elementor-size-default\">Muntatge de samarretes a Sabadell<\/h1>\t\t\t\t<\/div>\n\t\t\t\t<\/div>\n\t\t\t\t\t<\/div>\n\t\t\t\t<\/div>\n\t\t<div class=\"elementor-element elementor-element-de11fe5 e-flex e-con-boxed e-con e-parent\" data-id=\"de11fe5\" data-element_type=\"container\" data-settings=\"{&quot;jet_parallax_layout_list&quot;:[]}\">\n\t\t\t\t\t<div class=\"e-con-inner\">\n\t\t<div class=\"elementor-element elementor-element-381d0c9 e-con-full e-flex e-con e-child\" data-id=\"381d0c9\" data-element_type=\"container\" data-settings=\"{&quot;jet_parallax_layout_list&quot;:[],&quot;background_background&quot;:&quot;classic&quot;}\">\n\t\t\t\t<\/div>\n\t\t<div class=\"elementor-element elementor-element-8d27f53 e-con-full e-flex e-con e-child\" data-id=\"8d27f53\" data-element_type=\"container\" data-settings=\"{&quot;jet_parallax_layout_list&quot;:[]}\">\n\t\t\t\t<div class=\"elementor-element elementor-element-42d6cbf elementor-widget elementor-widget-text-editor\" data-id=\"42d6cbf\" data-element_type=\"widget\" data-widget_type=\"text-editor.default\">\n\t\t\t\t<div class=\"elementor-widget-container\">\n\t\t\t\t\t\t\t\t\t<p data-start=\"308\" data-end=\"894\">Cada samarreta guarda una hist\u00f2ria: una final guanyada, un partit inoblidable, un equip al qual ho vas donar tot o una firma que representa la teva admiraci\u00f3. En una ciutat tan activa com Sabadell, amb una tradici\u00f3 esportiva destacada, no \u00e9s estrany que molts ve\u00efns vulguin donar un lloc especial a aquestes samarretes \u00faniques. Si busques una soluci\u00f3 est\u00e8tica i segura per conservar-les, el <strong data-start=\"682\" data-end=\"718\">muntatge de samarretes a Sabadell<\/strong> de manera professional \u00e9s la millor opci\u00f3. I a T-Frame, hem perfeccionat aquesta manera de conservar records perqu\u00e8 cada pe\u00e7a es converteixi en una obra digna d&#039;exposici\u00f3.<\/p><h2 data-start=\"901\" data-end=\"971\">Muntatge de samarretes a Sabadell: per qu\u00e8 no val qualsevol marc?<\/h2><p data-start=\"973\" data-end=\"1315\">\u00c9s com\u00fa pensar que qualsevol quadre serveix per penjar una samarreta. Tot i aix\u00f2, els qui ho intenten aviat descobreixen els riscos: arrugues, decoloraci\u00f3, trencaments o danys per sistemes de subjecci\u00f3 inadequats. El <strong data-start=\"1185\" data-end=\"1221\">muntatge de samarretes a Sabadell<\/strong> realitzat sense els materials i t\u00e8cniques adequats pot arru\u00efnar all\u00f2 que desitges protegir.<\/p><p data-start=\"1317\" data-end=\"1358\">Un muntatge professional va molt m\u00e9s enll\u00e0:<\/p><ul data-start=\"1360\" data-end=\"1617\"><li data-start=\"1360\" data-end=\"1456\"><p data-start=\"1362\" data-end=\"1456\"><strong data-start=\"1362\" data-end=\"1391\">Evita danys estructurals<\/strong> a la pe\u00e7a, gr\u00e0cies a sistemes sense adhesius ni perforacions.<\/p><\/li><li data-start=\"1457\" data-end=\"1535\"><p data-start=\"1459\" data-end=\"1535\"><strong data-start=\"1459\" data-end=\"1492\">Preserva els colors i les signatures<\/strong>, en comptar amb protecci\u00f3 contra raigs UV.<\/p><\/li><li data-start=\"1536\" data-end=\"1617\"><p data-start=\"1538\" data-end=\"1617\"><strong data-start=\"1538\" data-end=\"1576\">Assegura una presentaci\u00f3 impecable<\/strong>, sense doblecs, caigudes o desgast visual.<\/p><\/li><\/ul><p data-start=\"1619\" data-end=\"1865\">Si la samarreta t\u00e9 un valor sentimental o econ\u00f2mic, confiar en experts no \u00e9s un luxe, \u00e9s una decisi\u00f3 intel\u00b7ligent. I si a m\u00e9s vols que llueixi perfecta a casa, a una oficina oa un local, el resultat ha de ser tan funcional com decoratiu.<\/p>\t\t\t\t\t\t\t\t<\/div>\n\t\t\t\t<\/div>\n\t\t\t\t<\/div>\n\t\t\t\t\t<\/div>\n\t\t\t\t<\/div>\n\t\t<div class=\"elementor-element elementor-element-7a32a1f e-flex e-con-boxed e-con e-parent\" data-id=\"7a32a1f\" data-element_type=\"container\" data-settings=\"{&quot;jet_parallax_layout_list&quot;:[],&quot;background_background&quot;:&quot;classic&quot;}\">\n\t\t\t\t\t<div class=\"e-con-inner\">\n\t\t<div class=\"elementor-element elementor-element-7f9c90c e-con-full e-flex e-con e-child\" data-id=\"7f9c90c\" data-element_type=\"container\" data-settings=\"{&quot;jet_parallax_layout_list&quot;:[]}\">\n\t\t\t\t<div class=\"elementor-element elementor-element-bd4d279 elementor-widget elementor-widget-text-editor\" data-id=\"bd4d279\" data-element_type=\"widget\" data-widget_type=\"text-editor.default\">\n\t\t\t\t<div class=\"elementor-widget-container\">\n\t\t\t\t\t\t\t\t\t<h2 data-start=\"1872\" data-end=\"1954\">T-Frame: refer\u00e8ncia en muntatge de samarretes a Sabadell amb innovaci\u00f3 i disseny<\/h2><p data-start=\"1956\" data-end=\"2306\">A T-Frame hem desenvolupat un producte exclusiu que respon a una necessitat clara: <strong data-start=\"2044\" data-end=\"2117\">emmarcar samarretes de forma professional, r\u00e0pida i sense fer malb\u00e9 la pe\u00e7a<\/strong>. El nostre marc ha estat dissenyat per adaptar-se a diferents tipus de samarretes \u2014de futbol, b\u00e0squet, rugbi, ciclisme i m\u00e9s\u2014, garantint una subjecci\u00f3 ferma i un acabat net i modern.<\/p><p data-start=\"2308\" data-end=\"2368\">Per qu\u00e8 escollir-nos pel teu muntatge de samarretes a Sabadell?<\/p><ul data-start=\"2370\" data-end=\"2845\"><li data-start=\"2370\" data-end=\"2484\"><p data-start=\"2372\" data-end=\"2484\">Utilitzem <strong data-start=\"2383\" data-end=\"2420\">metacrilat d&#039;alta transpar\u00e8ncia<\/strong> amb <strong data-start=\"2425\" data-end=\"2442\">protecci\u00f3 UV<\/strong>, que evita la degradaci\u00f3 dels colors.<\/p><\/li><li data-start=\"2485\" data-end=\"2592\"><p data-start=\"2487\" data-end=\"2592\">Fabriquem els nostres marcs amb <strong data-start=\"2518\" data-end=\"2533\">PVC t\u00e8cnic<\/strong>, lliure d&#039;\u00e0cids, per preservar la integritat del teixit.<\/p><\/li><li data-start=\"2593\" data-end=\"2729\"><p data-start=\"2595\" data-end=\"2729\">El nostre sistema permet un muntatge sense eines, que qualsevol pot completar en minuts gr\u00e0cies als nostres v\u00eddeos explicatius.<\/p><\/li><li data-start=\"2730\" data-end=\"2845\"><p data-start=\"2732\" data-end=\"2845\">A m\u00e9s a m\u00e9s, el disseny minimalista de T-Frame el converteix en una pe\u00e7a decorativa que s&#039;adapta a qualsevol ambient.<\/p><\/li><\/ul><p data-start=\"2847\" data-end=\"3021\">Des de col\u00b7leccionistes i esportistes amateurs fins a botigues, clubs o museus, cada vegada m\u00e9s persones a Sabadell trien T-Frame per conservar i lluir les samarretes amb orgull.<\/p><h2 data-start=\"3028\" data-end=\"3109\">Muntatge de samarretes a Sabadell: un record que es converteix en protagonista<\/h2><p data-start=\"3111\" data-end=\"3440\">El <strong data-start=\"3114\" data-end=\"3150\">muntatge de samarretes a Sabadell<\/strong> no \u00e9s nom\u00e9s una t\u00e8cnica, \u00e9s una manera de donar valor al que vivim. Una samarreta pot ser el s\u00edmbol d?una traject\u00f2ria, un moment compartit o una hist\u00f2ria que va marcar la teva vida. En lloc de guardar-la en un armari, per qu\u00e8 no transformar-la en un element visible i carregat de significat?<\/p><p data-start=\"3442\" data-end=\"3793\">A m\u00e9s, per a negocis i espais p\u00fablics, comptar amb samarretes emmarcades de manera professional aporta personalitat, refor\u00e7a la identitat de marca i desperta converses.<\/p><p data-start=\"3795\" data-end=\"4007\">I si simplement ets un aficionat que guarda amb afecte aquella samarreta signada pel seu \u00eddol o que va fer servir en un campionat especial, T-Frame t&#039;ajuda a conservar-la com mereix: amb eleg\u00e0ncia, seguretat i orgull.<\/p>\t\t\t\t\t\t\t\t<\/div>\n\t\t\t\t<\/div>\n\t\t\t\t<\/div>\n\t\t<div class=\"elementor-element elementor-element-60de7fc e-con-full e-flex e-con e-child\" data-id=\"60de7fc\" data-element_type=\"container\" data-settings=\"{&quot;jet_parallax_layout_list&quot;:[],&quot;background_background&quot;:&quot;classic&quot;}\">\n\t\t\t\t<\/div>\n\t\t\t\t\t<\/div>\n\t\t\t\t<\/div>\n\t\t<div class=\"elementor-element elementor-element-3d34a26 e-flex e-con-boxed e-con e-parent\" data-id=\"3d34a26\" data-element_type=\"container\" data-settings=\"{&quot;background_background&quot;:&quot;classic&quot;,&quot;jet_parallax_layout_list&quot;:[]}\">\n\t\t\t\t\t<div class=\"e-con-inner\">\n\t\t<div class=\"elementor-element elementor-element-97cbd8d e-con-full e-flex e-con e-child\" data-id=\"97cbd8d\" data-element_type=\"container\" data-settings=\"{&quot;jet_parallax_layout_list&quot;:[]}\">\n\t\t<div class=\"elementor-element elementor-element-8a557bb e-con-full e-flex e-con e-child\" data-id=\"8a557bb\" data-element_type=\"container\" data-settings=\"{&quot;jet_parallax_layout_list&quot;:[]}\">\n\t\t\t\t<div class=\"elementor-element elementor-element-98eb872 elementor-widget elementor-widget-heading\" data-id=\"98eb872\" data-element_type=\"widget\" data-widget_type=\"heading.default\">\n\t\t\t\t<div class=\"elementor-widget-container\">\n\t\t\t\t\t<h2 class=\"elementor-heading-title elementor-size-default\">Tens alguna pregunta? <br>Som aqu\u00ed per ajudar-te.<\/h2>\t\t\t\t<\/div>\n\t\t\t\t<\/div>\n\t\t\t\t<div class=\"elementor-element elementor-element-2561332 elementor-widget__width-initial elementor-widget elementor-widget-text-editor\" data-id=\"2561332\" data-element_type=\"widget\" data-widget_type=\"text-editor.default\">\n\t\t\t\t<div class=\"elementor-widget-container\">\n\t\t\t\t\t\t\t\t\t<p><span style=\"font-weight: 400;\">A T-FRAME volem que tinguis la millor experi\u00e8ncia possible, per aix\u00f2 estem disponibles per respondre qualsevol dubte o consulta que tinguis sobre els nostres marcs per a samarretes.\u00a0<\/span><\/p><p><span style=\"font-weight: 400;\">Completa el formulari a continuaci\u00f3 i ens posarem en contacte amb tu r\u00e0pidament!<\/span><\/p>\t\t\t\t\t\t\t\t<\/div>\n\t\t\t\t<\/div>\n\t\t\t\t<div class=\"elementor-element elementor-element-c626da8 elementor-widget elementor-widget-heading\" data-id=\"c626da8\" data-element_type=\"widget\" data-widget_type=\"heading.default\">\n\t\t\t\t<div class=\"elementor-widget-container\">\n\t\t\t\t\t<h2 class=\"elementor-heading-title elementor-size-default\">O contacta&#039;ns directament mitjan\u00e7ant:<\/h2>\t\t\t\t<\/div>\n\t\t\t\t<\/div>\n\t\t\t\t<div class=\"elementor-element elementor-element-8a4ed11 elementor-mobile-align-left elementor-icon-list--layout-traditional elementor-list-item-link-full_width elementor-widget elementor-widget-icon-list\" data-id=\"8a4ed11\" data-element_type=\"widget\" data-widget_type=\"icon-list.default\">\n\t\t\t\t<div class=\"elementor-widget-container\">\n\t\t\t\t\t\t\t<ul class=\"elementor-icon-list-items\">\n\t\t\t\t\t\t\t<li class=\"elementor-icon-list-item\">\n\t\t\t\t\t\t\t\t\t\t\t<a href=\"mailto:info@tframesport.com\" target=\"_blank\">\n\n\t\t\t\t\t\t\t\t\t\t\t\t<span class=\"elementor-icon-list-icon\">\n\t\t\t\t\t\t\t<svg aria-hidden=\"true\" class=\"e-font-icon-svg e-fas-envelope\" viewbox=\"0 0 512 512\" xmlns=\"http:\/\/www.w3.org\/2000\/svg\"><path d=\"M502.3 190.8c3.9-3.1 9.7-.2 9.7 4.7V400c0 26.5-21.5 48-48 48H48c-26.5 0-48-21.5-48-48V195.6c0-5 5.7-7.8 9.7-4.7 22.4 17.4 52.1 39.5 154.1 113.6 21.1 15.4 56.7 47.8 92.2 47.6 35.7.3 72-32.8 92.3-47.6 102-74.1 131.6-96.3 154-113.7zM256 320c23.2.4 56.6-29.2 73.4-41.4 132.7-96.3 142.8-104.7 173.4-128.7 5.8-4.5 9.2-11.5 9.2-18.9v-19c0-26.5-21.5-48-48-48H48C21.5 64 0 85.5 0 112v19c0 7.4 3.4 14.3 9.2 18.9 30.6 23.9 40.7 32.4 173.4 128.7 16.8 12.2 50.2 41.8 73.4 41.4z\"><\/path><\/svg>\t\t\t\t\t\t<\/span>\n\t\t\t\t\t\t\t\t\t\t<span class=\"elementor-icon-list-text\">info@tframesport.com<\/span>\n\t\t\t\t\t\t\t\t\t\t\t<\/a>\n\t\t\t\t\t\t\t\t\t<\/li>\n\t\t\t\t\t\t<\/ul>\n\t\t\t\t\t\t<\/div>\n\t\t\t\t<\/div>\n\t\t\t\t<\/div>\n\t\t<div class=\"elementor-element elementor-element-5af7de6 e-con-full e-flex e-con e-child\" data-id=\"5af7de6\" data-element_type=\"container\" data-settings=\"{&quot;background_background&quot;:&quot;classic&quot;,&quot;jet_parallax_layout_list&quot;:[]}\">\n\t\t\t\t<div class=\"elementor-element elementor-element-7ad3de0 elementor-button-align-stretch elementor-widget elementor-widget-form\" data-id=\"7ad3de0\" data-element_type=\"widget\" data-settings=\"{&quot;step_next_label&quot;:&quot;Next&quot;,&quot;step_previous_label&quot;:&quot;Previous&quot;,&quot;button_width&quot;:&quot;100&quot;,&quot;step_type&quot;:&quot;number_text&quot;,&quot;step_icon_shape&quot;:&quot;circle&quot;}\" data-widget_type=\"form.default\">\n\t\t\t\t<div class=\"elementor-widget-container\">\n\t\t\t\t\t\t\t<form class=\"elementor-form\" method=\"post\" name=\"Nou formulari\" aria-label=\"Nou formulari\" action=\"\">\n\t\t\t<input type=\"hidden\" name=\"post_id\" value=\"1459\"\/>\n\t\t\t<input type=\"hidden\" name=\"form_id\" value=\"7ad3de0\"\/>\n\t\t\t<input type=\"hidden\" name=\"referer_title\" value=\"Montaje de camisetas en Sabadell - T-Frame\" \/>\n\n\t\t\t\t\t\t\t<input type=\"hidden\" name=\"queried_id\" value=\"1459\"\/>\n\t\t\t\n\t\t\t<div class=\"elementor-form-fields-wrapper elementor-labels-above\">\n\t\t\t\t\t\t\t\t<div class=\"elementor-field-type-text elementor-field-group elementor-column elementor-field-group-name elementor-col-50 elementor-field-required\">\n\t\t\t\t\t\t\t\t\t\t\t\t<label for=\"form-field-name\" class=\"elementor-field-label\">\n\t\t\t\t\t\t\t\tNom*\t\t\t\t\t\t\t<\/label>\n\t\t\t\t\t\t\t\t\t\t\t\t\t\t<input size=\"1\" type=\"text\" name=\"form_fields[name]\" id=\"form-field-name\" class=\"elementor-field elementor-size-sm  elementor-field-textual\" required=\"required\">\n\t\t\t\t\t\t\t\t\t\t\t<\/div>\n\t\t\t\t\t\t\t\t<div class=\"elementor-field-type-email elementor-field-group elementor-column elementor-field-group-email elementor-col-50 elementor-field-required\">\n\t\t\t\t\t\t\t\t\t\t\t\t<label for=\"form-field-email\" class=\"elementor-field-label\">\n\t\t\t\t\t\t\t\tCorreu electr\u00f2nic*\t\t\t\t\t\t\t<\/label>\n\t\t\t\t\t\t\t\t\t\t\t\t\t\t<input size=\"1\" type=\"email\" name=\"form_fields[email]\" id=\"form-field-email\" class=\"elementor-field elementor-size-sm  elementor-field-textual\" required=\"required\">\n\t\t\t\t\t\t\t\t\t\t\t<\/div>\n\t\t\t\t\t\t\t\t<div class=\"elementor-field-type-tel elementor-field-group elementor-column elementor-field-group-field_859852b elementor-col-100 elementor-field-required\">\n\t\t\t\t\t\t\t\t\t\t\t\t<label for=\"form-field-field_859852b\" class=\"elementor-field-label\">\n\t\t\t\t\t\t\t\tTel\u00e8fon*\t\t\t\t\t\t\t<\/label>\n\t\t\t\t\t\t\t\t<input size=\"1\" type=\"tel\" name=\"form_fields[field_859852b]\" id=\"form-field-field_859852b\" class=\"elementor-field elementor-size-sm  elementor-field-textual\" required=\"required\" pattern=\"[0-9()#&amp;+*-=.]+\" title=\"Nom\u00e9s s&#039;accepten n\u00fameros i car\u00e0cters de tel\u00e8fon (#,-,*,etc).\">\n\n\t\t\t\t\t\t<\/div>\n\t\t\t\t\t\t\t\t<div class=\"elementor-field-type-textarea elementor-field-group elementor-column elementor-field-group-message elementor-col-100 elementor-field-required\">\n\t\t\t\t\t\t\t\t\t\t\t\t<label for=\"form-field-message\" class=\"elementor-field-label\">\n\t\t\t\t\t\t\t\tMissatge*\t\t\t\t\t\t\t<\/label>\n\t\t\t\t\t\t<textarea class=\"elementor-field-textual elementor-field  elementor-size-sm\" name=\"form_fields[message]\" id=\"form-field-message\" rows=\"4\" required=\"required\"><\/textarea>\t\t\t\t<\/div>\n\t\t\t\t\t\t\t\t<div class=\"elementor-field-type-acceptance elementor-field-group elementor-column elementor-field-group-field_531ca8f elementor-col-100 elementor-field-required\">\n\t\t\t\t\t\t\t<div class=\"elementor-field-subgroup\">\n\t\t\t<span class=\"elementor-field-option\">\n\t\t\t\t<input type=\"checkbox\" name=\"form_fields[field_531ca8f]\" id=\"form-field-field_531ca8f\" class=\"elementor-field elementor-size-sm  elementor-acceptance-field\" required=\"required\">\n\t\t\t\t<label for=\"form-field-field_531ca8f\"><span >Accepto la <a href=\"https:\/\/tframesport.com\/ca\/politica-de-privacidad\/\">pol\u00edtica de privadesa<\/a> i la tramesa d&#039;informaci\u00f3.<\/span><\/label>\t\t\t<\/span>\n\t\t<\/div>\n\t\t\t\t\t\t<\/div>\n\t\t\t\t\t\t\t\t<div class=\"elementor-field-type-recaptcha_v3 elementor-field-group elementor-column elementor-field-group-field_cc39f3d elementor-col-100 recaptcha_v3-bottomleft\">\n\t\t\t\t\t<div class=\"elementor-field\" id=\"form-field-field_cc39f3d\"><div class=\"elementor-g-recaptcha\" data-sitekey=\"6Ldv0KMqAAAAAEi7JXvVAPnVNtIdk63sT4hkFePy\" data-type=\"v3\" data-action=\"Form\" data-badge=\"bottomleft\" data-size=\"invisible\"><\/div><\/div>\t\t\t\t<\/div>\n\t\t\t\t\t\t\t\t<div class=\"elementor-field-type-text\">\n\t\t\t\t\t<input size=\"1\" type=\"text\" name=\"form_fields[field_37a2a12]\" id=\"form-field-field_37a2a12\" class=\"elementor-field elementor-size-sm\" style=\"display:none !important;\">\t\t\t\t<\/div>\n\t\t\t\t\t\t\t\t<div class=\"elementor-field-group elementor-column elementor-field-type-submit elementor-col-100 e-form__buttons\">\n\t\t\t\t\t<button class=\"elementor-button elementor-size-sm\" type=\"submit\">\n\t\t\t\t\t\t<span class=\"elementor-button-content-wrapper\">\n\t\t\t\t\t\t\t\t\t\t\t\t\t\t\t\t\t\t\t\t\t\t<span class=\"elementor-button-text\">Enviar<\/span>\n\t\t\t\t\t\t\t\t\t\t\t\t\t<\/span>\n\t\t\t\t\t<\/button>\n\t\t\t\t<\/div>\n\t\t\t<\/div>\n\t\t<input type=\"hidden\" name=\"trp-form-language\" value=\"ca\"\/><\/form>\n\t\t\t\t\t\t<\/div>\n\t\t\t\t<\/div>\n\t\t\t\t<\/div>\n\t\t\t\t<\/div>\n\t\t\t\t\t<\/div>\n\t\t\t\t<\/div>\n\t\t\t\t<\/div>","protected":false},"excerpt":{"rendered":"<p>Muntatge de samarretes a Sabadell Cada samarreta guarda una hist\u00f2ria: una final guanyada, un partit inoblidable, un equip que vas donar tot o una firma que representa la teva admiraci\u00f3. En una ciutat tan activa com Sabadell, amb una tradici\u00f3 esportiva destacada, no \u00e9s estrany que molts ve\u00efns vulguin donar un lloc especial a aquestes samarretes [\u2026]<\/p>","protected":false},"author":2,"featured_media":0,"parent":0,"menu_order":0,"comment_status":"closed","ping_status":"closed","template":"","meta":{"footnotes":""},"class_list":["post-1459","page","type-page","status-publish","hentry"],"yoast_head":"<!-- This site is optimized with the Yoast SEO plugin v26.3 - https:\/\/yoast.com\/wordpress\/plugins\/seo\/ -->\n<title>Montaje de camisetas en Sabadell - T-Frame<\/title>\n<meta name=\"robots\" content=\"index, follow, max-snippet:-1, max-image-preview:large, max-video-preview:-1\" \/>\n<link rel=\"canonical\" href=\"https:\/\/tframesport.com\/ca\/montaje-de-camisetas-en-sabadell\/\" \/>\n<meta property=\"og:locale\" content=\"ca_ES\" \/>\n<meta property=\"og:type\" content=\"article\" \/>\n<meta property=\"og:title\" content=\"Montaje de camisetas en Sabadell - T-Frame\" \/>\n<meta property=\"og:description\" content=\"Montaje de camisetas en Sabadell Cada camiseta guarda una historia: una final ganada, un partido inolvidable, un equipo al que diste todo o una firma que representa tu admiraci\u00f3n. En una ciudad tan activa como Sabadell, con una tradici\u00f3n deportiva destacada, no es raro que muchos vecinos quieran dar un lugar especial a esas camisetas [&hellip;]\" \/>\n<meta property=\"og:url\" content=\"https:\/\/tframesport.com\/ca\/montaje-de-camisetas-en-sabadell\/\" \/>\n<meta property=\"og:site_name\" content=\"T-Frame\" \/>\n<meta property=\"article:modified_time\" content=\"2025-06-19T09:46:30+00:00\" \/>\n<meta name=\"twitter:card\" content=\"summary_large_image\" \/>\n<meta name=\"twitter:label1\" content=\"Temps estimat de lectura\" \/>\n\t<meta name=\"twitter:data1\" content=\"3 minuts\" \/>\n<script type=\"application\/ld+json\" class=\"yoast-schema-graph\">{\"@context\":\"https:\/\/schema.org\",\"@graph\":[{\"@type\":\"WebPage\",\"@id\":\"https:\/\/tframesport.com\/montaje-de-camisetas-en-sabadell\/\",\"url\":\"https:\/\/tframesport.com\/montaje-de-camisetas-en-sabadell\/\",\"name\":\"Montaje de camisetas en Sabadell - T-Frame\",\"isPartOf\":{\"@id\":\"https:\/\/tframesport.com\/#website\"},\"datePublished\":\"2025-06-19T09:44:02+00:00\",\"dateModified\":\"2025-06-19T09:46:30+00:00\",\"breadcrumb\":{\"@id\":\"https:\/\/tframesport.com\/montaje-de-camisetas-en-sabadell\/#breadcrumb\"},\"inLanguage\":\"ca\",\"potentialAction\":[{\"@type\":\"ReadAction\",\"target\":[\"https:\/\/tframesport.com\/montaje-de-camisetas-en-sabadell\/\"]}]},{\"@type\":\"BreadcrumbList\",\"@id\":\"https:\/\/tframesport.com\/montaje-de-camisetas-en-sabadell\/#breadcrumb\",\"itemListElement\":[{\"@type\":\"ListItem\",\"position\":1,\"name\":\"Portada\",\"item\":\"https:\/\/tframesport.com\/\"},{\"@type\":\"ListItem\",\"position\":2,\"name\":\"Montaje de camisetas en Sabadell\"}]},{\"@type\":\"WebSite\",\"@id\":\"https:\/\/tframesport.com\/#website\",\"url\":\"https:\/\/tframesport.com\/\",\"name\":\"T-Frame\",\"description\":\"Enmarca lo que amas, protege lo que importa\",\"publisher\":{\"@id\":\"https:\/\/tframesport.com\/#organization\"},\"potentialAction\":[{\"@type\":\"SearchAction\",\"target\":{\"@type\":\"EntryPoint\",\"urlTemplate\":\"https:\/\/tframesport.com\/?s={search_term_string}\"},\"query-input\":{\"@type\":\"PropertyValueSpecification\",\"valueRequired\":true,\"valueName\":\"search_term_string\"}}],\"inLanguage\":\"ca\"},{\"@type\":\"Organization\",\"@id\":\"https:\/\/tframesport.com\/#organization\",\"name\":\"T-Frame\",\"url\":\"https:\/\/tframesport.com\/\",\"logo\":{\"@type\":\"ImageObject\",\"inLanguage\":\"ca\",\"@id\":\"https:\/\/tframesport.com\/#\/schema\/logo\/image\/\",\"url\":\"https:\/\/tframesport.com\/wp-content\/uploads\/2024\/11\/2.png\",\"contentUrl\":\"https:\/\/tframesport.com\/wp-content\/uploads\/2024\/11\/2.png\",\"width\":800,\"height\":500,\"caption\":\"T-Frame\"},\"image\":{\"@id\":\"https:\/\/tframesport.com\/#\/schema\/logo\/image\/\"}}]}<\/script>\n<!-- \/ Yoast SEO plugin. -->","yoast_head_json":{"title":"Montaje de camisetas en Sabadell - T-Frame","robots":{"index":"index","follow":"follow","max-snippet":"max-snippet:-1","max-image-preview":"max-image-preview:large","max-video-preview":"max-video-preview:-1"},"canonical":"https:\/\/tframesport.com\/ca\/montaje-de-camisetas-en-sabadell\/","og_locale":"ca_ES","og_type":"article","og_title":"Montaje de camisetas en Sabadell - T-Frame","og_description":"Montaje de camisetas en Sabadell Cada camiseta guarda una historia: una final ganada, un partido inolvidable, un equipo al que diste todo o una firma que representa tu admiraci\u00f3n. En una ciudad tan activa como Sabadell, con una tradici\u00f3n deportiva destacada, no es raro que muchos vecinos quieran dar un lugar especial a esas camisetas [&hellip;]","og_url":"https:\/\/tframesport.com\/ca\/montaje-de-camisetas-en-sabadell\/","og_site_name":"T-Frame","article_modified_time":"2025-06-19T09:46:30+00:00","twitter_card":"summary_large_image","twitter_misc":{"Temps estimat de lectura":"3 minuts"},"schema":{"@context":"https:\/\/schema.org","@graph":[{"@type":"WebPage","@id":"https:\/\/tframesport.com\/montaje-de-camisetas-en-sabadell\/","url":"https:\/\/tframesport.com\/montaje-de-camisetas-en-sabadell\/","name":"Montaje de camisetas en Sabadell - T-Frame","isPartOf":{"@id":"https:\/\/tframesport.com\/#website"},"datePublished":"2025-06-19T09:44:02+00:00","dateModified":"2025-06-19T09:46:30+00:00","breadcrumb":{"@id":"https:\/\/tframesport.com\/montaje-de-camisetas-en-sabadell\/#breadcrumb"},"inLanguage":"ca","potentialAction":[{"@type":"ReadAction","target":["https:\/\/tframesport.com\/montaje-de-camisetas-en-sabadell\/"]}]},{"@type":"BreadcrumbList","@id":"https:\/\/tframesport.com\/montaje-de-camisetas-en-sabadell\/#breadcrumb","itemListElement":[{"@type":"ListItem","position":1,"name":"Portada","item":"https:\/\/tframesport.com\/"},{"@type":"ListItem","position":2,"name":"Montaje de camisetas en Sabadell"}]},{"@type":"WebSite","@id":"https:\/\/tframesport.com\/#website","url":"https:\/\/tframesport.com\/","name":"T-Frame","description":"Emmarca el que estimes, protegeix el que importa","publisher":{"@id":"https:\/\/tframesport.com\/#organization"},"potentialAction":[{"@type":"SearchAction","target":{"@type":"EntryPoint","urlTemplate":"https:\/\/tframesport.com\/?s={search_term_string}"},"query-input":{"@type":"PropertyValueSpecification","valueRequired":true,"valueName":"search_term_string"}}],"inLanguage":"ca"},{"@type":"Organization","@id":"https:\/\/tframesport.com\/#organization","name":"T-Frame","url":"https:\/\/tframesport.com\/","logo":{"@type":"ImageObject","inLanguage":"ca","@id":"https:\/\/tframesport.com\/#\/schema\/logo\/image\/","url":"https:\/\/tframesport.com\/wp-content\/uploads\/2024\/11\/2.png","contentUrl":"https:\/\/tframesport.com\/wp-content\/uploads\/2024\/11\/2.png","width":800,"height":500,"caption":"T-Frame"},"image":{"@id":"https:\/\/tframesport.com\/#\/schema\/logo\/image\/"}}]}},"_links":{"self":[{"href":"https:\/\/tframesport.com\/ca\/wp-json\/wp\/v2\/pages\/1459","targetHints":{"allow":["GET"]}}],"collection":[{"href":"https:\/\/tframesport.com\/ca\/wp-json\/wp\/v2\/pages"}],"about":[{"href":"https:\/\/tframesport.com\/ca\/wp-json\/wp\/v2\/types\/page"}],"author":[{"embeddable":true,"href":"https:\/\/tframesport.com\/ca\/wp-json\/wp\/v2\/users\/2"}],"replies":[{"embeddable":true,"href":"https:\/\/tframesport.com\/ca\/wp-json\/wp\/v2\/comments?post=1459"}],"version-history":[{"count":8,"href":"https:\/\/tframesport.com\/ca\/wp-json\/wp\/v2\/pages\/1459\/revisions"}],"predecessor-version":[{"id":1468,"href":"https:\/\/tframesport.com\/ca\/wp-json\/wp\/v2\/pages\/1459\/revisions\/1468"}],"wp:attachment":[{"href":"https:\/\/tframesport.com\/ca\/wp-json\/wp\/v2\/media?parent=1459"}],"curies":[{"name":"wp","href":"https:\/\/api.w.org\/{rel}","templated":true}]}}