{"id":1419,"date":"2025-05-28T11:23:28","date_gmt":"2025-05-28T09:23:28","guid":{"rendered":"https:\/\/tframesport.com\/?page_id=1419"},"modified":"2025-05-28T11:25:05","modified_gmt":"2025-05-28T09:25:05","slug":"enmarcar-camisetas-en-metacrilato-en-granollers","status":"publish","type":"page","link":"https:\/\/tframesport.com\/ca\/enmarcar-camisetas-en-metacrilato-en-granollers\/","title":{"rendered":"Emmarcar samarretes en metacrilat a Granollers"},"content":{"rendered":"<div data-elementor-type=\"wp-page\" data-elementor-id=\"1419\" class=\"elementor elementor-1419\" data-elementor-post-type=\"page\">\n\t\t\t\t<div class=\"elementor-element elementor-element-4ff7dde e-flex e-con-boxed e-con e-parent\" data-id=\"4ff7dde\" data-element_type=\"container\" data-settings=\"{&quot;background_background&quot;:&quot;classic&quot;,&quot;jet_parallax_layout_list&quot;:[]}\">\n\t\t\t\t\t<div class=\"e-con-inner\">\n\t\t\t\t<div class=\"elementor-element elementor-element-96584c3 elementor-widget elementor-widget-heading\" data-id=\"96584c3\" data-element_type=\"widget\" data-widget_type=\"heading.default\">\n\t\t\t\t<div class=\"elementor-widget-container\">\n\t\t\t\t\t<h1 class=\"elementor-heading-title elementor-size-default\">Emmarcar samarretes en metacrilat a Granollers<\/h1>\t\t\t\t<\/div>\n\t\t\t\t<\/div>\n\t\t\t\t\t<\/div>\n\t\t\t\t<\/div>\n\t\t<div class=\"elementor-element elementor-element-de11fe5 e-flex e-con-boxed e-con e-parent\" data-id=\"de11fe5\" data-element_type=\"container\" data-settings=\"{&quot;jet_parallax_layout_list&quot;:[]}\">\n\t\t\t\t\t<div class=\"e-con-inner\">\n\t\t<div class=\"elementor-element elementor-element-381d0c9 e-con-full e-flex e-con e-child\" data-id=\"381d0c9\" data-element_type=\"container\" data-settings=\"{&quot;jet_parallax_layout_list&quot;:[],&quot;background_background&quot;:&quot;classic&quot;}\">\n\t\t\t\t<\/div>\n\t\t<div class=\"elementor-element elementor-element-8d27f53 e-con-full e-flex e-con e-child\" data-id=\"8d27f53\" data-element_type=\"container\" data-settings=\"{&quot;jet_parallax_layout_list&quot;:[]}\">\n\t\t\t\t<div class=\"elementor-element elementor-element-42d6cbf elementor-widget elementor-widget-text-editor\" data-id=\"42d6cbf\" data-element_type=\"widget\" data-widget_type=\"text-editor.default\">\n\t\t\t\t<div class=\"elementor-widget-container\">\n\t\t\t\t\t\t\t\t\t<p data-start=\"938\" data-end=\"1335\">No totes les samarretes s\u00f3n iguals. Algunes tenen suor d&#039;esfor\u00e7, d&#039;altres estan signades per \u00eddols, i moltes s&#039;associen a moments \u00fanics. Per\u00f2 totes tenen alguna cosa en com\u00fa: si no es protegeixen adequadament, el pas del temps les deteriora. Colors que s&#039;apaguen, teixits que es deformen i firmes que es perden. <strong data-start=\"1253\" data-end=\"1304\">Emmarcar samarretes en metacrilat a Granollers<\/strong> \u00e9s la millor manera d&#039;evitar-ho.<\/p><p data-start=\"1337\" data-end=\"1739\">T-Frame ha desenvolupat un sistema exclusiu que permet preservar i mostrar les teves samarretes sense fer-les malb\u00e9. Gr\u00e0cies a l&#039;\u00fas de <strong data-start=\"1460\" data-end=\"1515\">metacrilat d&#039;alta transpar\u00e8ncia amb protecci\u00f3 UV<\/strong>, les nostres solucions eviten que la llum del sol afecti els colors o materials. Aquest material \u00e9s, a m\u00e9s, molt m\u00e9s resistent que el vidre tradicional i m\u00e9s lleuger, ideal per penjar sense complicacions a qualsevol paret.<\/p><p data-start=\"1741\" data-end=\"2030\">El nostre marc no utilitza adhesius ni elements invasius. No \u00e9s un marc gen\u00e8ric, \u00e9s una estructura pensada exclusivament per a samarretes.<\/p><h3 data-start=\"2037\" data-end=\"2133\">Emmarcar samarretes de metacrilat a Granollers: disseny amb identitat per a la teva llar o negoci<\/h3><p data-start=\"2135\" data-end=\"2452\"><strong data-start=\"2135\" data-end=\"2186\">Emmarcar samarretes en metacrilat a Granollers<\/strong> no \u00e9s nom\u00e9s una q\u00fcesti\u00f3 de conservaci\u00f3. Tamb\u00e9 \u00e9s una forma intel\u00b7ligent i emocional de decorar. Una samarreta emmarcada es converteix en el centre de qualsevol espai, una pe\u00e7a de conversa que transmet qui ets, qu\u00e8 et mou i quina hist\u00f2ria vols explicar.<\/p><p data-start=\"2454\" data-end=\"2854\">A T-Frame entenem que cada samarreta t\u00e9 un valor \u00fanic. Per aix\u00f2, els nostres marcs combinen protecci\u00f3 amb est\u00e8tica. El disseny minimalista, modern i adaptable de T-Frame est\u00e0 integrat a la perfecci\u00f3 en qualsevol estil decoratiu: des de salons contemporanis fins a oficines, vestuaris o comer\u00e7os. A m\u00e9s, podeu personalitzar el fons i l&#039;orientaci\u00f3 del muntatge segons la samarreta i l&#039;entorn.<\/p><p data-start=\"2856\" data-end=\"3137\">Ets col\u00b7leccionista, aficionat a l&#039;esport, entrenador o simplement alg\u00fa que vol rendir homenatge a un moment important? Aleshores <strong data-start=\"2993\" data-end=\"3044\">emmarcar samarretes en metacrilat a Granollers<\/strong> \u00e9s per a tu. I fer-ho amb T-Frame significa donar a aquesta samarreta el protagonisme que mereix.<\/p>\t\t\t\t\t\t\t\t<\/div>\n\t\t\t\t<\/div>\n\t\t\t\t<\/div>\n\t\t\t\t\t<\/div>\n\t\t\t\t<\/div>\n\t\t<div class=\"elementor-element elementor-element-7a32a1f e-flex e-con-boxed e-con e-parent\" data-id=\"7a32a1f\" data-element_type=\"container\" data-settings=\"{&quot;jet_parallax_layout_list&quot;:[],&quot;background_background&quot;:&quot;classic&quot;}\">\n\t\t\t\t\t<div class=\"e-con-inner\">\n\t\t<div class=\"elementor-element elementor-element-7f9c90c e-con-full e-flex e-con e-child\" data-id=\"7f9c90c\" data-element_type=\"container\" data-settings=\"{&quot;jet_parallax_layout_list&quot;:[]}\">\n\t\t\t\t<div class=\"elementor-element elementor-element-bd4d279 elementor-widget elementor-widget-text-editor\" data-id=\"bd4d279\" data-element_type=\"widget\" data-widget_type=\"text-editor.default\">\n\t\t\t\t<div class=\"elementor-widget-container\">\n\t\t\t\t\t\t\t\t\t<h2 data-start=\"3144\" data-end=\"3234\">Per qu\u00e8 T-Frame \u00e9s la teva millor opci\u00f3 per emmarcar samarretes en metacrilat a Granollers<\/h2><p data-start=\"3236\" data-end=\"3566\">T-Frame no \u00e9s un marc m\u00e9s. \u00c9s el resultat d&#039;anys d&#039;innovaci\u00f3 i especialitzaci\u00f3 en la preservaci\u00f3 i l&#039;exposici\u00f3 de samarretes esportives. A difer\u00e8ncia d&#039;altres productes est\u00e0ndard, el nostre sistema est\u00e0 dissenyat espec\u00edficament per als que volen <strong data-start=\"3485\" data-end=\"3536\">emmarcar samarretes en metacrilat a Granollers<\/strong> amb resultats professionals.<\/p><h3 data-start=\"3568\" data-end=\"3595\">El que ens fa \u00fanics:<\/h3><ul data-start=\"3597\" data-end=\"4053\"><li data-start=\"3597\" data-end=\"3704\"><p data-start=\"3599\" data-end=\"3704\"><strong data-start=\"3599\" data-end=\"3654\">Metacrilat d&#039;alta transpar\u00e8ncia amb protecci\u00f3 UV<\/strong>: m\u00e0xima claredat i resist\u00e8ncia a la decoloraci\u00f3.<\/p><\/li><li data-start=\"3705\" data-end=\"3784\"><p data-start=\"3707\" data-end=\"3784\"><strong data-start=\"3707\" data-end=\"3729\">Materials premium<\/strong>: estructura de PVC lliure d&#039;\u00e0cids, segura i duradora.<\/p><\/li><li data-start=\"3785\" data-end=\"3874\"><p data-start=\"3787\" data-end=\"3874\"><strong data-start=\"3787\" data-end=\"3823\">Muntatge f\u00e0cil i sense eines<\/strong>: la teva samarreta llesta en minuts, sense complicacions.<\/p><\/li><li data-start=\"3875\" data-end=\"3949\"><p data-start=\"3877\" data-end=\"3949\"><strong data-start=\"3877\" data-end=\"3897\">Disseny exclusiu<\/strong>: pensat per ser una pe\u00e7a decorativa en si mateixa.<\/p><\/li><li data-start=\"3950\" data-end=\"4053\"><p data-start=\"3952\" data-end=\"4053\"><strong data-start=\"3952\" data-end=\"3978\">Atenci\u00f3 personalitzada<\/strong>: us assessorem segons el tipus de samarreta, ubicaci\u00f3 i objectius est\u00e8tics.<\/p><\/li><\/ul><p data-start=\"4055\" data-end=\"4212\">A m\u00e9s, si vius a Granollers o rodalies, pots comptar amb els nostres <strong data-start=\"4128\" data-end=\"4156\">enviaments r\u00e0pids i segurs<\/strong>, amb total garantia i suport a cada pas del proc\u00e9s.<\/p>\t\t\t\t\t\t\t\t<\/div>\n\t\t\t\t<\/div>\n\t\t\t\t<\/div>\n\t\t<div class=\"elementor-element elementor-element-60de7fc e-con-full e-flex e-con e-child\" data-id=\"60de7fc\" data-element_type=\"container\" data-settings=\"{&quot;jet_parallax_layout_list&quot;:[],&quot;background_background&quot;:&quot;classic&quot;}\">\n\t\t\t\t<\/div>\n\t\t\t\t\t<\/div>\n\t\t\t\t<\/div>\n\t\t<div class=\"elementor-element elementor-element-3d34a26 e-flex e-con-boxed e-con e-parent\" data-id=\"3d34a26\" data-element_type=\"container\" data-settings=\"{&quot;background_background&quot;:&quot;classic&quot;,&quot;jet_parallax_layout_list&quot;:[]}\">\n\t\t\t\t\t<div class=\"e-con-inner\">\n\t\t<div class=\"elementor-element elementor-element-97cbd8d e-con-full e-flex e-con e-child\" data-id=\"97cbd8d\" data-element_type=\"container\" data-settings=\"{&quot;jet_parallax_layout_list&quot;:[]}\">\n\t\t<div class=\"elementor-element elementor-element-8a557bb e-con-full e-flex e-con e-child\" data-id=\"8a557bb\" data-element_type=\"container\" data-settings=\"{&quot;jet_parallax_layout_list&quot;:[]}\">\n\t\t\t\t<div class=\"elementor-element elementor-element-98eb872 elementor-widget elementor-widget-heading\" data-id=\"98eb872\" data-element_type=\"widget\" data-widget_type=\"heading.default\">\n\t\t\t\t<div class=\"elementor-widget-container\">\n\t\t\t\t\t<h2 class=\"elementor-heading-title elementor-size-default\">Tens alguna pregunta? <br>Som aqu\u00ed per ajudar-te.<\/h2>\t\t\t\t<\/div>\n\t\t\t\t<\/div>\n\t\t\t\t<div class=\"elementor-element elementor-element-2561332 elementor-widget__width-initial elementor-widget elementor-widget-text-editor\" data-id=\"2561332\" data-element_type=\"widget\" data-widget_type=\"text-editor.default\">\n\t\t\t\t<div class=\"elementor-widget-container\">\n\t\t\t\t\t\t\t\t\t<p><span style=\"font-weight: 400;\">A T-FRAME volem que tinguis la millor experi\u00e8ncia possible, per aix\u00f2 estem disponibles per respondre qualsevol dubte o consulta que tinguis sobre els nostres marcs per a samarretes.\u00a0<\/span><\/p><p><span style=\"font-weight: 400;\">Completa el formulari a continuaci\u00f3 i ens posarem en contacte amb tu r\u00e0pidament!<\/span><\/p>\t\t\t\t\t\t\t\t<\/div>\n\t\t\t\t<\/div>\n\t\t\t\t<div class=\"elementor-element elementor-element-c626da8 elementor-widget elementor-widget-heading\" data-id=\"c626da8\" data-element_type=\"widget\" data-widget_type=\"heading.default\">\n\t\t\t\t<div class=\"elementor-widget-container\">\n\t\t\t\t\t<h2 class=\"elementor-heading-title elementor-size-default\">O contacta&#039;ns directament mitjan\u00e7ant:<\/h2>\t\t\t\t<\/div>\n\t\t\t\t<\/div>\n\t\t\t\t<div class=\"elementor-element elementor-element-8a4ed11 elementor-mobile-align-left elementor-icon-list--layout-traditional elementor-list-item-link-full_width elementor-widget elementor-widget-icon-list\" data-id=\"8a4ed11\" data-element_type=\"widget\" data-widget_type=\"icon-list.default\">\n\t\t\t\t<div class=\"elementor-widget-container\">\n\t\t\t\t\t\t\t<ul class=\"elementor-icon-list-items\">\n\t\t\t\t\t\t\t<li class=\"elementor-icon-list-item\">\n\t\t\t\t\t\t\t\t\t\t\t<a href=\"mailto:info@tframesport.com\" target=\"_blank\">\n\n\t\t\t\t\t\t\t\t\t\t\t\t<span class=\"elementor-icon-list-icon\">\n\t\t\t\t\t\t\t<svg aria-hidden=\"true\" class=\"e-font-icon-svg e-fas-envelope\" viewbox=\"0 0 512 512\" xmlns=\"http:\/\/www.w3.org\/2000\/svg\"><path d=\"M502.3 190.8c3.9-3.1 9.7-.2 9.7 4.7V400c0 26.5-21.5 48-48 48H48c-26.5 0-48-21.5-48-48V195.6c0-5 5.7-7.8 9.7-4.7 22.4 17.4 52.1 39.5 154.1 113.6 21.1 15.4 56.7 47.8 92.2 47.6 35.7.3 72-32.8 92.3-47.6 102-74.1 131.6-96.3 154-113.7zM256 320c23.2.4 56.6-29.2 73.4-41.4 132.7-96.3 142.8-104.7 173.4-128.7 5.8-4.5 9.2-11.5 9.2-18.9v-19c0-26.5-21.5-48-48-48H48C21.5 64 0 85.5 0 112v19c0 7.4 3.4 14.3 9.2 18.9 30.6 23.9 40.7 32.4 173.4 128.7 16.8 12.2 50.2 41.8 73.4 41.4z\"><\/path><\/svg>\t\t\t\t\t\t<\/span>\n\t\t\t\t\t\t\t\t\t\t<span class=\"elementor-icon-list-text\">info@tframesport.com<\/span>\n\t\t\t\t\t\t\t\t\t\t\t<\/a>\n\t\t\t\t\t\t\t\t\t<\/li>\n\t\t\t\t\t\t<\/ul>\n\t\t\t\t\t\t<\/div>\n\t\t\t\t<\/div>\n\t\t\t\t<\/div>\n\t\t<div class=\"elementor-element elementor-element-5af7de6 e-con-full e-flex e-con e-child\" data-id=\"5af7de6\" data-element_type=\"container\" data-settings=\"{&quot;background_background&quot;:&quot;classic&quot;,&quot;jet_parallax_layout_list&quot;:[]}\">\n\t\t\t\t<div class=\"elementor-element elementor-element-7ad3de0 elementor-button-align-stretch elementor-widget elementor-widget-form\" data-id=\"7ad3de0\" data-element_type=\"widget\" data-settings=\"{&quot;step_next_label&quot;:&quot;Next&quot;,&quot;step_previous_label&quot;:&quot;Previous&quot;,&quot;button_width&quot;:&quot;100&quot;,&quot;step_type&quot;:&quot;number_text&quot;,&quot;step_icon_shape&quot;:&quot;circle&quot;}\" data-widget_type=\"form.default\">\n\t\t\t\t<div class=\"elementor-widget-container\">\n\t\t\t\t\t\t\t<form class=\"elementor-form\" method=\"post\" name=\"Nou formulari\" aria-label=\"Nou formulari\" action=\"\">\n\t\t\t<input type=\"hidden\" name=\"post_id\" value=\"1419\"\/>\n\t\t\t<input type=\"hidden\" name=\"form_id\" value=\"7ad3de0\"\/>\n\t\t\t<input type=\"hidden\" name=\"referer_title\" value=\"Enmarcar camisetas en metacrilato en Granollers - T-Frame\" \/>\n\n\t\t\t\t\t\t\t<input type=\"hidden\" name=\"queried_id\" value=\"1419\"\/>\n\t\t\t\n\t\t\t<div class=\"elementor-form-fields-wrapper elementor-labels-above\">\n\t\t\t\t\t\t\t\t<div class=\"elementor-field-type-text elementor-field-group elementor-column elementor-field-group-name elementor-col-50 elementor-field-required\">\n\t\t\t\t\t\t\t\t\t\t\t\t<label for=\"form-field-name\" class=\"elementor-field-label\">\n\t\t\t\t\t\t\t\tNom*\t\t\t\t\t\t\t<\/label>\n\t\t\t\t\t\t\t\t\t\t\t\t\t\t<input size=\"1\" type=\"text\" name=\"form_fields[name]\" id=\"form-field-name\" class=\"elementor-field elementor-size-sm  elementor-field-textual\" required=\"required\">\n\t\t\t\t\t\t\t\t\t\t\t<\/div>\n\t\t\t\t\t\t\t\t<div class=\"elementor-field-type-email elementor-field-group elementor-column elementor-field-group-email elementor-col-50 elementor-field-required\">\n\t\t\t\t\t\t\t\t\t\t\t\t<label for=\"form-field-email\" class=\"elementor-field-label\">\n\t\t\t\t\t\t\t\tCorreu electr\u00f2nic*\t\t\t\t\t\t\t<\/label>\n\t\t\t\t\t\t\t\t\t\t\t\t\t\t<input size=\"1\" type=\"email\" name=\"form_fields[email]\" id=\"form-field-email\" class=\"elementor-field elementor-size-sm  elementor-field-textual\" required=\"required\">\n\t\t\t\t\t\t\t\t\t\t\t<\/div>\n\t\t\t\t\t\t\t\t<div class=\"elementor-field-type-tel elementor-field-group elementor-column elementor-field-group-field_859852b elementor-col-100 elementor-field-required\">\n\t\t\t\t\t\t\t\t\t\t\t\t<label for=\"form-field-field_859852b\" class=\"elementor-field-label\">\n\t\t\t\t\t\t\t\tTel\u00e8fon*\t\t\t\t\t\t\t<\/label>\n\t\t\t\t\t\t\t\t<input size=\"1\" type=\"tel\" name=\"form_fields[field_859852b]\" id=\"form-field-field_859852b\" class=\"elementor-field elementor-size-sm  elementor-field-textual\" required=\"required\" pattern=\"[0-9()#&amp;+*-=.]+\" title=\"Nom\u00e9s s&#039;accepten n\u00fameros i car\u00e0cters de tel\u00e8fon (#, -, *, etc.).\" data-no-translation-title=\"\">\n\n\t\t\t\t\t\t<\/div>\n\t\t\t\t\t\t\t\t<div class=\"elementor-field-type-textarea elementor-field-group elementor-column elementor-field-group-message elementor-col-100 elementor-field-required\">\n\t\t\t\t\t\t\t\t\t\t\t\t<label for=\"form-field-message\" class=\"elementor-field-label\">\n\t\t\t\t\t\t\t\tMissatge*\t\t\t\t\t\t\t<\/label>\n\t\t\t\t\t\t<textarea class=\"elementor-field-textual elementor-field  elementor-size-sm\" name=\"form_fields[message]\" id=\"form-field-message\" rows=\"4\" required=\"required\"><\/textarea>\t\t\t\t<\/div>\n\t\t\t\t\t\t\t\t<div class=\"elementor-field-type-acceptance elementor-field-group elementor-column elementor-field-group-field_531ca8f elementor-col-100 elementor-field-required\">\n\t\t\t\t\t\t\t<div class=\"elementor-field-subgroup\">\n\t\t\t<span class=\"elementor-field-option\">\n\t\t\t\t<input type=\"checkbox\" name=\"form_fields[field_531ca8f]\" id=\"form-field-field_531ca8f\" class=\"elementor-field elementor-size-sm  elementor-acceptance-field\" required=\"required\">\n\t\t\t\t<label for=\"form-field-field_531ca8f\"><span >Accepto la <a href=\"https:\/\/tframesport.com\/ca\/politica-de-privacidad\/\">pol\u00edtica de privadesa<\/a> i la tramesa d&#039;informaci\u00f3.<\/span><\/label>\t\t\t<\/span>\n\t\t<\/div>\n\t\t\t\t\t\t<\/div>\n\t\t\t\t\t\t\t\t<div class=\"elementor-field-type-recaptcha_v3 elementor-field-group elementor-column elementor-field-group-field_cc39f3d elementor-col-100 recaptcha_v3-bottomleft\">\n\t\t\t\t\t<div class=\"elementor-field\" id=\"form-field-field_cc39f3d\"><div class=\"elementor-g-recaptcha\" data-sitekey=\"6Ldv0KMqAAAAAEi7JXvVAPnVNtIdk63sT4hkFePy\" data-type=\"v3\" data-action=\"Form\" data-badge=\"bottomleft\" data-size=\"invisible\"><\/div><\/div>\t\t\t\t<\/div>\n\t\t\t\t\t\t\t\t<div class=\"elementor-field-type-text\">\n\t\t\t\t\t<input size=\"1\" type=\"text\" name=\"form_fields[field_37a2a12]\" id=\"form-field-field_37a2a12\" class=\"elementor-field elementor-size-sm\" style=\"display:none !important;\">\t\t\t\t<\/div>\n\t\t\t\t\t\t\t\t<div class=\"elementor-field-group elementor-column elementor-field-type-submit elementor-col-100 e-form__buttons\">\n\t\t\t\t\t<button class=\"elementor-button elementor-size-sm\" type=\"submit\">\n\t\t\t\t\t\t<span class=\"elementor-button-content-wrapper\">\n\t\t\t\t\t\t\t\t\t\t\t\t\t\t\t\t\t\t\t\t\t\t<span class=\"elementor-button-text\">Enviar<\/span>\n\t\t\t\t\t\t\t\t\t\t\t\t\t<\/span>\n\t\t\t\t\t<\/button>\n\t\t\t\t<\/div>\n\t\t\t<\/div>\n\t\t<input type=\"hidden\" name=\"trp-form-language\" value=\"ca\"\/><\/form>\n\t\t\t\t\t\t<\/div>\n\t\t\t\t<\/div>\n\t\t\t\t<\/div>\n\t\t\t\t<\/div>\n\t\t\t\t\t<\/div>\n\t\t\t\t<\/div>\n\t\t\t\t<\/div>","protected":false},"excerpt":{"rendered":"<p>Emmarcar samarretes en metacrilat a Granollers No totes les samarretes s\u00f3n iguals. Algunes tenen suor d&#039;esfor\u00e7, d&#039;altres estan signades per \u00eddols, i moltes s&#039;associen a moments \u00fanics. Per\u00f2 totes tenen alguna cosa en com\u00fa: si no es protegeixen adequadament, el pas del temps les deteriora. Colors que s&#039;apaguen, teixits que es deformen i [\u2026]<\/p>","protected":false},"author":2,"featured_media":0,"parent":0,"menu_order":0,"comment_status":"closed","ping_status":"closed","template":"","meta":{"footnotes":""},"class_list":["post-1419","page","type-page","status-publish","hentry"],"yoast_head":"<!-- This site is optimized with the Yoast SEO plugin v26.3 - https:\/\/yoast.com\/wordpress\/plugins\/seo\/ -->\n<title>Enmarcar camisetas en metacrilato en Granollers - T-Frame<\/title>\n<meta name=\"robots\" content=\"index, follow, max-snippet:-1, max-image-preview:large, max-video-preview:-1\" \/>\n<link rel=\"canonical\" href=\"https:\/\/tframesport.com\/ca\/enmarcar-camisetas-en-metacrilato-en-granollers\/\" \/>\n<meta property=\"og:locale\" content=\"ca_ES\" \/>\n<meta property=\"og:type\" content=\"article\" \/>\n<meta property=\"og:title\" content=\"Enmarcar camisetas en metacrilato en Granollers - T-Frame\" \/>\n<meta property=\"og:description\" content=\"Enmarcar camisetas en metacrilato en Granollers No todas las camisetas son iguales. Algunas guardan sudor de esfuerzo, otras est\u00e1n firmadas por \u00eddolos, y muchas se asocian a momentos \u00fanicos. Pero todas tienen algo en com\u00fan: si no se protegen adecuadamente, el paso del tiempo las deteriora. Colores que se apagan, tejidos que se deforman y [&hellip;]\" \/>\n<meta property=\"og:url\" content=\"https:\/\/tframesport.com\/ca\/enmarcar-camisetas-en-metacrilato-en-granollers\/\" \/>\n<meta property=\"og:site_name\" content=\"T-Frame\" \/>\n<meta property=\"article:modified_time\" content=\"2025-05-28T09:25:05+00:00\" \/>\n<meta name=\"twitter:card\" content=\"summary_large_image\" \/>\n<meta name=\"twitter:label1\" content=\"Temps estimat de lectura\" \/>\n\t<meta name=\"twitter:data1\" content=\"3 minuts\" \/>\n<script type=\"application\/ld+json\" class=\"yoast-schema-graph\">{\"@context\":\"https:\/\/schema.org\",\"@graph\":[{\"@type\":\"WebPage\",\"@id\":\"https:\/\/tframesport.com\/enmarcar-camisetas-en-metacrilato-en-granollers\/\",\"url\":\"https:\/\/tframesport.com\/enmarcar-camisetas-en-metacrilato-en-granollers\/\",\"name\":\"Enmarcar camisetas en metacrilato en Granollers - T-Frame\",\"isPartOf\":{\"@id\":\"https:\/\/tframesport.com\/#website\"},\"datePublished\":\"2025-05-28T09:23:28+00:00\",\"dateModified\":\"2025-05-28T09:25:05+00:00\",\"breadcrumb\":{\"@id\":\"https:\/\/tframesport.com\/enmarcar-camisetas-en-metacrilato-en-granollers\/#breadcrumb\"},\"inLanguage\":\"ca\",\"potentialAction\":[{\"@type\":\"ReadAction\",\"target\":[\"https:\/\/tframesport.com\/enmarcar-camisetas-en-metacrilato-en-granollers\/\"]}]},{\"@type\":\"BreadcrumbList\",\"@id\":\"https:\/\/tframesport.com\/enmarcar-camisetas-en-metacrilato-en-granollers\/#breadcrumb\",\"itemListElement\":[{\"@type\":\"ListItem\",\"position\":1,\"name\":\"Portada\",\"item\":\"https:\/\/tframesport.com\/\"},{\"@type\":\"ListItem\",\"position\":2,\"name\":\"Enmarcar camisetas en metacrilato en Granollers\"}]},{\"@type\":\"WebSite\",\"@id\":\"https:\/\/tframesport.com\/#website\",\"url\":\"https:\/\/tframesport.com\/\",\"name\":\"T-Frame\",\"description\":\"Enmarca lo que amas, protege lo que importa\",\"publisher\":{\"@id\":\"https:\/\/tframesport.com\/#organization\"},\"potentialAction\":[{\"@type\":\"SearchAction\",\"target\":{\"@type\":\"EntryPoint\",\"urlTemplate\":\"https:\/\/tframesport.com\/?s={search_term_string}\"},\"query-input\":{\"@type\":\"PropertyValueSpecification\",\"valueRequired\":true,\"valueName\":\"search_term_string\"}}],\"inLanguage\":\"ca\"},{\"@type\":\"Organization\",\"@id\":\"https:\/\/tframesport.com\/#organization\",\"name\":\"T-Frame\",\"url\":\"https:\/\/tframesport.com\/\",\"logo\":{\"@type\":\"ImageObject\",\"inLanguage\":\"ca\",\"@id\":\"https:\/\/tframesport.com\/#\/schema\/logo\/image\/\",\"url\":\"https:\/\/tframesport.com\/wp-content\/uploads\/2024\/11\/2.png\",\"contentUrl\":\"https:\/\/tframesport.com\/wp-content\/uploads\/2024\/11\/2.png\",\"width\":800,\"height\":500,\"caption\":\"T-Frame\"},\"image\":{\"@id\":\"https:\/\/tframesport.com\/#\/schema\/logo\/image\/\"}}]}<\/script>\n<!-- \/ Yoast SEO plugin. -->","yoast_head_json":{"title":"Enmarcar camisetas en metacrilato en Granollers - T-Frame","robots":{"index":"index","follow":"follow","max-snippet":"max-snippet:-1","max-image-preview":"max-image-preview:large","max-video-preview":"max-video-preview:-1"},"canonical":"https:\/\/tframesport.com\/ca\/enmarcar-camisetas-en-metacrilato-en-granollers\/","og_locale":"ca_ES","og_type":"article","og_title":"Enmarcar camisetas en metacrilato en Granollers - T-Frame","og_description":"Enmarcar camisetas en metacrilato en Granollers No todas las camisetas son iguales. Algunas guardan sudor de esfuerzo, otras est\u00e1n firmadas por \u00eddolos, y muchas se asocian a momentos \u00fanicos. Pero todas tienen algo en com\u00fan: si no se protegen adecuadamente, el paso del tiempo las deteriora. Colores que se apagan, tejidos que se deforman y [&hellip;]","og_url":"https:\/\/tframesport.com\/ca\/enmarcar-camisetas-en-metacrilato-en-granollers\/","og_site_name":"T-Frame","article_modified_time":"2025-05-28T09:25:05+00:00","twitter_card":"summary_large_image","twitter_misc":{"Temps estimat de lectura":"3 minuts"},"schema":{"@context":"https:\/\/schema.org","@graph":[{"@type":"WebPage","@id":"https:\/\/tframesport.com\/enmarcar-camisetas-en-metacrilato-en-granollers\/","url":"https:\/\/tframesport.com\/enmarcar-camisetas-en-metacrilato-en-granollers\/","name":"Enmarcar camisetas en metacrilato en Granollers - T-Frame","isPartOf":{"@id":"https:\/\/tframesport.com\/#website"},"datePublished":"2025-05-28T09:23:28+00:00","dateModified":"2025-05-28T09:25:05+00:00","breadcrumb":{"@id":"https:\/\/tframesport.com\/enmarcar-camisetas-en-metacrilato-en-granollers\/#breadcrumb"},"inLanguage":"ca","potentialAction":[{"@type":"ReadAction","target":["https:\/\/tframesport.com\/enmarcar-camisetas-en-metacrilato-en-granollers\/"]}]},{"@type":"BreadcrumbList","@id":"https:\/\/tframesport.com\/enmarcar-camisetas-en-metacrilato-en-granollers\/#breadcrumb","itemListElement":[{"@type":"ListItem","position":1,"name":"Portada","item":"https:\/\/tframesport.com\/"},{"@type":"ListItem","position":2,"name":"Enmarcar camisetas en metacrilato en Granollers"}]},{"@type":"WebSite","@id":"https:\/\/tframesport.com\/#website","url":"https:\/\/tframesport.com\/","name":"T-Frame","description":"Emmarca el que estimes, protegeix el que importa","publisher":{"@id":"https:\/\/tframesport.com\/#organization"},"potentialAction":[{"@type":"SearchAction","target":{"@type":"EntryPoint","urlTemplate":"https:\/\/tframesport.com\/?s={search_term_string}"},"query-input":{"@type":"PropertyValueSpecification","valueRequired":true,"valueName":"search_term_string"}}],"inLanguage":"ca"},{"@type":"Organization","@id":"https:\/\/tframesport.com\/#organization","name":"T-Frame","url":"https:\/\/tframesport.com\/","logo":{"@type":"ImageObject","inLanguage":"ca","@id":"https:\/\/tframesport.com\/#\/schema\/logo\/image\/","url":"https:\/\/tframesport.com\/wp-content\/uploads\/2024\/11\/2.png","contentUrl":"https:\/\/tframesport.com\/wp-content\/uploads\/2024\/11\/2.png","width":800,"height":500,"caption":"T-Frame"},"image":{"@id":"https:\/\/tframesport.com\/#\/schema\/logo\/image\/"}}]}},"_links":{"self":[{"href":"https:\/\/tframesport.com\/ca\/wp-json\/wp\/v2\/pages\/1419","targetHints":{"allow":["GET"]}}],"collection":[{"href":"https:\/\/tframesport.com\/ca\/wp-json\/wp\/v2\/pages"}],"about":[{"href":"https:\/\/tframesport.com\/ca\/wp-json\/wp\/v2\/types\/page"}],"author":[{"embeddable":true,"href":"https:\/\/tframesport.com\/ca\/wp-json\/wp\/v2\/users\/2"}],"replies":[{"embeddable":true,"href":"https:\/\/tframesport.com\/ca\/wp-json\/wp\/v2\/comments?post=1419"}],"version-history":[{"count":4,"href":"https:\/\/tframesport.com\/ca\/wp-json\/wp\/v2\/pages\/1419\/revisions"}],"predecessor-version":[{"id":1423,"href":"https:\/\/tframesport.com\/ca\/wp-json\/wp\/v2\/pages\/1419\/revisions\/1423"}],"wp:attachment":[{"href":"https:\/\/tframesport.com\/ca\/wp-json\/wp\/v2\/media?parent=1419"}],"curies":[{"name":"wp","href":"https:\/\/api.w.org\/{rel}","templated":true}]}}