{"id":1414,"date":"2025-05-28T11:20:29","date_gmt":"2025-05-28T09:20:29","guid":{"rendered":"https:\/\/tframesport.com\/?page_id=1414"},"modified":"2025-05-28T11:23:18","modified_gmt":"2025-05-28T09:23:18","slug":"enmarcar-camisetas-en-metacrilato-en-sabadell","status":"publish","type":"page","link":"https:\/\/tframesport.com\/ca\/enmarcar-camisetas-en-metacrilato-en-sabadell\/","title":{"rendered":"Emmarcar samarretes de metacrilat a Sabadell"},"content":{"rendered":"<div data-elementor-type=\"wp-page\" data-elementor-id=\"1414\" class=\"elementor elementor-1414\" data-elementor-post-type=\"page\">\n\t\t\t\t<div class=\"elementor-element elementor-element-4ff7dde e-flex e-con-boxed e-con e-parent\" data-id=\"4ff7dde\" data-element_type=\"container\" data-settings=\"{&quot;background_background&quot;:&quot;classic&quot;,&quot;jet_parallax_layout_list&quot;:[]}\">\n\t\t\t\t\t<div class=\"e-con-inner\">\n\t\t\t\t<div class=\"elementor-element elementor-element-96584c3 elementor-widget elementor-widget-heading\" data-id=\"96584c3\" data-element_type=\"widget\" data-widget_type=\"heading.default\">\n\t\t\t\t<div class=\"elementor-widget-container\">\n\t\t\t\t\t<h1 class=\"elementor-heading-title elementor-size-default\">Emmarcar samarretes de metacrilat a Sabadell<\/h1>\t\t\t\t<\/div>\n\t\t\t\t<\/div>\n\t\t\t\t\t<\/div>\n\t\t\t\t<\/div>\n\t\t<div class=\"elementor-element elementor-element-de11fe5 e-flex e-con-boxed e-con e-parent\" data-id=\"de11fe5\" data-element_type=\"container\" data-settings=\"{&quot;jet_parallax_layout_list&quot;:[]}\">\n\t\t\t\t\t<div class=\"e-con-inner\">\n\t\t<div class=\"elementor-element elementor-element-381d0c9 e-con-full e-flex e-con e-child\" data-id=\"381d0c9\" data-element_type=\"container\" data-settings=\"{&quot;jet_parallax_layout_list&quot;:[],&quot;background_background&quot;:&quot;classic&quot;}\">\n\t\t\t\t<\/div>\n\t\t<div class=\"elementor-element elementor-element-8d27f53 e-con-full e-flex e-con e-child\" data-id=\"8d27f53\" data-element_type=\"container\" data-settings=\"{&quot;jet_parallax_layout_list&quot;:[]}\">\n\t\t\t\t<div class=\"elementor-element elementor-element-42d6cbf elementor-widget elementor-widget-text-editor\" data-id=\"42d6cbf\" data-element_type=\"widget\" data-widget_type=\"text-editor.default\">\n\t\t\t\t<div class=\"elementor-widget-container\">\n\t\t\t\t\t\t\t\t\t<p data-start=\"394\" data-end=\"848\">Sabadell respira esport. Des dels camps de futbol base fins als grans esdeveniments locals, passant per les samarretes signades, els uniformes hist\u00f2rics o aquelles peces que van marcar un abans i un despr\u00e9s a la vida de molts. Per aix\u00f2, <strong data-start=\"629\" data-end=\"678\">emmarcar samarretes en metacrilat a Sabadell<\/strong> s&#039;ha convertit en una manera intel\u00b7ligent de preservar viv\u00e8ncies, \u00e8xits i emocions. I si busques fer-ho amb qualitat, durabilitat i disseny, T-Frame \u00e9s el teu millor aliat.<\/p><p data-start=\"850\" data-end=\"1122\">No totes les samarretes mereixen quedar-se en un calaix. Algunes representen hist\u00f2ries. A T-Frame t&#039;ajudem a fer que aquestes hist\u00f2ries tinguin un lloc destacat a la teva llar, negoci o espai esportiu, protegides amb la m\u00e0xima tecnologia i el millor acabat est\u00e8tic del mercat.<\/p><h3 data-start=\"1129\" data-end=\"1230\">Emmarcar samarretes en metacrilat a Sabadell: una soluci\u00f3 duradora per conservar all\u00f2 que importa<\/h3><p data-start=\"1232\" data-end=\"1581\">Quan parlem de samarretes que signifiquen alguna cosa, tamb\u00e9 parlem de conservaci\u00f3. L&#039;exposici\u00f3 a la llum solar, la pols i el pas del temps pot fer malb\u00e9 els colors, deformar el teixit i arru\u00efnar firmes irrepetibles. Per aix\u00f2, <strong data-start=\"1461\" data-end=\"1510\">emmarcar samarretes en metacrilat a Sabadell<\/strong> no nom\u00e9s \u00e9s una elecci\u00f3 est\u00e8tica, sin\u00f3 tamb\u00e9 una decisi\u00f3 funcional.<\/p><p data-start=\"1583\" data-end=\"2041\">T-Frame ha desenvolupat un sistema exclusiu que permet <strong data-start=\"1640\" data-end=\"1689\">emmarcar samarretes en metacrilat a Sabadell<\/strong> amb total seguretat. Utilitzem metacrilat d&#039;alta transpar\u00e8ncia amb <strong data-start=\"1760\" data-end=\"1777\">protecci\u00f3 UV<\/strong>, el que evita que els raigs solars danyin els colors de la teva pe\u00e7a. A m\u00e9s, aquest material ofereix una visibilitat cristal\u00b7lina i \u00e9s molt m\u00e9s resistent que el vidre tradicional, fet que el converteix en una opci\u00f3 perfecta per a espais concorreguts o d&#039;\u00fas p\u00fablic.<\/p><p data-start=\"1457\" data-end=\"1846\">\u00a0<\/p>\t\t\t\t\t\t\t\t<\/div>\n\t\t\t\t<\/div>\n\t\t\t\t<\/div>\n\t\t\t\t\t<\/div>\n\t\t\t\t<\/div>\n\t\t<div class=\"elementor-element elementor-element-7a32a1f e-flex e-con-boxed e-con e-parent\" data-id=\"7a32a1f\" data-element_type=\"container\" data-settings=\"{&quot;jet_parallax_layout_list&quot;:[],&quot;background_background&quot;:&quot;classic&quot;}\">\n\t\t\t\t\t<div class=\"e-con-inner\">\n\t\t<div class=\"elementor-element elementor-element-7f9c90c e-con-full e-flex e-con e-child\" data-id=\"7f9c90c\" data-element_type=\"container\" data-settings=\"{&quot;jet_parallax_layout_list&quot;:[]}\">\n\t\t\t\t<div class=\"elementor-element elementor-element-bd4d279 elementor-widget elementor-widget-text-editor\" data-id=\"bd4d279\" data-element_type=\"widget\" data-widget_type=\"text-editor.default\">\n\t\t\t\t<div class=\"elementor-widget-container\">\n\t\t\t\t\t\t\t\t\t<h3 data-start=\"2283\" data-end=\"2362\">Emmarcar samarretes de metacrilat a Sabadell: decora amb identitat i passi\u00f3<\/h3><p data-start=\"2364\" data-end=\"2623\">Una samarreta ben emmarcada no nom\u00e9s es protegeix: tamb\u00e9 decora, comunica i emociona. Ja sigui en una botiga, un gimn\u00e0s, una oficina o el teu sal\u00f3, <strong data-start=\"2508\" data-end=\"2557\">emmarcar samarretes en metacrilat a Sabadell<\/strong> \u00e9s una manera de mostrar qui ets, qu\u00e8 has viscut i qu\u00e8 valores.<\/p><p data-start=\"2625\" data-end=\"2920\">A T-Frame no creiem en solucions gen\u00e8riques. Els nostres marcs estan dissenyats per integrar-se a qualsevol espai, gr\u00e0cies a un disseny net, modern i personalitzable. Pots triar el color del fons, l&#039;orientaci\u00f3 i altres detalls perqu\u00e8 el resultat final sigui exactament com t&#039;imagines.<\/p><p data-start=\"2922\" data-end=\"3168\">Ets aficionat al Centre d&#039;Esports Sabadell? Vas participar a la Mitja Marat\u00f3 o en un torneig local inoblidable? Tens una samarreta signada que t&#039;agradaria destacar? T-Frame t&#039;ofereix una soluci\u00f3 professional i est\u00e8tica per fer-ho realitat.<\/p><p data-start=\"3170\" data-end=\"3464\">A m\u00e9s, el nostre marc no nom\u00e9s \u00e9s una pe\u00e7a decorativa: \u00e9s tamb\u00e9 una manera de refor\u00e7ar la teva marca si tens un negoci. Molts clubs, botigues esportives i centres d&#039;entrenament ja confien en nosaltres per <strong data-start=\"3378\" data-end=\"3427\">emmarcar samarretes en metacrilat a Sabadell<\/strong> i crear espais amb \u00e0nima esportiva.<\/p>\t\t\t\t\t\t\t\t<\/div>\n\t\t\t\t<\/div>\n\t\t\t\t<\/div>\n\t\t<div class=\"elementor-element elementor-element-60de7fc e-con-full e-flex e-con e-child\" data-id=\"60de7fc\" data-element_type=\"container\" data-settings=\"{&quot;jet_parallax_layout_list&quot;:[],&quot;background_background&quot;:&quot;classic&quot;}\">\n\t\t\t\t<\/div>\n\t\t\t\t\t<\/div>\n\t\t\t\t<\/div>\n\t\t<div class=\"elementor-element elementor-element-3d34a26 e-flex e-con-boxed e-con e-parent\" data-id=\"3d34a26\" data-element_type=\"container\" data-settings=\"{&quot;background_background&quot;:&quot;classic&quot;,&quot;jet_parallax_layout_list&quot;:[]}\">\n\t\t\t\t\t<div class=\"e-con-inner\">\n\t\t<div class=\"elementor-element elementor-element-97cbd8d e-con-full e-flex e-con e-child\" data-id=\"97cbd8d\" data-element_type=\"container\" data-settings=\"{&quot;jet_parallax_layout_list&quot;:[]}\">\n\t\t<div class=\"elementor-element elementor-element-8a557bb e-con-full e-flex e-con e-child\" data-id=\"8a557bb\" data-element_type=\"container\" data-settings=\"{&quot;jet_parallax_layout_list&quot;:[]}\">\n\t\t\t\t<div class=\"elementor-element elementor-element-98eb872 elementor-widget elementor-widget-heading\" data-id=\"98eb872\" data-element_type=\"widget\" data-widget_type=\"heading.default\">\n\t\t\t\t<div class=\"elementor-widget-container\">\n\t\t\t\t\t<h2 class=\"elementor-heading-title elementor-size-default\">Tens alguna pregunta? <br>Som aqu\u00ed per ajudar-te.<\/h2>\t\t\t\t<\/div>\n\t\t\t\t<\/div>\n\t\t\t\t<div class=\"elementor-element elementor-element-2561332 elementor-widget__width-initial elementor-widget elementor-widget-text-editor\" data-id=\"2561332\" data-element_type=\"widget\" data-widget_type=\"text-editor.default\">\n\t\t\t\t<div class=\"elementor-widget-container\">\n\t\t\t\t\t\t\t\t\t<p><span style=\"font-weight: 400;\">A T-FRAME volem que tinguis la millor experi\u00e8ncia possible, per aix\u00f2 estem disponibles per respondre qualsevol dubte o consulta que tinguis sobre els nostres marcs per a samarretes.\u00a0<\/span><\/p><p><span style=\"font-weight: 400;\">Completa el formulari a continuaci\u00f3 i ens posarem en contacte amb tu r\u00e0pidament!<\/span><\/p>\t\t\t\t\t\t\t\t<\/div>\n\t\t\t\t<\/div>\n\t\t\t\t<div class=\"elementor-element elementor-element-c626da8 elementor-widget elementor-widget-heading\" data-id=\"c626da8\" data-element_type=\"widget\" data-widget_type=\"heading.default\">\n\t\t\t\t<div class=\"elementor-widget-container\">\n\t\t\t\t\t<h2 class=\"elementor-heading-title elementor-size-default\">O contacta&#039;ns directament mitjan\u00e7ant:<\/h2>\t\t\t\t<\/div>\n\t\t\t\t<\/div>\n\t\t\t\t<div class=\"elementor-element elementor-element-8a4ed11 elementor-mobile-align-left elementor-icon-list--layout-traditional elementor-list-item-link-full_width elementor-widget elementor-widget-icon-list\" data-id=\"8a4ed11\" data-element_type=\"widget\" data-widget_type=\"icon-list.default\">\n\t\t\t\t<div class=\"elementor-widget-container\">\n\t\t\t\t\t\t\t<ul class=\"elementor-icon-list-items\">\n\t\t\t\t\t\t\t<li class=\"elementor-icon-list-item\">\n\t\t\t\t\t\t\t\t\t\t\t<a href=\"mailto:info@tframesport.com\" target=\"_blank\">\n\n\t\t\t\t\t\t\t\t\t\t\t\t<span class=\"elementor-icon-list-icon\">\n\t\t\t\t\t\t\t<svg aria-hidden=\"true\" class=\"e-font-icon-svg e-fas-envelope\" viewbox=\"0 0 512 512\" xmlns=\"http:\/\/www.w3.org\/2000\/svg\"><path d=\"M502.3 190.8c3.9-3.1 9.7-.2 9.7 4.7V400c0 26.5-21.5 48-48 48H48c-26.5 0-48-21.5-48-48V195.6c0-5 5.7-7.8 9.7-4.7 22.4 17.4 52.1 39.5 154.1 113.6 21.1 15.4 56.7 47.8 92.2 47.6 35.7.3 72-32.8 92.3-47.6 102-74.1 131.6-96.3 154-113.7zM256 320c23.2.4 56.6-29.2 73.4-41.4 132.7-96.3 142.8-104.7 173.4-128.7 5.8-4.5 9.2-11.5 9.2-18.9v-19c0-26.5-21.5-48-48-48H48C21.5 64 0 85.5 0 112v19c0 7.4 3.4 14.3 9.2 18.9 30.6 23.9 40.7 32.4 173.4 128.7 16.8 12.2 50.2 41.8 73.4 41.4z\"><\/path><\/svg>\t\t\t\t\t\t<\/span>\n\t\t\t\t\t\t\t\t\t\t<span class=\"elementor-icon-list-text\">info@tframesport.com<\/span>\n\t\t\t\t\t\t\t\t\t\t\t<\/a>\n\t\t\t\t\t\t\t\t\t<\/li>\n\t\t\t\t\t\t<\/ul>\n\t\t\t\t\t\t<\/div>\n\t\t\t\t<\/div>\n\t\t\t\t<\/div>\n\t\t<div class=\"elementor-element elementor-element-5af7de6 e-con-full e-flex e-con e-child\" data-id=\"5af7de6\" data-element_type=\"container\" data-settings=\"{&quot;background_background&quot;:&quot;classic&quot;,&quot;jet_parallax_layout_list&quot;:[]}\">\n\t\t\t\t<div class=\"elementor-element elementor-element-7ad3de0 elementor-button-align-stretch elementor-widget elementor-widget-form\" data-id=\"7ad3de0\" data-element_type=\"widget\" data-settings=\"{&quot;step_next_label&quot;:&quot;Next&quot;,&quot;step_previous_label&quot;:&quot;Previous&quot;,&quot;button_width&quot;:&quot;100&quot;,&quot;step_type&quot;:&quot;number_text&quot;,&quot;step_icon_shape&quot;:&quot;circle&quot;}\" data-widget_type=\"form.default\">\n\t\t\t\t<div class=\"elementor-widget-container\">\n\t\t\t\t\t\t\t<form class=\"elementor-form\" method=\"post\" name=\"Nou formulari\" aria-label=\"Nou formulari\" action=\"\">\n\t\t\t<input type=\"hidden\" name=\"post_id\" value=\"1414\"\/>\n\t\t\t<input type=\"hidden\" name=\"form_id\" value=\"7ad3de0\"\/>\n\t\t\t<input type=\"hidden\" name=\"referer_title\" value=\"Enmarcar camisetas en metacrilato en Sabadell - T-Frame\" \/>\n\n\t\t\t\t\t\t\t<input type=\"hidden\" name=\"queried_id\" value=\"1414\"\/>\n\t\t\t\n\t\t\t<div class=\"elementor-form-fields-wrapper elementor-labels-above\">\n\t\t\t\t\t\t\t\t<div class=\"elementor-field-type-text elementor-field-group elementor-column elementor-field-group-name elementor-col-50 elementor-field-required\">\n\t\t\t\t\t\t\t\t\t\t\t\t<label for=\"form-field-name\" class=\"elementor-field-label\">\n\t\t\t\t\t\t\t\tNom*\t\t\t\t\t\t\t<\/label>\n\t\t\t\t\t\t\t\t\t\t\t\t\t\t<input size=\"1\" type=\"text\" name=\"form_fields[name]\" id=\"form-field-name\" class=\"elementor-field elementor-size-sm  elementor-field-textual\" required=\"required\">\n\t\t\t\t\t\t\t\t\t\t\t<\/div>\n\t\t\t\t\t\t\t\t<div class=\"elementor-field-type-email elementor-field-group elementor-column elementor-field-group-email elementor-col-50 elementor-field-required\">\n\t\t\t\t\t\t\t\t\t\t\t\t<label for=\"form-field-email\" class=\"elementor-field-label\">\n\t\t\t\t\t\t\t\tCorreu electr\u00f2nic*\t\t\t\t\t\t\t<\/label>\n\t\t\t\t\t\t\t\t\t\t\t\t\t\t<input size=\"1\" type=\"email\" name=\"form_fields[email]\" id=\"form-field-email\" class=\"elementor-field elementor-size-sm  elementor-field-textual\" required=\"required\">\n\t\t\t\t\t\t\t\t\t\t\t<\/div>\n\t\t\t\t\t\t\t\t<div class=\"elementor-field-type-tel elementor-field-group elementor-column elementor-field-group-field_859852b elementor-col-100 elementor-field-required\">\n\t\t\t\t\t\t\t\t\t\t\t\t<label for=\"form-field-field_859852b\" class=\"elementor-field-label\">\n\t\t\t\t\t\t\t\tTel\u00e8fon*\t\t\t\t\t\t\t<\/label>\n\t\t\t\t\t\t\t\t<input size=\"1\" type=\"tel\" name=\"form_fields[field_859852b]\" id=\"form-field-field_859852b\" class=\"elementor-field elementor-size-sm  elementor-field-textual\" required=\"required\" pattern=\"[0-9()#&amp;+*-=.]+\" title=\"Only numbers and phone characters (#, -, *, etc) are accepted.\" data-no-translation-title=\"\">\n\n\t\t\t\t\t\t<\/div>\n\t\t\t\t\t\t\t\t<div class=\"elementor-field-type-textarea elementor-field-group elementor-column elementor-field-group-message elementor-col-100 elementor-field-required\">\n\t\t\t\t\t\t\t\t\t\t\t\t<label for=\"form-field-message\" class=\"elementor-field-label\">\n\t\t\t\t\t\t\t\tMissatge*\t\t\t\t\t\t\t<\/label>\n\t\t\t\t\t\t<textarea class=\"elementor-field-textual elementor-field  elementor-size-sm\" name=\"form_fields[message]\" id=\"form-field-message\" rows=\"4\" required=\"required\"><\/textarea>\t\t\t\t<\/div>\n\t\t\t\t\t\t\t\t<div class=\"elementor-field-type-acceptance elementor-field-group elementor-column elementor-field-group-field_531ca8f elementor-col-100 elementor-field-required\">\n\t\t\t\t\t\t\t<div class=\"elementor-field-subgroup\">\n\t\t\t<span class=\"elementor-field-option\">\n\t\t\t\t<input type=\"checkbox\" name=\"form_fields[field_531ca8f]\" id=\"form-field-field_531ca8f\" class=\"elementor-field elementor-size-sm  elementor-acceptance-field\" required=\"required\">\n\t\t\t\t<label for=\"form-field-field_531ca8f\"><span >Accepto la <a href=\"https:\/\/tframesport.com\/ca\/politica-de-privacidad\/\">pol\u00edtica de privadesa<\/a> i la tramesa d&#039;informaci\u00f3.<\/span><\/label>\t\t\t<\/span>\n\t\t<\/div>\n\t\t\t\t\t\t<\/div>\n\t\t\t\t\t\t\t\t<div class=\"elementor-field-type-recaptcha_v3 elementor-field-group elementor-column elementor-field-group-field_cc39f3d elementor-col-100 recaptcha_v3-bottomleft\">\n\t\t\t\t\t<div class=\"elementor-field\" id=\"form-field-field_cc39f3d\"><div class=\"elementor-g-recaptcha\" data-sitekey=\"6Ldv0KMqAAAAAEi7JXvVAPnVNtIdk63sT4hkFePy\" data-type=\"v3\" data-action=\"Form\" data-badge=\"bottomleft\" data-size=\"invisible\"><\/div><\/div>\t\t\t\t<\/div>\n\t\t\t\t\t\t\t\t<div class=\"elementor-field-type-text\">\n\t\t\t\t\t<input size=\"1\" type=\"text\" name=\"form_fields[field_37a2a12]\" id=\"form-field-field_37a2a12\" class=\"elementor-field elementor-size-sm\" style=\"display:none !important;\">\t\t\t\t<\/div>\n\t\t\t\t\t\t\t\t<div class=\"elementor-field-group elementor-column elementor-field-type-submit elementor-col-100 e-form__buttons\">\n\t\t\t\t\t<button class=\"elementor-button elementor-size-sm\" type=\"submit\">\n\t\t\t\t\t\t<span class=\"elementor-button-content-wrapper\">\n\t\t\t\t\t\t\t\t\t\t\t\t\t\t\t\t\t\t\t\t\t\t<span class=\"elementor-button-text\">Enviar<\/span>\n\t\t\t\t\t\t\t\t\t\t\t\t\t<\/span>\n\t\t\t\t\t<\/button>\n\t\t\t\t<\/div>\n\t\t\t<\/div>\n\t\t<input type=\"hidden\" name=\"trp-form-language\" value=\"ca\"\/><\/form>\n\t\t\t\t\t\t<\/div>\n\t\t\t\t<\/div>\n\t\t\t\t<\/div>\n\t\t\t\t<\/div>\n\t\t\t\t\t<\/div>\n\t\t\t\t<\/div>\n\t\t\t\t<\/div>","protected":false},"excerpt":{"rendered":"<p>Emmarcar samarretes de metacrilat a Sabadell Sabadell respira esport. Des dels camps de futbol base fins als grans esdeveniments locals, passant per les samarretes signades, els uniformes hist\u00f2rics o aquelles peces que van marcar un abans i un despr\u00e9s a la vida de molts. Per aix\u00f2, emmarcar samarretes en metacrilat a Sabadell s&#039;ha convertit en [\u2026]<\/p>","protected":false},"author":2,"featured_media":0,"parent":0,"menu_order":0,"comment_status":"closed","ping_status":"closed","template":"","meta":{"footnotes":""},"class_list":["post-1414","page","type-page","status-publish","hentry"],"yoast_head":"<!-- This site is optimized with the Yoast SEO plugin v26.3 - https:\/\/yoast.com\/wordpress\/plugins\/seo\/ -->\n<title>Enmarcar camisetas en metacrilato en Sabadell - T-Frame<\/title>\n<meta name=\"robots\" content=\"index, follow, max-snippet:-1, max-image-preview:large, max-video-preview:-1\" \/>\n<link rel=\"canonical\" href=\"https:\/\/tframesport.com\/ca\/enmarcar-camisetas-en-metacrilato-en-sabadell\/\" \/>\n<meta property=\"og:locale\" content=\"ca_ES\" \/>\n<meta property=\"og:type\" content=\"article\" \/>\n<meta property=\"og:title\" content=\"Enmarcar camisetas en metacrilato en Sabadell - T-Frame\" \/>\n<meta property=\"og:description\" content=\"Enmarcar camisetas en metacrilato en Sabadell Sabadell respira deporte. Desde los campos de f\u00fatbol base hasta los grandes eventos locales, pasando por las camisetas firmadas, los uniformes hist\u00f3ricos o esas prendas que marcaron un antes y un despu\u00e9s en la vida de muchos. Por eso, enmarcar camisetas en metacrilato en Sabadell se ha convertido en [&hellip;]\" \/>\n<meta property=\"og:url\" content=\"https:\/\/tframesport.com\/ca\/enmarcar-camisetas-en-metacrilato-en-sabadell\/\" \/>\n<meta property=\"og:site_name\" content=\"T-Frame\" \/>\n<meta property=\"article:modified_time\" content=\"2025-05-28T09:23:18+00:00\" \/>\n<meta name=\"twitter:card\" content=\"summary_large_image\" \/>\n<script type=\"application\/ld+json\" class=\"yoast-schema-graph\">{\"@context\":\"https:\/\/schema.org\",\"@graph\":[{\"@type\":\"WebPage\",\"@id\":\"https:\/\/tframesport.com\/enmarcar-camisetas-en-metacrilato-en-sabadell\/\",\"url\":\"https:\/\/tframesport.com\/enmarcar-camisetas-en-metacrilato-en-sabadell\/\",\"name\":\"Enmarcar camisetas en metacrilato en Sabadell - T-Frame\",\"isPartOf\":{\"@id\":\"https:\/\/tframesport.com\/#website\"},\"datePublished\":\"2025-05-28T09:20:29+00:00\",\"dateModified\":\"2025-05-28T09:23:18+00:00\",\"breadcrumb\":{\"@id\":\"https:\/\/tframesport.com\/enmarcar-camisetas-en-metacrilato-en-sabadell\/#breadcrumb\"},\"inLanguage\":\"ca\",\"potentialAction\":[{\"@type\":\"ReadAction\",\"target\":[\"https:\/\/tframesport.com\/enmarcar-camisetas-en-metacrilato-en-sabadell\/\"]}]},{\"@type\":\"BreadcrumbList\",\"@id\":\"https:\/\/tframesport.com\/enmarcar-camisetas-en-metacrilato-en-sabadell\/#breadcrumb\",\"itemListElement\":[{\"@type\":\"ListItem\",\"position\":1,\"name\":\"Portada\",\"item\":\"https:\/\/tframesport.com\/\"},{\"@type\":\"ListItem\",\"position\":2,\"name\":\"Enmarcar camisetas en metacrilato en Sabadell\"}]},{\"@type\":\"WebSite\",\"@id\":\"https:\/\/tframesport.com\/#website\",\"url\":\"https:\/\/tframesport.com\/\",\"name\":\"T-Frame\",\"description\":\"Enmarca lo que amas, protege lo que importa\",\"publisher\":{\"@id\":\"https:\/\/tframesport.com\/#organization\"},\"potentialAction\":[{\"@type\":\"SearchAction\",\"target\":{\"@type\":\"EntryPoint\",\"urlTemplate\":\"https:\/\/tframesport.com\/?s={search_term_string}\"},\"query-input\":{\"@type\":\"PropertyValueSpecification\",\"valueRequired\":true,\"valueName\":\"search_term_string\"}}],\"inLanguage\":\"ca\"},{\"@type\":\"Organization\",\"@id\":\"https:\/\/tframesport.com\/#organization\",\"name\":\"T-Frame\",\"url\":\"https:\/\/tframesport.com\/\",\"logo\":{\"@type\":\"ImageObject\",\"inLanguage\":\"ca\",\"@id\":\"https:\/\/tframesport.com\/#\/schema\/logo\/image\/\",\"url\":\"https:\/\/tframesport.com\/wp-content\/uploads\/2024\/11\/2.png\",\"contentUrl\":\"https:\/\/tframesport.com\/wp-content\/uploads\/2024\/11\/2.png\",\"width\":800,\"height\":500,\"caption\":\"T-Frame\"},\"image\":{\"@id\":\"https:\/\/tframesport.com\/#\/schema\/logo\/image\/\"}}]}<\/script>\n<!-- \/ Yoast SEO plugin. -->","yoast_head_json":{"title":"Enmarcar camisetas en metacrilato en Sabadell - T-Frame","robots":{"index":"index","follow":"follow","max-snippet":"max-snippet:-1","max-image-preview":"max-image-preview:large","max-video-preview":"max-video-preview:-1"},"canonical":"https:\/\/tframesport.com\/ca\/enmarcar-camisetas-en-metacrilato-en-sabadell\/","og_locale":"ca_ES","og_type":"article","og_title":"Enmarcar camisetas en metacrilato en Sabadell - T-Frame","og_description":"Enmarcar camisetas en metacrilato en Sabadell Sabadell respira deporte. Desde los campos de f\u00fatbol base hasta los grandes eventos locales, pasando por las camisetas firmadas, los uniformes hist\u00f3ricos o esas prendas que marcaron un antes y un despu\u00e9s en la vida de muchos. Por eso, enmarcar camisetas en metacrilato en Sabadell se ha convertido en [&hellip;]","og_url":"https:\/\/tframesport.com\/ca\/enmarcar-camisetas-en-metacrilato-en-sabadell\/","og_site_name":"T-Frame","article_modified_time":"2025-05-28T09:23:18+00:00","twitter_card":"summary_large_image","schema":{"@context":"https:\/\/schema.org","@graph":[{"@type":"WebPage","@id":"https:\/\/tframesport.com\/enmarcar-camisetas-en-metacrilato-en-sabadell\/","url":"https:\/\/tframesport.com\/enmarcar-camisetas-en-metacrilato-en-sabadell\/","name":"Enmarcar camisetas en metacrilato en Sabadell - T-Frame","isPartOf":{"@id":"https:\/\/tframesport.com\/#website"},"datePublished":"2025-05-28T09:20:29+00:00","dateModified":"2025-05-28T09:23:18+00:00","breadcrumb":{"@id":"https:\/\/tframesport.com\/enmarcar-camisetas-en-metacrilato-en-sabadell\/#breadcrumb"},"inLanguage":"ca","potentialAction":[{"@type":"ReadAction","target":["https:\/\/tframesport.com\/enmarcar-camisetas-en-metacrilato-en-sabadell\/"]}]},{"@type":"BreadcrumbList","@id":"https:\/\/tframesport.com\/enmarcar-camisetas-en-metacrilato-en-sabadell\/#breadcrumb","itemListElement":[{"@type":"ListItem","position":1,"name":"Portada","item":"https:\/\/tframesport.com\/"},{"@type":"ListItem","position":2,"name":"Enmarcar camisetas en metacrilato en Sabadell"}]},{"@type":"WebSite","@id":"https:\/\/tframesport.com\/#website","url":"https:\/\/tframesport.com\/","name":"T-Frame","description":"Emmarca el que estimes, protegeix el que importa","publisher":{"@id":"https:\/\/tframesport.com\/#organization"},"potentialAction":[{"@type":"SearchAction","target":{"@type":"EntryPoint","urlTemplate":"https:\/\/tframesport.com\/?s={search_term_string}"},"query-input":{"@type":"PropertyValueSpecification","valueRequired":true,"valueName":"search_term_string"}}],"inLanguage":"ca"},{"@type":"Organization","@id":"https:\/\/tframesport.com\/#organization","name":"T-Frame","url":"https:\/\/tframesport.com\/","logo":{"@type":"ImageObject","inLanguage":"ca","@id":"https:\/\/tframesport.com\/#\/schema\/logo\/image\/","url":"https:\/\/tframesport.com\/wp-content\/uploads\/2024\/11\/2.png","contentUrl":"https:\/\/tframesport.com\/wp-content\/uploads\/2024\/11\/2.png","width":800,"height":500,"caption":"T-Frame"},"image":{"@id":"https:\/\/tframesport.com\/#\/schema\/logo\/image\/"}}]}},"_links":{"self":[{"href":"https:\/\/tframesport.com\/ca\/wp-json\/wp\/v2\/pages\/1414","targetHints":{"allow":["GET"]}}],"collection":[{"href":"https:\/\/tframesport.com\/ca\/wp-json\/wp\/v2\/pages"}],"about":[{"href":"https:\/\/tframesport.com\/ca\/wp-json\/wp\/v2\/types\/page"}],"author":[{"embeddable":true,"href":"https:\/\/tframesport.com\/ca\/wp-json\/wp\/v2\/users\/2"}],"replies":[{"embeddable":true,"href":"https:\/\/tframesport.com\/ca\/wp-json\/wp\/v2\/comments?post=1414"}],"version-history":[{"count":4,"href":"https:\/\/tframesport.com\/ca\/wp-json\/wp\/v2\/pages\/1414\/revisions"}],"predecessor-version":[{"id":1418,"href":"https:\/\/tframesport.com\/ca\/wp-json\/wp\/v2\/pages\/1414\/revisions\/1418"}],"wp:attachment":[{"href":"https:\/\/tframesport.com\/ca\/wp-json\/wp\/v2\/media?parent=1414"}],"curies":[{"name":"wp","href":"https:\/\/api.w.org\/{rel}","templated":true}]}}